{"id":4441,"date":"2023-04-28T10:12:17","date_gmt":"2023-04-28T08:12:17","guid":{"rendered":"https:\/\/maarmo.it\/industrie-fuer-gruen\/"},"modified":"2023-11-13T17:18:49","modified_gmt":"2023-11-13T16:18:49","slug":"industrie-fuer-gruen","status":"publish","type":"page","link":"https:\/\/maarmo.it\/de\/industrie-fuer-gruen\/","title":{"rendered":"Industrie f\u00fcr Gr\u00fcn"},"content":{"rendered":"\t\t<div data-elementor-type=\"wp-page\" data-elementor-id=\"4441\" class=\"elementor elementor-4441 elementor-1379\" data-elementor-post-type=\"page\">\n\t\t\t\t\t\t<section class=\"elementor-section elementor-top-section elementor-element elementor-element-f456af2 elementor-section-full_width elementor-section-height-full elementor-section-height-default elementor-section-items-middle\" data-id=\"f456af2\" data-element_type=\"section\" data-settings=\"{&quot;background_background&quot;:&quot;classic&quot;}\">\n\t\t\t\t\t\t\t<div class=\"elementor-background-overlay\"><\/div>\n\t\t\t\t\t\t\t<div class=\"elementor-container elementor-column-gap-default\">\n\t\t\t\t\t<div class=\"elementor-column elementor-col-100 elementor-top-column elementor-element elementor-element-0219aa4\" data-id=\"0219aa4\" data-element_type=\"column\">\n\t\t\t<div class=\"elementor-widget-wrap elementor-element-populated\">\n\t\t\t\t\t\t<section class=\"elementor-section elementor-inner-section elementor-element elementor-element-d4db060 elementor-section-height-min-height elementor-section-content-middle elementor-section-boxed elementor-section-height-default\" data-id=\"d4db060\" data-element_type=\"section\" data-settings=\"{&quot;background_background&quot;:&quot;classic&quot;}\">\n\t\t\t\t\t\t\t<div class=\"elementor-background-overlay\"><\/div>\n\t\t\t\t\t\t\t<div class=\"elementor-container elementor-column-gap-default\">\n\t\t\t\t\t<div class=\"elementor-column elementor-col-100 elementor-inner-column elementor-element elementor-element-b690d59\" data-id=\"b690d59\" data-element_type=\"column\">\n\t\t\t<div class=\"elementor-widget-wrap elementor-element-populated\">\n\t\t\t\t\t\t<div class=\"elementor-element elementor-element-0d8d8c1 elementor-invisible elementor-widget elementor-widget-text-editor\" data-id=\"0d8d8c1\" data-element_type=\"widget\" data-settings=\"{&quot;_animation&quot;:&quot;fadeIn&quot;}\" data-widget_type=\"text-editor.default\">\n\t\t\t\t<div class=\"elementor-widget-container\">\n\t\t\t\t\t\t\t\t\t<h1 style=\"margin-bottom: 0; font-weight: 600; font-size: 50px;\">Industrie f\u00fcr Gr\u00fcn<\/h1>\n\t\t\t\t\t\t\t\t<\/div>\n\t\t\t\t<\/div>\n\t\t\t\t<div class=\"elementor-element elementor-element-68de2a1 elementor-invisible elementor-widget elementor-widget-text-editor\" data-id=\"68de2a1\" data-element_type=\"widget\" data-settings=\"{&quot;motion_fx_motion_fx_mouse&quot;:&quot;yes&quot;,&quot;motion_fx_mouseTrack_effect&quot;:&quot;yes&quot;,&quot;motion_fx_mouseTrack_speed&quot;:{&quot;unit&quot;:&quot;px&quot;,&quot;size&quot;:0.1,&quot;sizes&quot;:[]},&quot;_animation&quot;:&quot;fadeIn&quot;}\" data-widget_type=\"text-editor.default\">\n\t\t\t\t<div class=\"elementor-widget-container\">\n\t\t\t\t\t\t\t\t\t<h2 style=\"margin: 0px; font-size: 30px;\">Ein Auge f\u00fcr die Umwelt!<\/h2>\n\t\t\t\t\t\t\t\t<\/div>\n\t\t\t\t<\/div>\n\t\t\t\t\t<\/div>\n\t\t<\/div>\n\t\t\t\t\t<\/div>\n\t\t<\/section>\n\t\t\t\t\t<\/div>\n\t\t<\/div>\n\t\t\t\t\t<\/div>\n\t\t<\/section>\n\t\t\t\t<section class=\"elementor-section elementor-top-section elementor-element elementor-element-87a5261 elementor-section-boxed elementor-section-height-default elementor-section-height-default\" data-id=\"87a5261\" data-element_type=\"section\">\n\t\t\t\t\t\t<div class=\"elementor-container elementor-column-gap-default\">\n\t\t\t\t\t<div class=\"elementor-column elementor-col-100 elementor-top-column elementor-element elementor-element-81194e2\" data-id=\"81194e2\" data-element_type=\"column\">\n\t\t\t<div class=\"elementor-widget-wrap elementor-element-populated\">\n\t\t\t\t\t\t<div class=\"elementor-element elementor-element-8c69027 elementor-invisible elementor-widget elementor-widget-text-editor\" data-id=\"8c69027\" data-element_type=\"widget\" data-settings=\"{&quot;_animation&quot;:&quot;fadeIn&quot;}\" data-widget_type=\"text-editor.default\">\n\t\t\t\t<div class=\"elementor-widget-container\">\n\t\t\t\t\t\t\t\t\t<h2 style=\"color: #000; font-size:30px; font-weight:600;\">Wir sind Green.<br>\nWir sind im Green.<\/h2>\t\t\t\t\t\t\t\t<\/div>\n\t\t\t\t<\/div>\n\t\t\t\t\t<\/div>\n\t\t<\/div>\n\t\t\t\t\t<\/div>\n\t\t<\/section>\n\t\t\t\t<section class=\"elementor-section elementor-top-section elementor-element elementor-element-b417f9c elementor-section-boxed elementor-section-height-default elementor-section-height-default\" data-id=\"b417f9c\" data-element_type=\"section\">\n\t\t\t\t\t\t<div class=\"elementor-container elementor-column-gap-default\">\n\t\t\t\t\t<div class=\"elementor-column elementor-col-50 elementor-top-column elementor-element elementor-element-0b31771 elementor-invisible\" data-id=\"0b31771\" data-element_type=\"column\" data-settings=\"{&quot;animation&quot;:&quot;slideInLeft&quot;}\">\n\t\t\t<div class=\"elementor-widget-wrap elementor-element-populated\">\n\t\t\t\t\t\t<div class=\"elementor-element elementor-element-07a1bc6 elementor-widget elementor-widget-image\" data-id=\"07a1bc6\" data-element_type=\"widget\" data-widget_type=\"image.default\">\n\t\t\t\t<div class=\"elementor-widget-container\">\n\t\t\t\t\t\t\t\t\t\t\t\t\t\t\t<img fetchpriority=\"high\" decoding=\"async\" width=\"461\" height=\"332\" src=\"https:\/\/maarmo.it\/wp-content\/uploads\/2023\/04\/maarmo-2f-.webp\" class=\"attachment-large size-large wp-image-1393\" alt=\"\" srcset=\"https:\/\/maarmo.it\/wp-content\/uploads\/2023\/04\/maarmo-2f-.webp 461w, https:\/\/maarmo.it\/wp-content\/uploads\/2023\/04\/maarmo-2f--300x216.webp 300w\" sizes=\"(max-width: 461px) 100vw, 461px\" \/>\t\t\t\t\t\t\t\t\t\t\t\t\t\t\t<\/div>\n\t\t\t\t<\/div>\n\t\t\t\t\t<\/div>\n\t\t<\/div>\n\t\t\t\t<div class=\"elementor-column elementor-col-50 elementor-top-column elementor-element elementor-element-c5d9b24 elementor-invisible\" data-id=\"c5d9b24\" data-element_type=\"column\" data-settings=\"{&quot;animation&quot;:&quot;slideInRight&quot;}\">\n\t\t\t<div class=\"elementor-widget-wrap elementor-element-populated\">\n\t\t\t\t\t\t<div class=\"elementor-element elementor-element-31e9e7b elementor-widget elementor-widget-text-editor\" data-id=\"31e9e7b\" data-element_type=\"widget\" data-widget_type=\"text-editor.default\">\n\t\t\t\t<div class=\"elementor-widget-container\">\n\t\t\t\t\t\t\t\t\t<h2 style=\"color: #000; font-size:30px; font-weight:500;\">Alles beginnt hier<\/h2>\n\t\t\t\t\t\t\t\t<\/div>\n\t\t\t\t<\/div>\n\t\t\t\t<div class=\"elementor-element elementor-element-6133318 elementor-widget elementor-widget-text-editor\" data-id=\"6133318\" data-element_type=\"widget\" data-widget_type=\"text-editor.default\">\n\t\t\t\t<div class=\"elementor-widget-container\">\n\t\t\t\t\t\t\t\t\t<p>Ein Ort im Gr\u00fcnen, umgeben von Hektar Land, bedeckt von Weinbergen, wo uns oft majest\u00e4tische Reiher besuchen. Der neue Hauptsitz in Maarmo spiegelt unsere Green-Philosophie wider. Von der Herstellung des Produkts bis zur Auslieferung an den Kunden halten wir ein umweltgerechtes Verhalten ein.<\/p>\n\t\t\t\t\t\t\t\t<\/div>\n\t\t\t\t<\/div>\n\t\t\t\t\t<\/div>\n\t\t<\/div>\n\t\t\t\t\t<\/div>\n\t\t<\/section>\n\t\t\t\t<section class=\"elementor-section elementor-top-section elementor-element elementor-element-24997bc elementor-section-boxed elementor-section-height-default elementor-section-height-default\" data-id=\"24997bc\" data-element_type=\"section\">\n\t\t\t\t\t\t<div class=\"elementor-container elementor-column-gap-default\">\n\t\t\t\t\t<div class=\"elementor-column elementor-col-50 elementor-top-column elementor-element elementor-element-a922817 elementor-invisible\" data-id=\"a922817\" data-element_type=\"column\" data-settings=\"{&quot;animation&quot;:&quot;slideInLeft&quot;}\">\n\t\t\t<div class=\"elementor-widget-wrap elementor-element-populated\">\n\t\t\t\t\t\t<div class=\"elementor-element elementor-element-54fe95c elementor-widget elementor-widget-text-editor\" data-id=\"54fe95c\" data-element_type=\"widget\" data-widget_type=\"text-editor.default\">\n\t\t\t\t<div class=\"elementor-widget-container\">\n\t\t\t\t\t\t\t\t\t<h2 style=\"color: #000; font-size: 30px; font-weight: 500;\">Ein 100% recycelbares Produkt<\/h2>\n\t\t\t\t\t\t\t\t<\/div>\n\t\t\t\t<\/div>\n\t\t\t\t<div class=\"elementor-element elementor-element-3cfc498 elementor-widget elementor-widget-text-editor\" data-id=\"3cfc498\" data-element_type=\"widget\" data-widget_type=\"text-editor.default\">\n\t\t\t\t<div class=\"elementor-widget-container\">\n\t\t\t\t\t\t\t\t\t<p>Die MAARMO-Strahlerplatten aus Marmorpulver stammen aus patentierten Produktionsprozessen und sind vollst\u00e4ndig recycelbar. Am Ende seiner Lebensdauer, nachdem der Marmor von den anderen Elementen getrennt wurde, wird er zerkleinert und zu 100% in Form von Pulver in verschiedenen Bereichen und Anwendungen recycelt. . In diesem Sinne wirkt MAARMO, indem es kreisf\u00f6rmige Materiestr\u00f6me erzeugt, die sich regenerieren k\u00f6nnen. Da alle Produktionsprozesse bei niedrigen Temperaturen durchgef\u00fchrt werden, ist der Energieverbrauch minimal.<\/p>\n\t\t\t\t\t\t\t\t<\/div>\n\t\t\t\t<\/div>\n\t\t\t\t\t<\/div>\n\t\t<\/div>\n\t\t\t\t<div class=\"elementor-column elementor-col-50 elementor-top-column elementor-element elementor-element-0df364b elementor-invisible\" data-id=\"0df364b\" data-element_type=\"column\" data-settings=\"{&quot;animation&quot;:&quot;slideInRight&quot;}\">\n\t\t\t<div class=\"elementor-widget-wrap elementor-element-populated\">\n\t\t\t\t\t\t<div class=\"elementor-element elementor-element-19c5286 elementor-widget elementor-widget-image\" data-id=\"19c5286\" data-element_type=\"widget\" data-widget_type=\"image.default\">\n\t\t\t\t<div class=\"elementor-widget-container\">\n\t\t\t\t\t\t\t\t\t\t\t\t\t\t\t<img decoding=\"async\" src=\"https:\/\/maarmo.it\/wp-content\/uploads\/elementor\/thumbs\/maarmo3f-r14g4chj18m0r66lgx95ijlzfgwrs8c5cwlvzm8oq4.webp\" title=\"maarmo3f\" alt=\"maarmo3f\" loading=\"lazy\" \/>\t\t\t\t\t\t\t\t\t\t\t\t\t\t\t<\/div>\n\t\t\t\t<\/div>\n\t\t\t\t\t<\/div>\n\t\t<\/div>\n\t\t\t\t\t<\/div>\n\t\t<\/section>\n\t\t\t\t<section class=\"elementor-section elementor-top-section elementor-element elementor-element-c736218 elementor-section-full_width elementor-section-height-default elementor-section-height-default\" data-id=\"c736218\" data-element_type=\"section\" data-settings=\"{&quot;background_background&quot;:&quot;classic&quot;}\">\n\t\t\t\t\t\t<div class=\"elementor-container elementor-column-gap-default\">\n\t\t\t\t\t<div class=\"elementor-column elementor-col-100 elementor-top-column elementor-element elementor-element-5658174\" data-id=\"5658174\" data-element_type=\"column\" data-settings=\"{&quot;background_background&quot;:&quot;classic&quot;}\">\n\t\t\t<div class=\"elementor-widget-wrap elementor-element-populated\">\n\t\t\t\t\t\t<section class=\"elementor-section elementor-inner-section elementor-element elementor-element-0c3380d elementor-section-boxed elementor-section-height-default elementor-section-height-default\" data-id=\"0c3380d\" data-element_type=\"section\">\n\t\t\t\t\t\t<div class=\"elementor-container elementor-column-gap-default\">\n\t\t\t\t\t<div class=\"elementor-column elementor-col-100 elementor-inner-column elementor-element elementor-element-a22fd2f elementor-invisible\" data-id=\"a22fd2f\" data-element_type=\"column\" data-settings=\"{&quot;animation&quot;:&quot;slideInUp&quot;}\">\n\t\t\t<div class=\"elementor-widget-wrap elementor-element-populated\">\n\t\t\t\t\t\t<div class=\"elementor-element elementor-element-db852f0 elementor-widget__width-auto elementor-widget elementor-widget-text-editor\" data-id=\"db852f0\" data-element_type=\"widget\" data-widget_type=\"text-editor.default\">\n\t\t\t\t<div class=\"elementor-widget-container\">\n\t\t\t\t\t\t\t\t\t<h2 style=\"font-size:30px;color:#000;font-weight:600;\">Ein MAARMO, Ein Baum<\/h2>\n\t\t\t\t\t\t\t\t<\/div>\n\t\t\t\t<\/div>\n\t\t\t\t<div class=\"elementor-element elementor-element-7128389 elementor-widget__width-auto elementor-widget elementor-widget-image\" data-id=\"7128389\" data-element_type=\"widget\" data-widget_type=\"image.default\">\n\t\t\t\t<div class=\"elementor-widget-container\">\n\t\t\t\t\t\t\t\t\t\t\t\t\t\t\t<img decoding=\"async\" src=\"https:\/\/maarmo.it\/wp-content\/uploads\/elementor\/thumbs\/leaf-1-r14g4chf9aeu6snb84h5eqa3en1qw1i365f57fzn9s.png\" title=\"leaf\" alt=\"leaf\" loading=\"lazy\" \/>\t\t\t\t\t\t\t\t\t\t\t\t\t\t\t<\/div>\n\t\t\t\t<\/div>\n\t\t\t\t<div class=\"elementor-element elementor-element-450d6ab elementor-widget elementor-widget-text-editor\" data-id=\"450d6ab\" data-element_type=\"widget\" data-widget_type=\"text-editor.default\">\n\t\t\t\t<div class=\"elementor-widget-container\">\n\t\t\t\t\t\t\t\t\t<p>Maarmo verst\u00e4rkt seine Mission, die Entwicklung von Designprodukten zu verfolgen, die Nachhaltigkeit mit einem \u201eNull-Impact\u201c auf dem Gebiet garantieren. In Anwesenheit des B\u00fcrgermeisters von Chions, Renato Santin, und einiger Klassen der \u00f6rtlichen Grundschule wurde das erste Los von zwanzig B\u00e4umen im gr\u00fcnen Bereich des Parks von Cornia gepflanzt, einer kleinen nat\u00fcrlichen Oase, die sich vor dem Eingang des neuen Hauptsitzes von Maarmo erstreckt. Mit diesem ersten Schritt wird die Idee verwirklicht, die Ende 2021 dem B\u00fcrgermeister Santin bei der Einweihung des Firmensitzes in Villotta unterbreitet wurde. Nachdem der neue Firmensitz in einer alten, seit Jahren stillgelegten Halle in der Landschaft von Villotta untergebracht werden sollte, wurde an der Idee gearbeitet, den Parco del Cornia als Basis f\u00fcr die lokale Entwicklung des Projekts \u201eUn Maarmo un Aalbero\u201c zu nutzen. Das Projekt sieht in der Tat, dass das Unternehmen verpflichtet, einen Baum f\u00fcr jede verkaufte Thermoskanne zu pflanzen.<\/p>\n\t\t\t\t\t\t\t\t<\/div>\n\t\t\t\t<\/div>\n\t\t\t\t<div class=\"elementor-element elementor-element-64ed884 elementor-widget elementor-widget-text-editor\" data-id=\"64ed884\" data-element_type=\"widget\" data-widget_type=\"text-editor.default\">\n\t\t\t\t<div class=\"elementor-widget-container\">\n\t\t\t\t\t\t\t\t\t<p>Maarmo: eine neue Art, Ihre R\u00e4ume zu erleben . . . und den Planeten<\/p>\n\t\t\t\t\t\t\t\t<\/div>\n\t\t\t\t<\/div>\n\t\t\t\t\t<\/div>\n\t\t<\/div>\n\t\t\t\t\t<\/div>\n\t\t<\/section>\n\t\t\t\t\t<\/div>\n\t\t<\/div>\n\t\t\t\t\t<\/div>\n\t\t<\/section>\n\t\t\t\t<section class=\"elementor-section elementor-top-section elementor-element elementor-element-e3a19fd elementor-section-boxed elementor-section-height-default elementor-section-height-default\" data-id=\"e3a19fd\" data-element_type=\"section\">\n\t\t\t\t\t\t<div class=\"elementor-container elementor-column-gap-default\">\n\t\t\t\t\t<div class=\"elementor-column elementor-col-50 elementor-top-column elementor-element elementor-element-72fef3e elementor-invisible\" data-id=\"72fef3e\" data-element_type=\"column\" data-settings=\"{&quot;animation&quot;:&quot;slideInLeft&quot;}\">\n\t\t\t<div class=\"elementor-widget-wrap elementor-element-populated\">\n\t\t\t\t\t\t<div class=\"elementor-element elementor-element-2a2d956 elementor-widget elementor-widget-image\" data-id=\"2a2d956\" data-element_type=\"widget\" data-widget_type=\"image.default\">\n\t\t\t\t<div class=\"elementor-widget-container\">\n\t\t\t\t\t\t\t\t\t\t\t\t\t\t\t<img decoding=\"async\" width=\"378\" height=\"378\" src=\"https:\/\/maarmo.it\/wp-content\/uploads\/2023\/04\/maarmo-5f-.jpg\" class=\"attachment-full size-full wp-image-1445\" alt=\"\" srcset=\"https:\/\/maarmo.it\/wp-content\/uploads\/2023\/04\/maarmo-5f-.jpg 378w, https:\/\/maarmo.it\/wp-content\/uploads\/2023\/04\/maarmo-5f--300x300.jpg 300w, https:\/\/maarmo.it\/wp-content\/uploads\/2023\/04\/maarmo-5f--150x150.jpg 150w\" sizes=\"(max-width: 378px) 100vw, 378px\" \/>\t\t\t\t\t\t\t\t\t\t\t\t\t\t\t<\/div>\n\t\t\t\t<\/div>\n\t\t\t\t\t<\/div>\n\t\t<\/div>\n\t\t\t\t<div class=\"elementor-column elementor-col-50 elementor-top-column elementor-element elementor-element-a1686d1 elementor-invisible\" data-id=\"a1686d1\" data-element_type=\"column\" data-settings=\"{&quot;animation&quot;:&quot;slideInRight&quot;}\">\n\t\t\t<div class=\"elementor-widget-wrap elementor-element-populated\">\n\t\t\t\t\t\t<div class=\"elementor-element elementor-element-51ceb23 elementor-widget elementor-widget-text-editor\" data-id=\"51ceb23\" data-element_type=\"widget\" data-widget_type=\"text-editor.default\">\n\t\t\t\t<div class=\"elementor-widget-container\">\n\t\t\t\t\t\t\t\t\t<h2 style=\"font-size:30px; color: #000; font-weight: 600;\">Und zum Schluss. . .<\/h2>\n\t\t\t\t\t\t\t\t<\/div>\n\t\t\t\t<\/div>\n\t\t\t\t<div class=\"elementor-element elementor-element-8490272 elementor-widget elementor-widget-text-editor\" data-id=\"8490272\" data-element_type=\"widget\" data-widget_type=\"text-editor.default\">\n\t\t\t\t<div class=\"elementor-widget-container\">\n\t\t\t\t\t\t\t\t\t<p>Maarmo arbeitet t\u00e4glich an der Entwicklung von Produktionsprozessen <br \/>zur Minimierung der Umweltauswirkungen, gemessen am CO2-Fu\u00dfabdruck, einem Parameter, der die Kilogramm produzierten Kohlendioxids misst. <br \/>Dieses Panel erm\u00f6glicht die Absorption von 5,5 kg CO2 pro Jahr Ihres Lebens!<\/p>\n\t\t\t\t\t\t\t\t<\/div>\n\t\t\t\t<\/div>\n\t\t\t\t\t<\/div>\n\t\t<\/div>\n\t\t\t\t\t<\/div>\n\t\t<\/section>\n\t\t\t\t<\/div>\n\t\t","protected":false},"excerpt":{"rendered":"<p>Industrie f\u00fcr Gr\u00fcn Ein Auge f\u00fcr die Umwelt! Wir sind Green. Wir sind im Green. Alles beginnt hier Ein Ort im Gr\u00fcnen, umgeben von Hektar Land, bedeckt von Weinbergen, wo uns oft majest\u00e4tische Reiher besuchen. Der neue Hauptsitz in Maarmo spiegelt unsere Green-Philosophie wider. Von der Herstellung des Produkts bis zur Auslieferung an den Kunden [&hellip;]<\/p>\n","protected":false},"author":4,"featured_media":0,"parent":0,"menu_order":0,"comment_status":"closed","ping_status":"closed","template":"elementor_header_footer","meta":{"footnotes":""},"class_list":["post-4441","page","type-page","status-publish","hentry"],"yoast_head":"<!-- This site is optimized with the Yoast SEO plugin v26.7 - https:\/\/yoast.com\/wordpress\/plugins\/seo\/ -->\n<title>Industrie f\u00fcr Gr\u00fcn - MAARMO<\/title>\n<meta name=\"description\" content=\"Wir treffen eine ethische Entscheidung: Unsere Produkte sind zu 100 % recycelbar und wir tragen aktiv zum Umweltschutz bei.\" \/>\n<meta name=\"robots\" content=\"index, follow, max-snippet:-1, max-image-preview:large, max-video-preview:-1\" \/>\n<link rel=\"canonical\" href=\"https:\/\/maarmo.it\/de\/industrie-fuer-gruen\/\" \/>\n<meta property=\"og:locale\" content=\"de_DE\" \/>\n<meta property=\"og:type\" content=\"article\" \/>\n<meta property=\"og:title\" content=\"Industrie f\u00fcr Gr\u00fcn - MAARMO\" \/>\n<meta property=\"og:description\" content=\"Wir treffen eine ethische Entscheidung: Unsere Produkte sind zu 100 % recycelbar und wir tragen aktiv zum Umweltschutz bei.\" \/>\n<meta property=\"og:url\" content=\"https:\/\/maarmo.it\/de\/industrie-fuer-gruen\/\" \/>\n<meta property=\"og:site_name\" content=\"MAARMO\" \/>\n<meta property=\"article:publisher\" content=\"https:\/\/www.facebook.com\/maarmosrl\/\" \/>\n<meta property=\"article:modified_time\" content=\"2023-11-13T16:18:49+00:00\" \/>\n<meta property=\"og:image\" content=\"https:\/\/maarmo.it\/wp-content\/uploads\/2023\/04\/maarmo-2f-.webp\" \/>\n<meta name=\"twitter:card\" content=\"summary_large_image\" \/>\n<meta name=\"twitter:label1\" content=\"Gesch\u00e4tzte Lesezeit\" \/>\n\t<meta name=\"twitter:data1\" content=\"2\u00a0Minuten\" \/>\n<script type=\"application\/ld+json\" class=\"yoast-schema-graph\">{\"@context\":\"https:\/\/schema.org\",\"@graph\":[{\"@type\":\"WebPage\",\"@id\":\"https:\/\/maarmo.it\/de\/industrie-fuer-gruen\/\",\"url\":\"https:\/\/maarmo.it\/de\/industrie-fuer-gruen\/\",\"name\":\"Industrie f\u00fcr Gr\u00fcn - MAARMO\",\"isPartOf\":{\"@id\":\"https:\/\/maarmo.it\/de\/#website\"},\"primaryImageOfPage\":{\"@id\":\"https:\/\/maarmo.it\/de\/industrie-fuer-gruen\/#primaryimage\"},\"image\":{\"@id\":\"https:\/\/maarmo.it\/de\/industrie-fuer-gruen\/#primaryimage\"},\"thumbnailUrl\":\"https:\/\/maarmo.it\/wp-content\/uploads\/2023\/04\/maarmo-2f-.webp\",\"datePublished\":\"2023-04-28T08:12:17+00:00\",\"dateModified\":\"2023-11-13T16:18:49+00:00\",\"description\":\"Wir treffen eine ethische Entscheidung: Unsere Produkte sind zu 100 % recycelbar und wir tragen aktiv zum Umweltschutz bei.\",\"breadcrumb\":{\"@id\":\"https:\/\/maarmo.it\/de\/industrie-fuer-gruen\/#breadcrumb\"},\"inLanguage\":\"de\",\"potentialAction\":[{\"@type\":\"ReadAction\",\"target\":[\"https:\/\/maarmo.it\/de\/industrie-fuer-gruen\/\"]}]},{\"@type\":\"ImageObject\",\"inLanguage\":\"de\",\"@id\":\"https:\/\/maarmo.it\/de\/industrie-fuer-gruen\/#primaryimage\",\"url\":\"https:\/\/maarmo.it\/wp-content\/uploads\/2023\/04\/maarmo-2f-.webp\",\"contentUrl\":\"https:\/\/maarmo.it\/wp-content\/uploads\/2023\/04\/maarmo-2f-.webp\"},{\"@type\":\"BreadcrumbList\",\"@id\":\"https:\/\/maarmo.it\/de\/industrie-fuer-gruen\/#breadcrumb\",\"itemListElement\":[{\"@type\":\"ListItem\",\"position\":1,\"name\":\"Home\",\"item\":\"https:\/\/maarmo.it\/de\/\"},{\"@type\":\"ListItem\",\"position\":2,\"name\":\"Industrie f\u00fcr Gr\u00fcn\"}]},{\"@type\":\"WebSite\",\"@id\":\"https:\/\/maarmo.it\/de\/#website\",\"url\":\"https:\/\/maarmo.it\/de\/\",\"name\":\"MAARMO\",\"description\":\"\",\"publisher\":{\"@id\":\"https:\/\/maarmo.it\/de\/#organization\"},\"potentialAction\":[{\"@type\":\"SearchAction\",\"target\":{\"@type\":\"EntryPoint\",\"urlTemplate\":\"https:\/\/maarmo.it\/de\/?s={search_term_string}\"},\"query-input\":{\"@type\":\"PropertyValueSpecification\",\"valueRequired\":true,\"valueName\":\"search_term_string\"}}],\"inLanguage\":\"de\"},{\"@type\":\"Organization\",\"@id\":\"https:\/\/maarmo.it\/de\/#organization\",\"name\":\"MAARMO\",\"url\":\"https:\/\/maarmo.it\/de\/\",\"logo\":{\"@type\":\"ImageObject\",\"inLanguage\":\"de\",\"@id\":\"https:\/\/maarmo.it\/de\/#\/schema\/logo\/image\/\",\"url\":\"https:\/\/maarmo.it\/wp-content\/uploads\/2023\/03\/MAARMO-new-white-logo-payoff.png\",\"contentUrl\":\"https:\/\/maarmo.it\/wp-content\/uploads\/2023\/03\/MAARMO-new-white-logo-payoff.png\",\"width\":360,\"height\":90,\"caption\":\"MAARMO\"},\"image\":{\"@id\":\"https:\/\/maarmo.it\/de\/#\/schema\/logo\/image\/\"},\"sameAs\":[\"https:\/\/www.facebook.com\/maarmosrl\/\"]}]}<\/script>\n<!-- \/ Yoast SEO plugin. -->","yoast_head_json":{"title":"Industrie f\u00fcr Gr\u00fcn - MAARMO","description":"Wir treffen eine ethische Entscheidung: Unsere Produkte sind zu 100 % recycelbar und wir tragen aktiv zum Umweltschutz bei.","robots":{"index":"index","follow":"follow","max-snippet":"max-snippet:-1","max-image-preview":"max-image-preview:large","max-video-preview":"max-video-preview:-1"},"canonical":"https:\/\/maarmo.it\/de\/industrie-fuer-gruen\/","og_locale":"de_DE","og_type":"article","og_title":"Industrie f\u00fcr Gr\u00fcn - MAARMO","og_description":"Wir treffen eine ethische Entscheidung: Unsere Produkte sind zu 100 % recycelbar und wir tragen aktiv zum Umweltschutz bei.","og_url":"https:\/\/maarmo.it\/de\/industrie-fuer-gruen\/","og_site_name":"MAARMO","article_publisher":"https:\/\/www.facebook.com\/maarmosrl\/","article_modified_time":"2023-11-13T16:18:49+00:00","og_image":[{"url":"https:\/\/maarmo.it\/wp-content\/uploads\/2023\/04\/maarmo-2f-.webp","type":"","width":"","height":""}],"twitter_card":"summary_large_image","twitter_misc":{"Gesch\u00e4tzte Lesezeit":"2\u00a0Minuten"},"schema":{"@context":"https:\/\/schema.org","@graph":[{"@type":"WebPage","@id":"https:\/\/maarmo.it\/de\/industrie-fuer-gruen\/","url":"https:\/\/maarmo.it\/de\/industrie-fuer-gruen\/","name":"Industrie f\u00fcr Gr\u00fcn - MAARMO","isPartOf":{"@id":"https:\/\/maarmo.it\/de\/#website"},"primaryImageOfPage":{"@id":"https:\/\/maarmo.it\/de\/industrie-fuer-gruen\/#primaryimage"},"image":{"@id":"https:\/\/maarmo.it\/de\/industrie-fuer-gruen\/#primaryimage"},"thumbnailUrl":"https:\/\/maarmo.it\/wp-content\/uploads\/2023\/04\/maarmo-2f-.webp","datePublished":"2023-04-28T08:12:17+00:00","dateModified":"2023-11-13T16:18:49+00:00","description":"Wir treffen eine ethische Entscheidung: Unsere Produkte sind zu 100 % recycelbar und wir tragen aktiv zum Umweltschutz bei.","breadcrumb":{"@id":"https:\/\/maarmo.it\/de\/industrie-fuer-gruen\/#breadcrumb"},"inLanguage":"de","potentialAction":[{"@type":"ReadAction","target":["https:\/\/maarmo.it\/de\/industrie-fuer-gruen\/"]}]},{"@type":"ImageObject","inLanguage":"de","@id":"https:\/\/maarmo.it\/de\/industrie-fuer-gruen\/#primaryimage","url":"https:\/\/maarmo.it\/wp-content\/uploads\/2023\/04\/maarmo-2f-.webp","contentUrl":"https:\/\/maarmo.it\/wp-content\/uploads\/2023\/04\/maarmo-2f-.webp"},{"@type":"BreadcrumbList","@id":"https:\/\/maarmo.it\/de\/industrie-fuer-gruen\/#breadcrumb","itemListElement":[{"@type":"ListItem","position":1,"name":"Home","item":"https:\/\/maarmo.it\/de\/"},{"@type":"ListItem","position":2,"name":"Industrie f\u00fcr Gr\u00fcn"}]},{"@type":"WebSite","@id":"https:\/\/maarmo.it\/de\/#website","url":"https:\/\/maarmo.it\/de\/","name":"MAARMO","description":"","publisher":{"@id":"https:\/\/maarmo.it\/de\/#organization"},"potentialAction":[{"@type":"SearchAction","target":{"@type":"EntryPoint","urlTemplate":"https:\/\/maarmo.it\/de\/?s={search_term_string}"},"query-input":{"@type":"PropertyValueSpecification","valueRequired":true,"valueName":"search_term_string"}}],"inLanguage":"de"},{"@type":"Organization","@id":"https:\/\/maarmo.it\/de\/#organization","name":"MAARMO","url":"https:\/\/maarmo.it\/de\/","logo":{"@type":"ImageObject","inLanguage":"de","@id":"https:\/\/maarmo.it\/de\/#\/schema\/logo\/image\/","url":"https:\/\/maarmo.it\/wp-content\/uploads\/2023\/03\/MAARMO-new-white-logo-payoff.png","contentUrl":"https:\/\/maarmo.it\/wp-content\/uploads\/2023\/03\/MAARMO-new-white-logo-payoff.png","width":360,"height":90,"caption":"MAARMO"},"image":{"@id":"https:\/\/maarmo.it\/de\/#\/schema\/logo\/image\/"},"sameAs":["https:\/\/www.facebook.com\/maarmosrl\/"]}]}},"_links":{"self":[{"href":"https:\/\/maarmo.it\/de\/wp-json\/wp\/v2\/pages\/4441","targetHints":{"allow":["GET"]}}],"collection":[{"href":"https:\/\/maarmo.it\/de\/wp-json\/wp\/v2\/pages"}],"about":[{"href":"https:\/\/maarmo.it\/de\/wp-json\/wp\/v2\/types\/page"}],"author":[{"embeddable":true,"href":"https:\/\/maarmo.it\/de\/wp-json\/wp\/v2\/users\/4"}],"replies":[{"embeddable":true,"href":"https:\/\/maarmo.it\/de\/wp-json\/wp\/v2\/comments?post=4441"}],"version-history":[{"count":4,"href":"https:\/\/maarmo.it\/de\/wp-json\/wp\/v2\/pages\/4441\/revisions"}],"predecessor-version":[{"id":4640,"href":"https:\/\/maarmo.it\/de\/wp-json\/wp\/v2\/pages\/4441\/revisions\/4640"}],"wp:attachment":[{"href":"https:\/\/maarmo.it\/de\/wp-json\/wp\/v2\/media?parent=4441"}],"curies":[{"name":"wp","href":"https:\/\/api.w.org\/{rel}","templated":true}]}}