{"id":5866,"date":"2025-02-12T10:40:10","date_gmt":"2025-02-12T09:40:10","guid":{"rendered":"https:\/\/maarmo.it\/?page_id=5866"},"modified":"2025-02-12T10:41:18","modified_gmt":"2025-02-12T09:41:18","slug":"cookie-policy","status":"publish","type":"page","link":"https:\/\/maarmo.it\/de\/cookie-policy\/","title":{"rendered":"Cookie Policy"},"content":{"rendered":"\t\t<div data-elementor-type=\"wp-page\" data-elementor-id=\"5866\" class=\"elementor elementor-5866 elementor-5865\" data-elementor-post-type=\"page\">\n\t\t\t\t\t\t<section class=\"elementor-section elementor-top-section elementor-element elementor-element-74446aa elementor-section-boxed elementor-section-height-default elementor-section-height-default\" data-id=\"74446aa\" data-element_type=\"section\">\n\t\t\t\t\t\t<div class=\"elementor-container elementor-column-gap-default\">\n\t\t\t\t\t<div class=\"elementor-column elementor-col-100 elementor-top-column elementor-element elementor-element-2bc3bd5\" data-id=\"2bc3bd5\" data-element_type=\"column\">\n\t\t\t<div class=\"elementor-widget-wrap elementor-element-populated\">\n\t\t\t\t\t\t<div class=\"elementor-element elementor-element-94a628a elementor-widget elementor-widget-text-editor\" data-id=\"94a628a\" data-element_type=\"widget\" data-widget_type=\"text-editor.default\">\n\t\t\t\t<div class=\"elementor-widget-container\">\n\t\t\t\t\t\t\t\t\t<h2 class=\"ql-align-justify\">Erweiterte Informationen \u00fcber die Verwendung von Cookies. G\u00fcltig ab 10\/02\/2025<\/h2><p><strong>VORWORT<\/strong><\/p><p>Diese Cookie-Richtlinie wurde f\u00fcr die Website https:\/\/maarmo.it\/de\/ (<strong>Website<\/strong>) erstellt. Das Dokument wurde unter Ber\u00fccksichtigung der Bestimmungen der Europ\u00e4ischen Datenschutzverordnung 679\/2016 (<strong>DSGVO<\/strong>), des Datenschutzgesetzes (Gesetzesverordnung Nr. 196 vom 30. Juni 2003) und der Richtlinien der Datenschutzbeh\u00f6rde (insbesondere der Richtlinien zur Verwendung von Cookies vom 10. Juli 2021) erstellt.<\/p><p class=\"ql-align-justify\"><strong>Inhaber der Datenverarbeitung<\/strong>: MAARMO SRL<\/p><p class=\"ql-align-justify\"><strong>ALLGEMEINE INFORMATIONEN<\/strong><\/p><p class=\"ql-align-justify\"><strong>Was sind Cookies und wof\u00fcr werden sie verwendet?<\/strong><\/p><p class=\"ql-align-justify\">Ein Cookie ist eine Textdatei, die eine vom Nutzer besuchte Website an sein Endger\u00e4t (Computer, mobiles Ger\u00e4t wie Smartphone oder Tablet) sendet, wo sie gespeichert wird, um bei seinem n\u00e4chsten Besuch an diese Website zur\u00fcckgesendet zu werden.<\/p><p class=\"ql-align-justify\">Cookies werden voneinander unterschieden:<\/p><ul><li class=\"ql-align-justify\">je nachdem, wer sie installiert und ob es der Betreiber der besuchten Website selbst ist (sog. \u201eErstanbieter-Cookies\u201c) oder einer anderen Partei (sog. \u201eDrittanbieter-Cookies\u201c);<\/li><li class=\"ql-align-justify\">je nach Zweck des jeweiligen Cookies: Einige Cookies erm\u00f6glichen eine bessere Navigation, indem sie bestimmte Benutzereinstellungen, wie z. B. die Sprache, speichern (sog. \u201etechnische Cookies\u201c), andere Cookies erm\u00f6glichen die \u00dcberwachung der Navigation des Nutzers, auch zum Zweck der Zusendung von Werbung und\/oder des Angebots von Diensten, die den Pr\u00e4ferenzen des Nutzers entsprechen (sog. \u201eProfilierungs-Cookies\u201c).<\/li><\/ul><p class=\"ql-align-justify\">Nur bei Profilierungs-Cookies ist die vorherige Zustimmung des Nutzers zu deren Verwendung erforderlich.<\/p><p class=\"ql-align-justify\">Der Inhaber der Datenverarbeitung ist nur f\u00fcr die von ihm auf der Website installierten Erstanbieter-Cookies verantwortlich.<\/p><p class=\"ql-align-justify\">Unter \u201e<strong>Technische Erstanbieter-Cookies<\/strong>\u201c k\u00f6nnen Sie die Arten von technischen Erstanbieter-Cookies einsehen, die von der Website ausgegeben werden.<\/p><p class=\"ql-align-justify\">Die Verwaltung von Profilierungs-Cookies wird unter \u201e<strong>Profilierungs-Cookies von Drittanbieter<\/strong>\u201c beschrieben.<\/p><p>Sie k\u00f6nnen Cookies \u00fcber die Optionen Ihres Browsers aktivieren\/deaktivieren:<\/p><p><strong>Internet Explorer<\/strong><\/p><p>W\u00e4hlen Sie das Men\u00fc\u00a0<strong>Extras<\/strong>\u00a0und dann\u00a0<strong>Internetoptionen<\/strong>.<\/p><p>Klicken Sie auf\u00a0<strong>Datenschutz<\/strong>\u00a0und dann auf\u00a0<strong>Erweitert<\/strong>.<\/p><p>W\u00e4hlen Sie im Fenster\u00a0<strong>Cookies<\/strong>\u00a0Ihre bevorzugten Einstellungen.<\/p><p><strong>Google Chrome<\/strong><\/p><p>Klicken Sie auf das\u00a0<strong>Chrome-Men\u00fc<\/strong>, das der Schaltfl\u00e4che in der oberen rechten Ecke entspricht.<\/p><p>W\u00e4hlen Sie\u00a0<strong>Einstellungen<\/strong>\u00a0und klicken Sie dann auf\u00a0<strong>Erweitert<\/strong>.<\/p><p>Klicken Sie im Abschnitt\u00a0<strong>Datenschutz und Sicherheit<\/strong>\u00a0auf die Schaltfl\u00e4che\u00a0<strong>Inhaltseinstellungen<\/strong>.<\/p><p>W\u00e4hlen Sie Ihre bevorzugten Optionen im Abschnitt\u00a0<strong>Cookie<\/strong>\u00a0aus.<\/p><p><strong>Firefox<\/strong><\/p><p>Klicken Sie auf\u00a0<strong>Extras<\/strong>\u00a0und dann auf das Men\u00fc\u00a0<strong>Optionen<\/strong>.<\/p><p>Klicken Sie auf die Einstellungen f\u00fcr\u00a0<strong>Datenschutz und Sicherheit<\/strong>.<\/p><p>W\u00e4hlen Sie\u00a0<strong>Benutzerdefinierte Einstellungen f\u00fcr den Verlauf verwenden<\/strong>.<\/p><p>W\u00e4hlen Sie Ihre bevorzugten Optionen im Abschnitt\u00a0<strong>Cookies und Daten von Websites akzeptieren<\/strong>.<\/p><p><strong>Safari<\/strong><\/p><p>Klicken Sie auf\u00a0<strong>Safari<\/strong>\u00a0und dann auf\u00a0<strong>Voreinstellungen<\/strong>.<\/p><p>Klicken Sie auf den Abschnitt\u00a0<strong>Datenschutz und Sicherheit<\/strong>.<\/p><p class=\"ql-align-justify\">Gehen Sie zu\u00a0<strong>Cookies blockieren<\/strong>\u00a0und w\u00e4hlen Sie Ihre bevorzugten Optionen.<\/p><p class=\"ql-align-justify\"><strong>Technische Cookies von Erstanbietern<\/strong><\/p><p class=\"ql-align-justify\">Diese Cookies sind f\u00fcr das Funktionieren der Website erforderlich und k\u00f6nnen nicht deaktiviert werden. Sie werden in der Regel als Reaktion auf Handlungen definiert, die eine Anfrage nach Diensten darstellen, wie z. B. das Setzen von Cookie-Pr\u00e4ferenzen, das Aufrufen oder Ausf\u00fcllen von Formularen und Browsing-Pr\u00e4ferenzen.<\/p><ul><li>Die Website vergibt Navigations- oder Sitzungscookies, die eine normale Navigation und Nutzung der Website gew\u00e4hrleisten.<\/li><li>Die Website vergibt auch Cookies, die Ihr Einverst\u00e4ndnis mit der Ausgabe von Profilierungs-Cookies und Ihre Pr\u00e4ferenzen dokumentieren. Diese Cookies erkennen Sie, wenn Sei ein zweites Mal auf die Website zugreifen, so dass nicht erneut die Zustimmung zur Installation von Profilierungs-Cookies eingeholt werden muss.<\/li><li>Technische Cookies werden auch verwendet, um Ihnen das Surfen auf der Website zu erm\u00f6glichen, wobei die von Ihnen getroffenen Auswahlen beibehalten werden.<\/li><li>Der Inhaber der Datenverarbeitung verwendet auch \u201eanonymisiertes\u201c Google Analytics 4 (GA4). Das bedeutet, dass die von Google Analytics 4 ausgegebenen Cookies nur die Analyse von statistischen Daten erm\u00f6glichen, ohne die M\u00f6glichkeit, den einzelnen Nutzer zu identifizieren.<\/li><\/ul><p class=\"ql-align-justify\"><strong>Profilierungs-Cookies von Drittanbietern<\/strong><\/p><p class=\"ql-align-justify\">Im Cookie-Banner, das beim ersten Zugriff auf die Website erscheint, k\u00f6nnen Sie die von der Website ausgegebenen Profilierungs-Cookies einsehen und Ihre Pr\u00e4ferenzen angeben.<\/p><p class=\"ql-align-justify\"><strong>Ihre Rechte<\/strong><\/p><p class=\"ql-align-justify\">Gem\u00e4\u00df Art. 13 der DSGVO informiert Sie der Inhaber der Datenverarbeitung, dass Sie das Recht haben:<\/p><ul><li class=\"ql-align-justify\">vom Inhaber der Datenverarbeitung Zugang zu den sie betreffenden personenbezogenen Daten, deren Berichtigung oder L\u00f6schung oder die Einschr\u00e4nkung der Verarbeitung dieser Daten zu verlangen oder der Verarbeitung dieser Daten zu widersprechen sowie das Recht auf Daten\u00fcbertragbarkeit<\/li><li class=\"ql-align-justify\">die Einwilligung jederzeit zu widerrufen, ohne dass dadurch die Rechtm\u00e4\u00dfigkeit der Verarbeitung aufgrund der vor dem Widerruf erteilten Einwilligung ber\u00fchrt wird<\/li><li class=\"ql-align-justify\">sich bei einer Aufsichtsbeh\u00f6rde (z. B. der Datenschutzbeh\u00f6rde) beschweren.<\/li><\/ul><p class=\"ql-align-justify\">Die oben genannten Rechte k\u00f6nnen durch einen Antrag an die im Vorwort genannten Kontaktdaten ausge\u00fcbt werden.<\/p><p class=\"ql-align-justify\"><strong>Datenkommunikation<\/strong><\/p><ul><li>Der Inhaber der Datenverarbeitung \u00fcbermittelt die Daten an das Unternehmen, das die Werbekampagnen durchf\u00fchrt.<\/li><li>Der Inhaber der Datenverarbeitung \u00fcbermittelt die Daten an das mit der Durchf\u00fchrung der Werbekampagnen beauftragte Unternehmen und\/oder an die mit der Verwaltung der Website beauftragte Webagentur.<\/li><li>Der Inhaber der Datenverarbeitung \u00fcbermittelt die Daten an die Web-Agentur, die die Website verwaltet, und gibt sie an diese weiter.<\/li><\/ul><p class=\"ql-align-justify\"><strong>Aufbewahrung von Informationen<\/strong><\/p><ul><li>Wenn die Website Cookies zur Profilerstellung verwendet, werden die Verhaltensdaten des Nutzers so lange gespeichert, bis der Nutzer seine Zustimmung widerruft.<\/li><li>Daten aus technischen Cookies werden so lange gespeichert, wie es f\u00fcr die Erbringung des Dienstes, auf den sich das jeweilige technische Cookie bezieht, erforderlich ist.<\/li><\/ul>\t\t\t\t\t\t\t\t<\/div>\n\t\t\t\t<\/div>\n\t\t\t\t\t<\/div>\n\t\t<\/div>\n\t\t\t\t\t<\/div>\n\t\t<\/section>\n\t\t\t\t<\/div>\n\t\t","protected":false},"excerpt":{"rendered":"<p>Erweiterte Informationen \u00fcber die Verwendung von Cookies. G\u00fcltig ab 10\/02\/2025 VORWORT Diese Cookie-Richtlinie wurde f\u00fcr die Website https:\/\/maarmo.it\/de\/ (Website) erstellt. Das Dokument wurde unter Ber\u00fccksichtigung der Bestimmungen der Europ\u00e4ischen Datenschutzverordnung 679\/2016 (DSGVO), des Datenschutzgesetzes (Gesetzesverordnung Nr. 196 vom 30. Juni 2003) und der Richtlinien der Datenschutzbeh\u00f6rde (insbesondere der Richtlinien zur Verwendung von Cookies vom 10. [&hellip;]<\/p>\n","protected":false},"author":5,"featured_media":0,"parent":0,"menu_order":0,"comment_status":"closed","ping_status":"closed","template":"","meta":{"footnotes":""},"class_list":["post-5866","page","type-page","status-publish","hentry"],"yoast_head":"<!-- This site is optimized with the Yoast SEO plugin v26.7 - https:\/\/yoast.com\/wordpress\/plugins\/seo\/ -->\n<title>Cookie Policy - MAARMO<\/title>\n<meta name=\"robots\" content=\"index, follow, max-snippet:-1, max-image-preview:large, max-video-preview:-1\" \/>\n<link rel=\"canonical\" href=\"https:\/\/maarmo.it\/de\/cookie-policy\/\" \/>\n<meta property=\"og:locale\" content=\"de_DE\" \/>\n<meta property=\"og:type\" content=\"article\" \/>\n<meta property=\"og:title\" content=\"Cookie Policy - MAARMO\" \/>\n<meta property=\"og:description\" content=\"Erweiterte Informationen \u00fcber die Verwendung von Cookies. G\u00fcltig ab 10\/02\/2025 VORWORT Diese Cookie-Richtlinie wurde f\u00fcr die Website https:\/\/maarmo.it\/de\/ (Website) erstellt. Das Dokument wurde unter Ber\u00fccksichtigung der Bestimmungen der Europ\u00e4ischen Datenschutzverordnung 679\/2016 (DSGVO), des Datenschutzgesetzes (Gesetzesverordnung Nr. 196 vom 30. Juni 2003) und der Richtlinien der Datenschutzbeh\u00f6rde (insbesondere der Richtlinien zur Verwendung von Cookies vom 10. [&hellip;]\" \/>\n<meta property=\"og:url\" content=\"https:\/\/maarmo.it\/de\/cookie-policy\/\" \/>\n<meta property=\"og:site_name\" content=\"MAARMO\" \/>\n<meta property=\"article:publisher\" content=\"https:\/\/www.facebook.com\/maarmosrl\/\" \/>\n<meta property=\"article:modified_time\" content=\"2025-02-12T09:41:18+00:00\" \/>\n<meta name=\"twitter:card\" content=\"summary_large_image\" \/>\n<meta name=\"twitter:label1\" content=\"Gesch\u00e4tzte Lesezeit\" \/>\n\t<meta name=\"twitter:data1\" content=\"5\u00a0Minuten\" \/>\n<script type=\"application\/ld+json\" class=\"yoast-schema-graph\">{\"@context\":\"https:\/\/schema.org\",\"@graph\":[{\"@type\":\"WebPage\",\"@id\":\"https:\/\/maarmo.it\/de\/cookie-policy\/\",\"url\":\"https:\/\/maarmo.it\/de\/cookie-policy\/\",\"name\":\"Cookie Policy - MAARMO\",\"isPartOf\":{\"@id\":\"https:\/\/maarmo.it\/de\/#website\"},\"datePublished\":\"2025-02-12T09:40:10+00:00\",\"dateModified\":\"2025-02-12T09:41:18+00:00\",\"breadcrumb\":{\"@id\":\"https:\/\/maarmo.it\/de\/cookie-policy\/#breadcrumb\"},\"inLanguage\":\"de\",\"potentialAction\":[{\"@type\":\"ReadAction\",\"target\":[\"https:\/\/maarmo.it\/de\/cookie-policy\/\"]}]},{\"@type\":\"BreadcrumbList\",\"@id\":\"https:\/\/maarmo.it\/de\/cookie-policy\/#breadcrumb\",\"itemListElement\":[{\"@type\":\"ListItem\",\"position\":1,\"name\":\"Home\",\"item\":\"https:\/\/maarmo.it\/de\/\"},{\"@type\":\"ListItem\",\"position\":2,\"name\":\"Cookie Policy\"}]},{\"@type\":\"WebSite\",\"@id\":\"https:\/\/maarmo.it\/de\/#website\",\"url\":\"https:\/\/maarmo.it\/de\/\",\"name\":\"MAARMO\",\"description\":\"\",\"publisher\":{\"@id\":\"https:\/\/maarmo.it\/de\/#organization\"},\"potentialAction\":[{\"@type\":\"SearchAction\",\"target\":{\"@type\":\"EntryPoint\",\"urlTemplate\":\"https:\/\/maarmo.it\/de\/?s={search_term_string}\"},\"query-input\":{\"@type\":\"PropertyValueSpecification\",\"valueRequired\":true,\"valueName\":\"search_term_string\"}}],\"inLanguage\":\"de\"},{\"@type\":\"Organization\",\"@id\":\"https:\/\/maarmo.it\/de\/#organization\",\"name\":\"MAARMO\",\"url\":\"https:\/\/maarmo.it\/de\/\",\"logo\":{\"@type\":\"ImageObject\",\"inLanguage\":\"de\",\"@id\":\"https:\/\/maarmo.it\/de\/#\/schema\/logo\/image\/\",\"url\":\"https:\/\/maarmo.it\/wp-content\/uploads\/2023\/03\/MAARMO-new-white-logo-payoff.png\",\"contentUrl\":\"https:\/\/maarmo.it\/wp-content\/uploads\/2023\/03\/MAARMO-new-white-logo-payoff.png\",\"width\":360,\"height\":90,\"caption\":\"MAARMO\"},\"image\":{\"@id\":\"https:\/\/maarmo.it\/de\/#\/schema\/logo\/image\/\"},\"sameAs\":[\"https:\/\/www.facebook.com\/maarmosrl\/\"]}]}<\/script>\n<!-- \/ Yoast SEO plugin. -->","yoast_head_json":{"title":"Cookie Policy - MAARMO","robots":{"index":"index","follow":"follow","max-snippet":"max-snippet:-1","max-image-preview":"max-image-preview:large","max-video-preview":"max-video-preview:-1"},"canonical":"https:\/\/maarmo.it\/de\/cookie-policy\/","og_locale":"de_DE","og_type":"article","og_title":"Cookie Policy - MAARMO","og_description":"Erweiterte Informationen \u00fcber die Verwendung von Cookies. G\u00fcltig ab 10\/02\/2025 VORWORT Diese Cookie-Richtlinie wurde f\u00fcr die Website https:\/\/maarmo.it\/de\/ (Website) erstellt. Das Dokument wurde unter Ber\u00fccksichtigung der Bestimmungen der Europ\u00e4ischen Datenschutzverordnung 679\/2016 (DSGVO), des Datenschutzgesetzes (Gesetzesverordnung Nr. 196 vom 30. Juni 2003) und der Richtlinien der Datenschutzbeh\u00f6rde (insbesondere der Richtlinien zur Verwendung von Cookies vom 10. [&hellip;]","og_url":"https:\/\/maarmo.it\/de\/cookie-policy\/","og_site_name":"MAARMO","article_publisher":"https:\/\/www.facebook.com\/maarmosrl\/","article_modified_time":"2025-02-12T09:41:18+00:00","twitter_card":"summary_large_image","twitter_misc":{"Gesch\u00e4tzte Lesezeit":"5\u00a0Minuten"},"schema":{"@context":"https:\/\/schema.org","@graph":[{"@type":"WebPage","@id":"https:\/\/maarmo.it\/de\/cookie-policy\/","url":"https:\/\/maarmo.it\/de\/cookie-policy\/","name":"Cookie Policy - MAARMO","isPartOf":{"@id":"https:\/\/maarmo.it\/de\/#website"},"datePublished":"2025-02-12T09:40:10+00:00","dateModified":"2025-02-12T09:41:18+00:00","breadcrumb":{"@id":"https:\/\/maarmo.it\/de\/cookie-policy\/#breadcrumb"},"inLanguage":"de","potentialAction":[{"@type":"ReadAction","target":["https:\/\/maarmo.it\/de\/cookie-policy\/"]}]},{"@type":"BreadcrumbList","@id":"https:\/\/maarmo.it\/de\/cookie-policy\/#breadcrumb","itemListElement":[{"@type":"ListItem","position":1,"name":"Home","item":"https:\/\/maarmo.it\/de\/"},{"@type":"ListItem","position":2,"name":"Cookie Policy"}]},{"@type":"WebSite","@id":"https:\/\/maarmo.it\/de\/#website","url":"https:\/\/maarmo.it\/de\/","name":"MAARMO","description":"","publisher":{"@id":"https:\/\/maarmo.it\/de\/#organization"},"potentialAction":[{"@type":"SearchAction","target":{"@type":"EntryPoint","urlTemplate":"https:\/\/maarmo.it\/de\/?s={search_term_string}"},"query-input":{"@type":"PropertyValueSpecification","valueRequired":true,"valueName":"search_term_string"}}],"inLanguage":"de"},{"@type":"Organization","@id":"https:\/\/maarmo.it\/de\/#organization","name":"MAARMO","url":"https:\/\/maarmo.it\/de\/","logo":{"@type":"ImageObject","inLanguage":"de","@id":"https:\/\/maarmo.it\/de\/#\/schema\/logo\/image\/","url":"https:\/\/maarmo.it\/wp-content\/uploads\/2023\/03\/MAARMO-new-white-logo-payoff.png","contentUrl":"https:\/\/maarmo.it\/wp-content\/uploads\/2023\/03\/MAARMO-new-white-logo-payoff.png","width":360,"height":90,"caption":"MAARMO"},"image":{"@id":"https:\/\/maarmo.it\/de\/#\/schema\/logo\/image\/"},"sameAs":["https:\/\/www.facebook.com\/maarmosrl\/"]}]}},"_links":{"self":[{"href":"https:\/\/maarmo.it\/de\/wp-json\/wp\/v2\/pages\/5866","targetHints":{"allow":["GET"]}}],"collection":[{"href":"https:\/\/maarmo.it\/de\/wp-json\/wp\/v2\/pages"}],"about":[{"href":"https:\/\/maarmo.it\/de\/wp-json\/wp\/v2\/types\/page"}],"author":[{"embeddable":true,"href":"https:\/\/maarmo.it\/de\/wp-json\/wp\/v2\/users\/5"}],"replies":[{"embeddable":true,"href":"https:\/\/maarmo.it\/de\/wp-json\/wp\/v2\/comments?post=5866"}],"version-history":[{"count":4,"href":"https:\/\/maarmo.it\/de\/wp-json\/wp\/v2\/pages\/5866\/revisions"}],"predecessor-version":[{"id":5881,"href":"https:\/\/maarmo.it\/de\/wp-json\/wp\/v2\/pages\/5866\/revisions\/5881"}],"wp:attachment":[{"href":"https:\/\/maarmo.it\/de\/wp-json\/wp\/v2\/media?parent=5866"}],"curies":[{"name":"wp","href":"https:\/\/api.w.org\/{rel}","templated":true}]}}