{"id":9068,"date":"2025-10-27T16:19:53","date_gmt":"2025-10-27T15:19:53","guid":{"rendered":"https:\/\/maarmo.it\/?page_id=9068"},"modified":"2025-10-30T10:25:25","modified_gmt":"2025-10-30T09:25:25","slug":"ueber-uns","status":"publish","type":"page","link":"https:\/\/maarmo.it\/de\/ueber-uns\/","title":{"rendered":"\u00dcber uns"},"content":{"rendered":"\t\t<div data-elementor-type=\"wp-page\" data-elementor-id=\"9068\" class=\"elementor elementor-9068 elementor-9067\" data-elementor-post-type=\"page\">\n\t\t\t\t\t\t<section class=\"elementor-section elementor-top-section elementor-element elementor-element-f456af2 elementor-section-full_width elementor-section-height-full elementor-section-height-default elementor-section-items-middle\" data-id=\"f456af2\" data-element_type=\"section\" data-settings=\"{&quot;background_background&quot;:&quot;classic&quot;}\">\n\t\t\t\t\t\t\t<div class=\"elementor-background-overlay\"><\/div>\n\t\t\t\t\t\t\t<div class=\"elementor-container elementor-column-gap-default\">\n\t\t\t\t\t<div class=\"elementor-column elementor-col-100 elementor-top-column elementor-element elementor-element-0219aa4\" data-id=\"0219aa4\" data-element_type=\"column\">\n\t\t\t<div class=\"elementor-widget-wrap elementor-element-populated\">\n\t\t\t\t\t\t<section class=\"elementor-section elementor-inner-section elementor-element elementor-element-402fac1 elementor-section-height-min-height elementor-section-content-middle elementor-section-boxed elementor-section-height-default\" data-id=\"402fac1\" data-element_type=\"section\" data-settings=\"{&quot;background_background&quot;:&quot;classic&quot;}\">\n\t\t\t\t\t\t\t<div class=\"elementor-background-overlay\"><\/div>\n\t\t\t\t\t\t\t<div class=\"elementor-container elementor-column-gap-default\">\n\t\t\t\t\t<div class=\"elementor-column elementor-col-100 elementor-inner-column elementor-element elementor-element-a33e278\" data-id=\"a33e278\" data-element_type=\"column\">\n\t\t\t<div class=\"elementor-widget-wrap elementor-element-populated\">\n\t\t\t\t\t\t<div class=\"elementor-element elementor-element-52e39fc elementor-widget elementor-widget-heading\" data-id=\"52e39fc\" data-element_type=\"widget\" data-widget_type=\"heading.default\">\n\t\t\t\t<div class=\"elementor-widget-container\">\n\t\t\t\t\t<h1 class=\"elementor-heading-title elementor-size-default\">MAARMO SRL<\/h1>\t\t\t\t<\/div>\n\t\t\t\t<\/div>\n\t\t\t\t<div class=\"elementor-element elementor-element-ab864a6 elementor-invisible elementor-widget elementor-widget-text-editor\" data-id=\"ab864a6\" data-element_type=\"widget\" data-settings=\"{&quot;motion_fx_motion_fx_mouse&quot;:&quot;yes&quot;,&quot;motion_fx_mouseTrack_effect&quot;:&quot;yes&quot;,&quot;motion_fx_mouseTrack_speed&quot;:{&quot;unit&quot;:&quot;px&quot;,&quot;size&quot;:0.1,&quot;sizes&quot;:[]},&quot;_animation&quot;:&quot;fadeIn&quot;}\" data-widget_type=\"text-editor.default\">\n\t\t\t\t<div class=\"elementor-widget-container\">\n\t\t\t\t\t\t\t\t\t<p data-start=\"2416\" data-end=\"2455\"><strong data-start=\"2433\" data-end=\"2455\">Unternehmensprofil<\/strong><\/p>\t\t\t\t\t\t\t\t<\/div>\n\t\t\t\t<\/div>\n\t\t\t\t\t<\/div>\n\t\t<\/div>\n\t\t\t\t\t<\/div>\n\t\t<\/section>\n\t\t\t\t\t<\/div>\n\t\t<\/div>\n\t\t\t\t\t<\/div>\n\t\t<\/section>\n\t\t\t\t<section class=\"elementor-section elementor-top-section elementor-element elementor-element-1834d6a elementor-reverse-tablet elementor-reverse-mobile elementor-section-boxed elementor-section-height-default elementor-section-height-default\" data-id=\"1834d6a\" data-element_type=\"section\">\n\t\t\t\t\t\t<div class=\"elementor-container elementor-column-gap-custom\">\n\t\t\t\t\t<div class=\"elementor-column elementor-col-50 elementor-top-column elementor-element elementor-element-5b9e434\" data-id=\"5b9e434\" data-element_type=\"column\">\n\t\t\t<div class=\"elementor-widget-wrap elementor-element-populated\">\n\t\t\t\t\t\t<div class=\"elementor-element elementor-element-7715e46 elementor-widget__width-auto elementor-widget elementor-widget-text-editor\" data-id=\"7715e46\" data-element_type=\"widget\" data-widget_type=\"text-editor.default\">\n\t\t\t\t<div class=\"elementor-widget-container\">\n\t\t\t\t\t\t\t\t\tNachhaltiges Design und zirkul\u00e4re Innovation\t\t\t\t\t\t\t\t<\/div>\n\t\t\t\t<\/div>\n\t\t\t\t<div class=\"elementor-element elementor-element-bf392b2 elementor-widget__width-auto elementor-widget elementor-widget-text-editor\" data-id=\"bf392b2\" data-element_type=\"widget\" data-widget_type=\"text-editor.default\">\n\t\t\t\t<div class=\"elementor-widget-container\">\n\t\t\t\t\t\t\t\t\t<p data-start=\"2595\" data-end=\"2754\">MAARMO wurde 2017 mit dem Ziel gegr\u00fcndet, nachhaltige Designm\u00f6bel zu entwickeln, die technologische Innovation mit Umweltverantwortung verbinden.<\/p>\n<p data-start=\"2756\" data-end=\"3028\">Unsere Produktion basiert auf den Prinzipien der Kreislaufwirtschaft: Der Rohstoff stammt aus Marmorstaub-Abf\u00e4llen, die bei einigen Produkten mit Reststoffen anderer Made-in-Italy-Branchen kombiniert werden \u2013 ganz ohne zus\u00e4tzliche chemische oder thermische Behandlungen.<\/p>\n<p data-start=\"3030\" data-end=\"3139\">Dieser Ansatz erm\u00f6glicht es uns, den Energieverbrauch und die CO\u2082-Emissionen auf ein Minimum zu reduzieren.<\/p>\t\t\t\t\t\t\t\t<\/div>\n\t\t\t\t<\/div>\n\t\t\t\t\t<\/div>\n\t\t<\/div>\n\t\t\t\t<div class=\"elementor-column elementor-col-50 elementor-top-column elementor-element elementor-element-3c6859e\" data-id=\"3c6859e\" data-element_type=\"column\">\n\t\t\t<div class=\"elementor-widget-wrap elementor-element-populated\">\n\t\t\t\t\t\t<div class=\"elementor-element elementor-element-9a63699 elementor-widget elementor-widget-image\" data-id=\"9a63699\" data-element_type=\"widget\" data-widget_type=\"image.default\">\n\t\t\t\t<div class=\"elementor-widget-container\">\n\t\t\t\t\t\t\t\t\t\t\t\t\t\t\t<img fetchpriority=\"high\" decoding=\"async\" width=\"1280\" height=\"1920\" src=\"https:\/\/maarmo.it\/wp-content\/uploads\/2025\/10\/maarmo-vinacce.jpg\" class=\"attachment-full size-full wp-image-9178\" alt=\"\" srcset=\"https:\/\/maarmo.it\/wp-content\/uploads\/2025\/10\/maarmo-vinacce.jpg 1280w, https:\/\/maarmo.it\/wp-content\/uploads\/2025\/10\/maarmo-vinacce-200x300.jpg 200w, https:\/\/maarmo.it\/wp-content\/uploads\/2025\/10\/maarmo-vinacce-683x1024.jpg 683w, https:\/\/maarmo.it\/wp-content\/uploads\/2025\/10\/maarmo-vinacce-768x1152.jpg 768w, https:\/\/maarmo.it\/wp-content\/uploads\/2025\/10\/maarmo-vinacce-1024x1536.jpg 1024w\" sizes=\"(max-width: 1280px) 100vw, 1280px\" \/>\t\t\t\t\t\t\t\t\t\t\t\t\t\t\t<\/div>\n\t\t\t\t<\/div>\n\t\t\t\t\t<\/div>\n\t\t<\/div>\n\t\t\t\t\t<\/div>\n\t\t<\/section>\n\t\t\t\t<section class=\"elementor-section elementor-top-section elementor-element elementor-element-63185f2 elementor-section-boxed elementor-section-height-default elementor-section-height-default\" data-id=\"63185f2\" data-element_type=\"section\">\n\t\t\t\t\t\t<div class=\"elementor-container elementor-column-gap-custom\">\n\t\t\t\t\t<div class=\"elementor-column elementor-col-50 elementor-top-column elementor-element elementor-element-acc729f\" data-id=\"acc729f\" data-element_type=\"column\">\n\t\t\t<div class=\"elementor-widget-wrap elementor-element-populated\">\n\t\t\t\t\t\t<div class=\"elementor-element elementor-element-5ea63a3 elementor-widget elementor-widget-image\" data-id=\"5ea63a3\" data-element_type=\"widget\" data-widget_type=\"image.default\">\n\t\t\t\t<div class=\"elementor-widget-container\">\n\t\t\t\t\t\t\t\t\t\t\t\t\t\t\t<img decoding=\"async\" width=\"1240\" height=\"787\" src=\"https:\/\/maarmo.it\/wp-content\/uploads\/2025\/10\/maarmo-vista-aerea.jpg\" class=\"attachment-full size-full wp-image-9182\" alt=\"\" srcset=\"https:\/\/maarmo.it\/wp-content\/uploads\/2025\/10\/maarmo-vista-aerea.jpg 1240w, https:\/\/maarmo.it\/wp-content\/uploads\/2025\/10\/maarmo-vista-aerea-300x190.jpg 300w, https:\/\/maarmo.it\/wp-content\/uploads\/2025\/10\/maarmo-vista-aerea-1024x650.jpg 1024w, https:\/\/maarmo.it\/wp-content\/uploads\/2025\/10\/maarmo-vista-aerea-768x487.jpg 768w\" sizes=\"(max-width: 1240px) 100vw, 1240px\" \/>\t\t\t\t\t\t\t\t\t\t\t\t\t\t\t<\/div>\n\t\t\t\t<\/div>\n\t\t\t\t\t<\/div>\n\t\t<\/div>\n\t\t\t\t<div class=\"elementor-column elementor-col-50 elementor-top-column elementor-element elementor-element-65d1ab8\" data-id=\"65d1ab8\" data-element_type=\"column\">\n\t\t\t<div class=\"elementor-widget-wrap elementor-element-populated\">\n\t\t\t\t\t\t<div class=\"elementor-element elementor-element-640ea81 elementor-widget__width-auto elementor-widget elementor-widget-text-editor\" data-id=\"640ea81\" data-element_type=\"widget\" data-widget_type=\"text-editor.default\">\n\t\t\t\t<div class=\"elementor-widget-container\">\n\t\t\t\t\t\t\t\t\tVom Recycling zur Regeneration\t\t\t\t\t\t\t\t<\/div>\n\t\t\t\t<\/div>\n\t\t\t\t<div class=\"elementor-element elementor-element-6ff2aad elementor-widget__width-auto elementor-widget elementor-widget-text-editor\" data-id=\"6ff2aad\" data-element_type=\"widget\" data-widget_type=\"text-editor.default\">\n\t\t\t\t<div class=\"elementor-widget-container\">\n\t\t\t\t\t\t\t\t\t<p>Zu unseren Hauptprodukten geh\u00f6ren Design-Heizk\u00f6rper, die am Ende ihres Lebenszyklus regeneriert und wieder in den Produktionsprozess integriert werden k\u00f6nnen. Nach dem Entfernen der Heizelemente (z. B. Kupfer oder elektrische Widerst\u00e4nde) werden die Materialien gemahlen und wiederverwendet \u2013 wodurch zirkul\u00e4re Materialfl\u00fcsse entstehen, die sich selbst regenerieren k\u00f6nnen.<\/p><p>Durch kontinuierliche Forschungs- und Entwicklungsarbeit hat MAARMO au\u00dferdem eine Linie nachhaltiger Wohnaccessoires entwickelt \u2013 wie Lampen und Dekorationsobjekte \u2013 die im 3D-Druckverfahren aus Filamenten mit Marmorstaub und recycelten Materialien hergestellt werden.<\/p><p>Das Ergebnis ist eine Kollektion, die zeitgen\u00f6ssisches Design, Nachhaltigkeit und italienische Innovation vereint.<\/p>\t\t\t\t\t\t\t\t<\/div>\n\t\t\t\t<\/div>\n\t\t\t\t\t<\/div>\n\t\t<\/div>\n\t\t\t\t\t<\/div>\n\t\t<\/section>\n\t\t\t\t<section class=\"elementor-section elementor-top-section elementor-element elementor-element-0cb6e17 elementor-section-boxed elementor-section-height-default elementor-section-height-default\" data-id=\"0cb6e17\" data-element_type=\"section\">\n\t\t\t\t\t\t<div class=\"elementor-container elementor-column-gap-default\">\n\t\t\t\t\t<div class=\"elementor-column elementor-col-100 elementor-top-column elementor-element elementor-element-aa3ca4f\" data-id=\"aa3ca4f\" data-element_type=\"column\">\n\t\t\t<div class=\"elementor-widget-wrap elementor-element-populated\">\n\t\t\t\t\t\t<div class=\"elementor-element elementor-element-c16684c elementor-widget elementor-widget-video\" data-id=\"c16684c\" data-element_type=\"widget\" data-settings=\"{&quot;youtube_url&quot;:&quot;https:\\\/\\\/www.youtube.com\\\/watch?v=r1_lyfrjzi0&quot;,&quot;yt_privacy&quot;:&quot;yes&quot;,&quot;lazy_load&quot;:&quot;yes&quot;,&quot;video_type&quot;:&quot;youtube&quot;,&quot;controls&quot;:&quot;yes&quot;}\" data-widget_type=\"video.default\">\n\t\t\t\t<div class=\"elementor-widget-container\">\n\t\t\t\t\t\t\t<div class=\"elementor-wrapper elementor-open-inline\">\n\t\t\t<div class=\"elementor-video\"><\/div>\t\t<\/div>\n\t\t\t\t\t\t<\/div>\n\t\t\t\t<\/div>\n\t\t\t\t\t<\/div>\n\t\t<\/div>\n\t\t\t\t\t<\/div>\n\t\t<\/section>\n\t\t\t\t<\/div>\n\t\t","protected":false},"excerpt":{"rendered":"<p>MAARMO SRL Unternehmensprofil Nachhaltiges Design und zirkul\u00e4re Innovation MAARMO wurde 2017 mit dem Ziel gegr\u00fcndet, nachhaltige Designm\u00f6bel zu entwickeln, die technologische Innovation mit Umweltverantwortung verbinden. Unsere Produktion basiert auf den Prinzipien der Kreislaufwirtschaft: Der Rohstoff stammt aus Marmorstaub-Abf\u00e4llen, die bei einigen Produkten mit Reststoffen anderer Made-in-Italy-Branchen kombiniert werden \u2013 ganz ohne zus\u00e4tzliche chemische oder thermische [&hellip;]<\/p>\n","protected":false},"author":5,"featured_media":0,"parent":0,"menu_order":0,"comment_status":"closed","ping_status":"closed","template":"elementor_header_footer","meta":{"footnotes":""},"class_list":["post-9068","page","type-page","status-publish","hentry"],"yoast_head":"<!-- This site is optimized with the Yoast SEO plugin v26.7 - https:\/\/yoast.com\/wordpress\/plugins\/seo\/ -->\n<title>\u00dcber uns - MAARMO<\/title>\n<meta name=\"description\" content=\"MAARMO entwirft nachhaltige Designm\u00f6bel aus Marmorstaub und recycelten Materialien und verbindet Innovation, Kreislaufwirtschaft und italienische Handwerkskunst.\" \/>\n<meta name=\"robots\" content=\"index, follow, max-snippet:-1, max-image-preview:large, max-video-preview:-1\" \/>\n<link rel=\"canonical\" href=\"https:\/\/maarmo.it\/de\/ueber-uns\/\" \/>\n<meta property=\"og:locale\" content=\"de_DE\" \/>\n<meta property=\"og:type\" content=\"article\" \/>\n<meta property=\"og:title\" content=\"\u00dcber uns - MAARMO\" \/>\n<meta property=\"og:description\" content=\"MAARMO entwirft nachhaltige Designm\u00f6bel aus Marmorstaub und recycelten Materialien und verbindet Innovation, Kreislaufwirtschaft und italienische Handwerkskunst.\" \/>\n<meta property=\"og:url\" content=\"https:\/\/maarmo.it\/de\/ueber-uns\/\" \/>\n<meta property=\"og:site_name\" content=\"MAARMO\" \/>\n<meta property=\"article:publisher\" content=\"https:\/\/www.facebook.com\/maarmosrl\/\" \/>\n<meta property=\"article:modified_time\" content=\"2025-10-30T09:25:25+00:00\" \/>\n<meta property=\"og:image\" content=\"https:\/\/maarmo.it\/wp-content\/uploads\/2025\/10\/maarmo-vinacce.jpg\" \/>\n<meta name=\"twitter:card\" content=\"summary_large_image\" \/>\n<meta name=\"twitter:label1\" content=\"Gesch\u00e4tzte Lesezeit\" \/>\n\t<meta name=\"twitter:data1\" content=\"2\u00a0Minuten\" \/>\n<script type=\"application\/ld+json\" class=\"yoast-schema-graph\">{\"@context\":\"https:\/\/schema.org\",\"@graph\":[{\"@type\":\"WebPage\",\"@id\":\"https:\/\/maarmo.it\/de\/ueber-uns\/\",\"url\":\"https:\/\/maarmo.it\/de\/ueber-uns\/\",\"name\":\"\u00dcber uns - MAARMO\",\"isPartOf\":{\"@id\":\"https:\/\/maarmo.it\/de\/#website\"},\"primaryImageOfPage\":{\"@id\":\"https:\/\/maarmo.it\/de\/ueber-uns\/#primaryimage\"},\"image\":{\"@id\":\"https:\/\/maarmo.it\/de\/ueber-uns\/#primaryimage\"},\"thumbnailUrl\":\"https:\/\/maarmo.it\/wp-content\/uploads\/2025\/10\/maarmo-vinacce.jpg\",\"datePublished\":\"2025-10-27T15:19:53+00:00\",\"dateModified\":\"2025-10-30T09:25:25+00:00\",\"description\":\"MAARMO entwirft nachhaltige Designm\u00f6bel aus Marmorstaub und recycelten Materialien und verbindet Innovation, Kreislaufwirtschaft und italienische Handwerkskunst.\",\"breadcrumb\":{\"@id\":\"https:\/\/maarmo.it\/de\/ueber-uns\/#breadcrumb\"},\"inLanguage\":\"de\",\"potentialAction\":[{\"@type\":\"ReadAction\",\"target\":[\"https:\/\/maarmo.it\/de\/ueber-uns\/\"]}]},{\"@type\":\"ImageObject\",\"inLanguage\":\"de\",\"@id\":\"https:\/\/maarmo.it\/de\/ueber-uns\/#primaryimage\",\"url\":\"https:\/\/maarmo.it\/wp-content\/uploads\/2025\/10\/maarmo-vinacce.jpg\",\"contentUrl\":\"https:\/\/maarmo.it\/wp-content\/uploads\/2025\/10\/maarmo-vinacce.jpg\"},{\"@type\":\"BreadcrumbList\",\"@id\":\"https:\/\/maarmo.it\/de\/ueber-uns\/#breadcrumb\",\"itemListElement\":[{\"@type\":\"ListItem\",\"position\":1,\"name\":\"Home\",\"item\":\"https:\/\/maarmo.it\/de\/\"},{\"@type\":\"ListItem\",\"position\":2,\"name\":\"\u00dcber uns\"}]},{\"@type\":\"WebSite\",\"@id\":\"https:\/\/maarmo.it\/de\/#website\",\"url\":\"https:\/\/maarmo.it\/de\/\",\"name\":\"MAARMO\",\"description\":\"\",\"publisher\":{\"@id\":\"https:\/\/maarmo.it\/de\/#organization\"},\"potentialAction\":[{\"@type\":\"SearchAction\",\"target\":{\"@type\":\"EntryPoint\",\"urlTemplate\":\"https:\/\/maarmo.it\/de\/?s={search_term_string}\"},\"query-input\":{\"@type\":\"PropertyValueSpecification\",\"valueRequired\":true,\"valueName\":\"search_term_string\"}}],\"inLanguage\":\"de\"},{\"@type\":\"Organization\",\"@id\":\"https:\/\/maarmo.it\/de\/#organization\",\"name\":\"MAARMO\",\"url\":\"https:\/\/maarmo.it\/de\/\",\"logo\":{\"@type\":\"ImageObject\",\"inLanguage\":\"de\",\"@id\":\"https:\/\/maarmo.it\/de\/#\/schema\/logo\/image\/\",\"url\":\"https:\/\/maarmo.it\/wp-content\/uploads\/2023\/03\/MAARMO-new-white-logo-payoff.png\",\"contentUrl\":\"https:\/\/maarmo.it\/wp-content\/uploads\/2023\/03\/MAARMO-new-white-logo-payoff.png\",\"width\":360,\"height\":90,\"caption\":\"MAARMO\"},\"image\":{\"@id\":\"https:\/\/maarmo.it\/de\/#\/schema\/logo\/image\/\"},\"sameAs\":[\"https:\/\/www.facebook.com\/maarmosrl\/\"]}]}<\/script>\n<!-- \/ Yoast SEO plugin. -->","yoast_head_json":{"title":"\u00dcber uns - MAARMO","description":"MAARMO entwirft nachhaltige Designm\u00f6bel aus Marmorstaub und recycelten Materialien und verbindet Innovation, Kreislaufwirtschaft und italienische Handwerkskunst.","robots":{"index":"index","follow":"follow","max-snippet":"max-snippet:-1","max-image-preview":"max-image-preview:large","max-video-preview":"max-video-preview:-1"},"canonical":"https:\/\/maarmo.it\/de\/ueber-uns\/","og_locale":"de_DE","og_type":"article","og_title":"\u00dcber uns - MAARMO","og_description":"MAARMO entwirft nachhaltige Designm\u00f6bel aus Marmorstaub und recycelten Materialien und verbindet Innovation, Kreislaufwirtschaft und italienische Handwerkskunst.","og_url":"https:\/\/maarmo.it\/de\/ueber-uns\/","og_site_name":"MAARMO","article_publisher":"https:\/\/www.facebook.com\/maarmosrl\/","article_modified_time":"2025-10-30T09:25:25+00:00","og_image":[{"url":"https:\/\/maarmo.it\/wp-content\/uploads\/2025\/10\/maarmo-vinacce.jpg","type":"","width":"","height":""}],"twitter_card":"summary_large_image","twitter_misc":{"Gesch\u00e4tzte Lesezeit":"2\u00a0Minuten"},"schema":{"@context":"https:\/\/schema.org","@graph":[{"@type":"WebPage","@id":"https:\/\/maarmo.it\/de\/ueber-uns\/","url":"https:\/\/maarmo.it\/de\/ueber-uns\/","name":"\u00dcber uns - MAARMO","isPartOf":{"@id":"https:\/\/maarmo.it\/de\/#website"},"primaryImageOfPage":{"@id":"https:\/\/maarmo.it\/de\/ueber-uns\/#primaryimage"},"image":{"@id":"https:\/\/maarmo.it\/de\/ueber-uns\/#primaryimage"},"thumbnailUrl":"https:\/\/maarmo.it\/wp-content\/uploads\/2025\/10\/maarmo-vinacce.jpg","datePublished":"2025-10-27T15:19:53+00:00","dateModified":"2025-10-30T09:25:25+00:00","description":"MAARMO entwirft nachhaltige Designm\u00f6bel aus Marmorstaub und recycelten Materialien und verbindet Innovation, Kreislaufwirtschaft und italienische Handwerkskunst.","breadcrumb":{"@id":"https:\/\/maarmo.it\/de\/ueber-uns\/#breadcrumb"},"inLanguage":"de","potentialAction":[{"@type":"ReadAction","target":["https:\/\/maarmo.it\/de\/ueber-uns\/"]}]},{"@type":"ImageObject","inLanguage":"de","@id":"https:\/\/maarmo.it\/de\/ueber-uns\/#primaryimage","url":"https:\/\/maarmo.it\/wp-content\/uploads\/2025\/10\/maarmo-vinacce.jpg","contentUrl":"https:\/\/maarmo.it\/wp-content\/uploads\/2025\/10\/maarmo-vinacce.jpg"},{"@type":"BreadcrumbList","@id":"https:\/\/maarmo.it\/de\/ueber-uns\/#breadcrumb","itemListElement":[{"@type":"ListItem","position":1,"name":"Home","item":"https:\/\/maarmo.it\/de\/"},{"@type":"ListItem","position":2,"name":"\u00dcber uns"}]},{"@type":"WebSite","@id":"https:\/\/maarmo.it\/de\/#website","url":"https:\/\/maarmo.it\/de\/","name":"MAARMO","description":"","publisher":{"@id":"https:\/\/maarmo.it\/de\/#organization"},"potentialAction":[{"@type":"SearchAction","target":{"@type":"EntryPoint","urlTemplate":"https:\/\/maarmo.it\/de\/?s={search_term_string}"},"query-input":{"@type":"PropertyValueSpecification","valueRequired":true,"valueName":"search_term_string"}}],"inLanguage":"de"},{"@type":"Organization","@id":"https:\/\/maarmo.it\/de\/#organization","name":"MAARMO","url":"https:\/\/maarmo.it\/de\/","logo":{"@type":"ImageObject","inLanguage":"de","@id":"https:\/\/maarmo.it\/de\/#\/schema\/logo\/image\/","url":"https:\/\/maarmo.it\/wp-content\/uploads\/2023\/03\/MAARMO-new-white-logo-payoff.png","contentUrl":"https:\/\/maarmo.it\/wp-content\/uploads\/2023\/03\/MAARMO-new-white-logo-payoff.png","width":360,"height":90,"caption":"MAARMO"},"image":{"@id":"https:\/\/maarmo.it\/de\/#\/schema\/logo\/image\/"},"sameAs":["https:\/\/www.facebook.com\/maarmosrl\/"]}]}},"_links":{"self":[{"href":"https:\/\/maarmo.it\/de\/wp-json\/wp\/v2\/pages\/9068","targetHints":{"allow":["GET"]}}],"collection":[{"href":"https:\/\/maarmo.it\/de\/wp-json\/wp\/v2\/pages"}],"about":[{"href":"https:\/\/maarmo.it\/de\/wp-json\/wp\/v2\/types\/page"}],"author":[{"embeddable":true,"href":"https:\/\/maarmo.it\/de\/wp-json\/wp\/v2\/users\/5"}],"replies":[{"embeddable":true,"href":"https:\/\/maarmo.it\/de\/wp-json\/wp\/v2\/comments?post=9068"}],"version-history":[{"count":7,"href":"https:\/\/maarmo.it\/de\/wp-json\/wp\/v2\/pages\/9068\/revisions"}],"predecessor-version":[{"id":9201,"href":"https:\/\/maarmo.it\/de\/wp-json\/wp\/v2\/pages\/9068\/revisions\/9201"}],"wp:attachment":[{"href":"https:\/\/maarmo.it\/de\/wp-json\/wp\/v2\/media?parent=9068"}],"curies":[{"name":"wp","href":"https:\/\/api.w.org\/{rel}","templated":true}]}}