{"id":9247,"date":"2025-10-30T10:28:06","date_gmt":"2025-10-30T09:28:06","guid":{"rendered":"https:\/\/maarmo.it\/?page_id=9247"},"modified":"2025-10-30T11:09:22","modified_gmt":"2025-10-30T10:09:22","slug":"einrichtungselemente","status":"publish","type":"page","link":"https:\/\/maarmo.it\/de\/einrichtungselemente\/","title":{"rendered":"Einrichtungselemente"},"content":{"rendered":"\t\t<div data-elementor-type=\"wp-page\" data-elementor-id=\"9247\" class=\"elementor elementor-9247 elementor-9202\" data-elementor-post-type=\"page\">\n\t\t\t\t\t\t<section class=\"elementor-section elementor-top-section elementor-element elementor-element-f456af2 elementor-section-full_width elementor-section-height-full elementor-section-height-default elementor-section-items-middle\" data-id=\"f456af2\" data-element_type=\"section\" data-settings=\"{&quot;background_background&quot;:&quot;classic&quot;}\">\n\t\t\t\t\t\t\t<div class=\"elementor-background-overlay\"><\/div>\n\t\t\t\t\t\t\t<div class=\"elementor-container elementor-column-gap-default\">\n\t\t\t\t\t<div class=\"elementor-column elementor-col-100 elementor-top-column elementor-element elementor-element-0219aa4\" data-id=\"0219aa4\" data-element_type=\"column\">\n\t\t\t<div class=\"elementor-widget-wrap elementor-element-populated\">\n\t\t\t\t\t\t<section class=\"elementor-section elementor-inner-section elementor-element elementor-element-d4db060 elementor-section-height-min-height elementor-section-content-middle elementor-section-boxed elementor-section-height-default\" data-id=\"d4db060\" data-element_type=\"section\" data-settings=\"{&quot;background_background&quot;:&quot;classic&quot;}\">\n\t\t\t\t\t\t\t<div class=\"elementor-background-overlay\"><\/div>\n\t\t\t\t\t\t\t<div class=\"elementor-container elementor-column-gap-default\">\n\t\t\t\t\t<div class=\"elementor-column elementor-col-100 elementor-inner-column elementor-element elementor-element-b690d59\" data-id=\"b690d59\" data-element_type=\"column\">\n\t\t\t<div class=\"elementor-widget-wrap elementor-element-populated\">\n\t\t\t\t\t\t<div class=\"elementor-element elementor-element-55156ed elementor-widget elementor-widget-heading\" data-id=\"55156ed\" data-element_type=\"widget\" data-widget_type=\"heading.default\">\n\t\t\t\t<div class=\"elementor-widget-container\">\n\t\t\t\t\t<h1 class=\"elementor-heading-title elementor-size-default\">Einrichtungselemente<\/h1>\t\t\t\t<\/div>\n\t\t\t\t<\/div>\n\t\t\t\t<div class=\"elementor-element elementor-element-68de2a1 elementor-invisible elementor-widget elementor-widget-text-editor\" data-id=\"68de2a1\" data-element_type=\"widget\" data-settings=\"{&quot;motion_fx_motion_fx_mouse&quot;:&quot;yes&quot;,&quot;motion_fx_mouseTrack_effect&quot;:&quot;yes&quot;,&quot;motion_fx_mouseTrack_speed&quot;:{&quot;unit&quot;:&quot;px&quot;,&quot;size&quot;:0.1,&quot;sizes&quot;:[]},&quot;_animation&quot;:&quot;fadeIn&quot;}\" data-widget_type=\"text-editor.default\">\n\t\t\t\t<div class=\"elementor-widget-container\">\n\t\t\t\t\t\t\t\t\t<h2 style=\"margin: 0px; font-size: 30px;\">Ma\u00dfgeschneidertes Design, null Umweltbelastung.<\/h2>\t\t\t\t\t\t\t\t<\/div>\n\t\t\t\t<\/div>\n\t\t\t\t\t<\/div>\n\t\t<\/div>\n\t\t\t\t\t<\/div>\n\t\t<\/section>\n\t\t\t\t\t<\/div>\n\t\t<\/div>\n\t\t\t\t\t<\/div>\n\t\t<\/section>\n\t\t\t\t<section class=\"elementor-section elementor-top-section elementor-element elementor-element-6f2ad4f elementor-reverse-tablet elementor-reverse-mobile elementor-section-boxed elementor-section-height-default elementor-section-height-default\" data-id=\"6f2ad4f\" data-element_type=\"section\">\n\t\t\t\t\t\t<div class=\"elementor-container elementor-column-gap-custom\">\n\t\t\t\t\t<div class=\"elementor-column elementor-col-100 elementor-top-column elementor-element elementor-element-0969576\" data-id=\"0969576\" data-element_type=\"column\">\n\t\t\t<div class=\"elementor-widget-wrap elementor-element-populated\">\n\t\t\t\t\t\t<div class=\"elementor-element elementor-element-d40ab20 elementor-widget__width-auto elementor-widget elementor-widget-text-editor\" data-id=\"d40ab20\" data-element_type=\"widget\" data-widget_type=\"text-editor.default\">\n\t\t\t\t<div class=\"elementor-widget-container\">\n\t\t\t\t\t\t\t\t\t<p>Durch kontinuierliche <strong>Forschung &amp; Entwicklung<\/strong> haben wir eine <strong>Linie von Einrichtungselementen<\/strong> entwickelt \u2013 wie Lampen und Accessoires \u2013 die mit <strong>3D-Druck<\/strong> aus einem <strong>innovativen Filament<\/strong> aus <strong>Marmorabf\u00e4llen und recycelten Materialien<\/strong> hergestellt werden. Unser Ziel ist es, <strong>Design und Nachhaltigkeit<\/strong> zu vereinen und wiedergewonnene Materialien in einzigartige Objekte mit hohem \u00e4sthetischen Wert zu verwandeln.<\/p><p>Das Projekt entstand aus einer <strong>experimentellen Zusammenarbeit<\/strong> mit einem auf Extrusionsprozesse spezialisierten Unternehmen, das uns bei der Entwicklung der <strong>optimalen Filamentformel<\/strong> unterst\u00fctzte, um <strong>Flexibilit\u00e4t, Festigkeit und Farbbest\u00e4ndigkeit<\/strong> zu gew\u00e4hrleisten.<\/p><p>Die Entscheidung f\u00fcr die <strong>additive Fertigung<\/strong> ist die nat\u00fcrliche Weiterentwicklung unserer Vision: Mit dem <strong>3D-Druck<\/strong> verwenden wir keine Klebstoffe, Harze oder Kunststoffe, erzeugen keinen Abfall und produzieren <strong>nur auf Anfrage<\/strong>, ohne Lagerbest\u00e4nde aufzubauen.<\/p><h2>Vorteil:<\/h2><p>Dieser Ansatz erm\u00f6glicht es uns, <strong>Kunden<\/strong> bei der <strong>Gestaltung und Herstellung ma\u00dfgeschneiderter Einrichtungselemente<\/strong> mit <strong>null Umweltauswirkung<\/strong> zu begleiten.<\/p>\t\t\t\t\t\t\t\t<\/div>\n\t\t\t\t<\/div>\n\t\t\t\t<div class=\"elementor-element elementor-element-9d81de9 elementor-widget elementor-widget-gallery\" data-id=\"9d81de9\" data-element_type=\"widget\" data-settings=\"{&quot;gap&quot;:{&quot;unit&quot;:&quot;px&quot;,&quot;size&quot;:20,&quot;sizes&quot;:[]},&quot;aspect_ratio&quot;:&quot;1:1&quot;,&quot;lazyload&quot;:&quot;yes&quot;,&quot;gallery_layout&quot;:&quot;grid&quot;,&quot;columns&quot;:4,&quot;columns_tablet&quot;:2,&quot;columns_mobile&quot;:1,&quot;gap_tablet&quot;:{&quot;unit&quot;:&quot;px&quot;,&quot;size&quot;:10,&quot;sizes&quot;:[]},&quot;gap_mobile&quot;:{&quot;unit&quot;:&quot;px&quot;,&quot;size&quot;:10,&quot;sizes&quot;:[]},&quot;link_to&quot;:&quot;file&quot;,&quot;overlay_background&quot;:&quot;yes&quot;,&quot;content_hover_animation&quot;:&quot;fade-in&quot;}\" data-widget_type=\"gallery.default\">\n\t\t\t\t<div class=\"elementor-widget-container\">\n\t\t\t\t\t\t\t<div class=\"elementor-gallery__container\">\n\t\t\t\t\t\t\t<a class=\"e-gallery-item elementor-gallery-item elementor-animated-content\" href=\"https:\/\/maarmo.it\/wp-content\/uploads\/2025\/10\/maarmo-elementi-arredo-hero-img.jpeg\" data-elementor-open-lightbox=\"yes\" data-elementor-lightbox-slideshow=\"9d81de9\" data-elementor-lightbox-title=\"maarmo-elementi-arredo-hero-img\" data-e-action-hash=\"#elementor-action%3Aaction%3Dlightbox%26settings%3DeyJpZCI6OTIwOCwidXJsIjoiaHR0cHM6XC9cL21hYXJtby5pdFwvd3AtY29udGVudFwvdXBsb2Fkc1wvMjAyNVwvMTBcL21hYXJtby1lbGVtZW50aS1hcnJlZG8taGVyby1pbWcuanBlZyIsInNsaWRlc2hvdyI6IjlkODFkZTkifQ%3D%3D\">\n\t\t\t\t\t<div class=\"e-gallery-image elementor-gallery-item__image\" data-thumbnail=\"https:\/\/maarmo.it\/wp-content\/uploads\/2025\/10\/maarmo-elementi-arredo-hero-img.jpeg\" data-width=\"626\" data-height=\"420\" aria-label=\"\" role=\"img\" ><\/div>\n\t\t\t\t\t\t\t\t\t\t\t<div class=\"elementor-gallery-item__overlay\"><\/div>\n\t\t\t\t\t\t\t\t\t\t\t\t\t\t<\/a>\n\t\t\t\t\t\t\t<a class=\"e-gallery-item elementor-gallery-item elementor-animated-content\" href=\"https:\/\/maarmo.it\/wp-content\/uploads\/2025\/10\/maarmo-elementi-arredo-fv.jpeg\" data-elementor-open-lightbox=\"yes\" data-elementor-lightbox-slideshow=\"9d81de9\" data-elementor-lightbox-title=\"maarmo-elementi-arredo-fv\" data-e-action-hash=\"#elementor-action%3Aaction%3Dlightbox%26settings%3DeyJpZCI6OTIyMCwidXJsIjoiaHR0cHM6XC9cL21hYXJtby5pdFwvd3AtY29udGVudFwvdXBsb2Fkc1wvMjAyNVwvMTBcL21hYXJtby1lbGVtZW50aS1hcnJlZG8tZnYuanBlZyIsInNsaWRlc2hvdyI6IjlkODFkZTkifQ%3D%3D\">\n\t\t\t\t\t<div class=\"e-gallery-image elementor-gallery-item__image\" data-thumbnail=\"https:\/\/maarmo.it\/wp-content\/uploads\/2025\/10\/maarmo-elementi-arredo-fv-768x1024.jpeg\" data-width=\"768\" data-height=\"1024\" aria-label=\"\" role=\"img\" ><\/div>\n\t\t\t\t\t\t\t\t\t\t\t<div class=\"elementor-gallery-item__overlay\"><\/div>\n\t\t\t\t\t\t\t\t\t\t\t\t\t\t<\/a>\n\t\t\t\t\t\t\t<a class=\"e-gallery-item elementor-gallery-item elementor-animated-content\" href=\"https:\/\/maarmo.it\/wp-content\/uploads\/2025\/10\/maarmo-elementi-arredo-aa.jpeg\" data-elementor-open-lightbox=\"yes\" data-elementor-lightbox-slideshow=\"9d81de9\" data-elementor-lightbox-title=\"maarmo-elementi-arredo-aa\" data-e-action-hash=\"#elementor-action%3Aaction%3Dlightbox%26settings%3DeyJpZCI6OTIxNiwidXJsIjoiaHR0cHM6XC9cL21hYXJtby5pdFwvd3AtY29udGVudFwvdXBsb2Fkc1wvMjAyNVwvMTBcL21hYXJtby1lbGVtZW50aS1hcnJlZG8tYWEuanBlZyIsInNsaWRlc2hvdyI6IjlkODFkZTkifQ%3D%3D\">\n\t\t\t\t\t<div class=\"e-gallery-image elementor-gallery-item__image\" data-thumbnail=\"https:\/\/maarmo.it\/wp-content\/uploads\/2025\/10\/maarmo-elementi-arredo-aa-768x1024.jpeg\" data-width=\"768\" data-height=\"1024\" aria-label=\"\" role=\"img\" ><\/div>\n\t\t\t\t\t\t\t\t\t\t\t<div class=\"elementor-gallery-item__overlay\"><\/div>\n\t\t\t\t\t\t\t\t\t\t\t\t\t\t<\/a>\n\t\t\t\t\t\t\t<a class=\"e-gallery-item elementor-gallery-item elementor-animated-content\" href=\"https:\/\/maarmo.it\/wp-content\/uploads\/2025\/10\/mAArmettina.jpeg\" data-elementor-open-lightbox=\"yes\" data-elementor-lightbox-slideshow=\"9d81de9\" data-elementor-lightbox-title=\"mAArmettina\" data-e-action-hash=\"#elementor-action%3Aaction%3Dlightbox%26settings%3DeyJpZCI6OTIxMiwidXJsIjoiaHR0cHM6XC9cL21hYXJtby5pdFwvd3AtY29udGVudFwvdXBsb2Fkc1wvMjAyNVwvMTBcL21BQXJtZXR0aW5hLmpwZWciLCJzbGlkZXNob3ciOiI5ZDgxZGU5In0%3D\">\n\t\t\t\t\t<div class=\"e-gallery-image elementor-gallery-item__image\" data-thumbnail=\"https:\/\/maarmo.it\/wp-content\/uploads\/2025\/10\/mAArmettina-909x1024.jpeg\" data-width=\"800\" data-height=\"901\" aria-label=\"\" role=\"img\" ><\/div>\n\t\t\t\t\t\t\t\t\t\t\t<div class=\"elementor-gallery-item__overlay\"><\/div>\n\t\t\t\t\t\t\t\t\t\t\t\t\t\t<\/a>\n\t\t\t\t\t<\/div>\n\t\t\t\t\t<\/div>\n\t\t\t\t<\/div>\n\t\t\t\t\t<\/div>\n\t\t<\/div>\n\t\t\t\t\t<\/div>\n\t\t<\/section>\n\t\t\t\t<\/div>\n\t\t","protected":false},"excerpt":{"rendered":"<p>Einrichtungselemente Ma\u00dfgeschneidertes Design, null Umweltbelastung. Durch kontinuierliche Forschung &amp; Entwicklung haben wir eine Linie von Einrichtungselementen entwickelt \u2013 wie Lampen und Accessoires \u2013 die mit 3D-Druck aus einem innovativen Filament aus Marmorabf\u00e4llen und recycelten Materialien hergestellt werden. Unser Ziel ist es, Design und Nachhaltigkeit zu vereinen und wiedergewonnene Materialien in einzigartige Objekte mit hohem \u00e4sthetischen [&hellip;]<\/p>\n","protected":false},"author":5,"featured_media":0,"parent":0,"menu_order":0,"comment_status":"closed","ping_status":"closed","template":"elementor_header_footer","meta":{"footnotes":""},"class_list":["post-9247","page","type-page","status-publish","hentry"],"yoast_head":"<!-- This site is optimized with the Yoast SEO plugin v26.7 - https:\/\/yoast.com\/wordpress\/plugins\/seo\/ -->\n<title>Einrichtungselemente - MAARMO<\/title>\n<meta name=\"description\" content=\"3D-gedruckte Einrichtungselemente aus Marmorabf\u00e4llen und recycelten Materialien. Ma\u00dfgeschneidertes Design, null Umweltbelastung.\" \/>\n<meta name=\"robots\" content=\"index, follow, max-snippet:-1, max-image-preview:large, max-video-preview:-1\" \/>\n<link rel=\"canonical\" href=\"https:\/\/maarmo.it\/de\/einrichtungselemente\/\" \/>\n<meta property=\"og:locale\" content=\"de_DE\" \/>\n<meta property=\"og:type\" content=\"article\" \/>\n<meta property=\"og:title\" content=\"Einrichtungselemente - MAARMO\" \/>\n<meta property=\"og:description\" content=\"3D-gedruckte Einrichtungselemente aus Marmorabf\u00e4llen und recycelten Materialien. Ma\u00dfgeschneidertes Design, null Umweltbelastung.\" \/>\n<meta property=\"og:url\" content=\"https:\/\/maarmo.it\/de\/einrichtungselemente\/\" \/>\n<meta property=\"og:site_name\" content=\"MAARMO\" \/>\n<meta property=\"article:publisher\" content=\"https:\/\/www.facebook.com\/maarmosrl\/\" \/>\n<meta property=\"article:modified_time\" content=\"2025-10-30T10:09:22+00:00\" \/>\n<meta name=\"twitter:card\" content=\"summary_large_image\" \/>\n<meta name=\"twitter:label1\" content=\"Gesch\u00e4tzte Lesezeit\" \/>\n\t<meta name=\"twitter:data1\" content=\"1\u00a0Minute\" \/>\n<script type=\"application\/ld+json\" class=\"yoast-schema-graph\">{\"@context\":\"https:\/\/schema.org\",\"@graph\":[{\"@type\":\"WebPage\",\"@id\":\"https:\/\/maarmo.it\/de\/einrichtungselemente\/\",\"url\":\"https:\/\/maarmo.it\/de\/einrichtungselemente\/\",\"name\":\"Einrichtungselemente - MAARMO\",\"isPartOf\":{\"@id\":\"https:\/\/maarmo.it\/de\/#website\"},\"datePublished\":\"2025-10-30T09:28:06+00:00\",\"dateModified\":\"2025-10-30T10:09:22+00:00\",\"description\":\"3D-gedruckte Einrichtungselemente aus Marmorabf\u00e4llen und recycelten Materialien. Ma\u00dfgeschneidertes Design, null Umweltbelastung.\",\"breadcrumb\":{\"@id\":\"https:\/\/maarmo.it\/de\/einrichtungselemente\/#breadcrumb\"},\"inLanguage\":\"de\",\"potentialAction\":[{\"@type\":\"ReadAction\",\"target\":[\"https:\/\/maarmo.it\/de\/einrichtungselemente\/\"]}]},{\"@type\":\"BreadcrumbList\",\"@id\":\"https:\/\/maarmo.it\/de\/einrichtungselemente\/#breadcrumb\",\"itemListElement\":[{\"@type\":\"ListItem\",\"position\":1,\"name\":\"Home\",\"item\":\"https:\/\/maarmo.it\/de\/\"},{\"@type\":\"ListItem\",\"position\":2,\"name\":\"Einrichtungselemente\"}]},{\"@type\":\"WebSite\",\"@id\":\"https:\/\/maarmo.it\/de\/#website\",\"url\":\"https:\/\/maarmo.it\/de\/\",\"name\":\"MAARMO\",\"description\":\"\",\"publisher\":{\"@id\":\"https:\/\/maarmo.it\/de\/#organization\"},\"potentialAction\":[{\"@type\":\"SearchAction\",\"target\":{\"@type\":\"EntryPoint\",\"urlTemplate\":\"https:\/\/maarmo.it\/de\/?s={search_term_string}\"},\"query-input\":{\"@type\":\"PropertyValueSpecification\",\"valueRequired\":true,\"valueName\":\"search_term_string\"}}],\"inLanguage\":\"de\"},{\"@type\":\"Organization\",\"@id\":\"https:\/\/maarmo.it\/de\/#organization\",\"name\":\"MAARMO\",\"url\":\"https:\/\/maarmo.it\/de\/\",\"logo\":{\"@type\":\"ImageObject\",\"inLanguage\":\"de\",\"@id\":\"https:\/\/maarmo.it\/de\/#\/schema\/logo\/image\/\",\"url\":\"https:\/\/maarmo.it\/wp-content\/uploads\/2023\/03\/MAARMO-new-white-logo-payoff.png\",\"contentUrl\":\"https:\/\/maarmo.it\/wp-content\/uploads\/2023\/03\/MAARMO-new-white-logo-payoff.png\",\"width\":360,\"height\":90,\"caption\":\"MAARMO\"},\"image\":{\"@id\":\"https:\/\/maarmo.it\/de\/#\/schema\/logo\/image\/\"},\"sameAs\":[\"https:\/\/www.facebook.com\/maarmosrl\/\"]}]}<\/script>\n<!-- \/ Yoast SEO plugin. -->","yoast_head_json":{"title":"Einrichtungselemente - MAARMO","description":"3D-gedruckte Einrichtungselemente aus Marmorabf\u00e4llen und recycelten Materialien. Ma\u00dfgeschneidertes Design, null Umweltbelastung.","robots":{"index":"index","follow":"follow","max-snippet":"max-snippet:-1","max-image-preview":"max-image-preview:large","max-video-preview":"max-video-preview:-1"},"canonical":"https:\/\/maarmo.it\/de\/einrichtungselemente\/","og_locale":"de_DE","og_type":"article","og_title":"Einrichtungselemente - MAARMO","og_description":"3D-gedruckte Einrichtungselemente aus Marmorabf\u00e4llen und recycelten Materialien. Ma\u00dfgeschneidertes Design, null Umweltbelastung.","og_url":"https:\/\/maarmo.it\/de\/einrichtungselemente\/","og_site_name":"MAARMO","article_publisher":"https:\/\/www.facebook.com\/maarmosrl\/","article_modified_time":"2025-10-30T10:09:22+00:00","twitter_card":"summary_large_image","twitter_misc":{"Gesch\u00e4tzte Lesezeit":"1\u00a0Minute"},"schema":{"@context":"https:\/\/schema.org","@graph":[{"@type":"WebPage","@id":"https:\/\/maarmo.it\/de\/einrichtungselemente\/","url":"https:\/\/maarmo.it\/de\/einrichtungselemente\/","name":"Einrichtungselemente - MAARMO","isPartOf":{"@id":"https:\/\/maarmo.it\/de\/#website"},"datePublished":"2025-10-30T09:28:06+00:00","dateModified":"2025-10-30T10:09:22+00:00","description":"3D-gedruckte Einrichtungselemente aus Marmorabf\u00e4llen und recycelten Materialien. Ma\u00dfgeschneidertes Design, null Umweltbelastung.","breadcrumb":{"@id":"https:\/\/maarmo.it\/de\/einrichtungselemente\/#breadcrumb"},"inLanguage":"de","potentialAction":[{"@type":"ReadAction","target":["https:\/\/maarmo.it\/de\/einrichtungselemente\/"]}]},{"@type":"BreadcrumbList","@id":"https:\/\/maarmo.it\/de\/einrichtungselemente\/#breadcrumb","itemListElement":[{"@type":"ListItem","position":1,"name":"Home","item":"https:\/\/maarmo.it\/de\/"},{"@type":"ListItem","position":2,"name":"Einrichtungselemente"}]},{"@type":"WebSite","@id":"https:\/\/maarmo.it\/de\/#website","url":"https:\/\/maarmo.it\/de\/","name":"MAARMO","description":"","publisher":{"@id":"https:\/\/maarmo.it\/de\/#organization"},"potentialAction":[{"@type":"SearchAction","target":{"@type":"EntryPoint","urlTemplate":"https:\/\/maarmo.it\/de\/?s={search_term_string}"},"query-input":{"@type":"PropertyValueSpecification","valueRequired":true,"valueName":"search_term_string"}}],"inLanguage":"de"},{"@type":"Organization","@id":"https:\/\/maarmo.it\/de\/#organization","name":"MAARMO","url":"https:\/\/maarmo.it\/de\/","logo":{"@type":"ImageObject","inLanguage":"de","@id":"https:\/\/maarmo.it\/de\/#\/schema\/logo\/image\/","url":"https:\/\/maarmo.it\/wp-content\/uploads\/2023\/03\/MAARMO-new-white-logo-payoff.png","contentUrl":"https:\/\/maarmo.it\/wp-content\/uploads\/2023\/03\/MAARMO-new-white-logo-payoff.png","width":360,"height":90,"caption":"MAARMO"},"image":{"@id":"https:\/\/maarmo.it\/de\/#\/schema\/logo\/image\/"},"sameAs":["https:\/\/www.facebook.com\/maarmosrl\/"]}]}},"_links":{"self":[{"href":"https:\/\/maarmo.it\/de\/wp-json\/wp\/v2\/pages\/9247","targetHints":{"allow":["GET"]}}],"collection":[{"href":"https:\/\/maarmo.it\/de\/wp-json\/wp\/v2\/pages"}],"about":[{"href":"https:\/\/maarmo.it\/de\/wp-json\/wp\/v2\/types\/page"}],"author":[{"embeddable":true,"href":"https:\/\/maarmo.it\/de\/wp-json\/wp\/v2\/users\/5"}],"replies":[{"embeddable":true,"href":"https:\/\/maarmo.it\/de\/wp-json\/wp\/v2\/comments?post=9247"}],"version-history":[{"count":4,"href":"https:\/\/maarmo.it\/de\/wp-json\/wp\/v2\/pages\/9247\/revisions"}],"predecessor-version":[{"id":9251,"href":"https:\/\/maarmo.it\/de\/wp-json\/wp\/v2\/pages\/9247\/revisions\/9251"}],"wp:attachment":[{"href":"https:\/\/maarmo.it\/de\/wp-json\/wp\/v2\/media?parent=9247"}],"curies":[{"name":"wp","href":"https:\/\/api.w.org\/{rel}","templated":true}]}}