{"id":9279,"date":"2025-10-30T11:11:21","date_gmt":"2025-10-30T10:11:21","guid":{"rendered":"https:\/\/maarmo.it\/?page_id=9279"},"modified":"2025-10-30T11:26:07","modified_gmt":"2025-10-30T10:26:07","slug":"neue-dienstleistungen","status":"publish","type":"page","link":"https:\/\/maarmo.it\/de\/neue-dienstleistungen\/","title":{"rendered":"Neue Dienstleistungen"},"content":{"rendered":"\t\t<div data-elementor-type=\"wp-page\" data-elementor-id=\"9279\" class=\"elementor elementor-9279 elementor-9252\" data-elementor-post-type=\"page\">\n\t\t\t\t\t\t<section class=\"elementor-section elementor-top-section elementor-element elementor-element-f456af2 elementor-section-full_width elementor-section-height-full elementor-section-height-default elementor-section-items-middle\" data-id=\"f456af2\" data-element_type=\"section\" data-settings=\"{&quot;background_background&quot;:&quot;classic&quot;}\">\n\t\t\t\t\t\t\t<div class=\"elementor-background-overlay\"><\/div>\n\t\t\t\t\t\t\t<div class=\"elementor-container elementor-column-gap-default\">\n\t\t\t\t\t<div class=\"elementor-column elementor-col-100 elementor-top-column elementor-element elementor-element-0219aa4\" data-id=\"0219aa4\" data-element_type=\"column\">\n\t\t\t<div class=\"elementor-widget-wrap elementor-element-populated\">\n\t\t\t\t\t\t<section class=\"elementor-section elementor-inner-section elementor-element elementor-element-d4db060 elementor-section-height-min-height elementor-section-content-middle elementor-section-boxed elementor-section-height-default\" data-id=\"d4db060\" data-element_type=\"section\" data-settings=\"{&quot;background_background&quot;:&quot;classic&quot;}\">\n\t\t\t\t\t\t\t<div class=\"elementor-background-overlay\"><\/div>\n\t\t\t\t\t\t\t<div class=\"elementor-container elementor-column-gap-default\">\n\t\t\t\t\t<div class=\"elementor-column elementor-col-100 elementor-inner-column elementor-element elementor-element-b690d59\" data-id=\"b690d59\" data-element_type=\"column\">\n\t\t\t<div class=\"elementor-widget-wrap elementor-element-populated\">\n\t\t\t\t\t\t<div class=\"elementor-element elementor-element-55156ed elementor-widget elementor-widget-heading\" data-id=\"55156ed\" data-element_type=\"widget\" data-widget_type=\"heading.default\">\n\t\t\t\t<div class=\"elementor-widget-container\">\n\t\t\t\t\t<h1 class=\"elementor-heading-title elementor-size-default\">Neue Dienstleistungen<\/h1>\t\t\t\t<\/div>\n\t\t\t\t<\/div>\n\t\t\t\t<div class=\"elementor-element elementor-element-e44a2aa elementor-invisible elementor-widget elementor-widget-heading\" data-id=\"e44a2aa\" data-element_type=\"widget\" data-settings=\"{&quot;motion_fx_motion_fx_mouse&quot;:&quot;yes&quot;,&quot;motion_fx_mouseTrack_effect&quot;:&quot;yes&quot;,&quot;motion_fx_mouseTrack_speed&quot;:{&quot;unit&quot;:&quot;px&quot;,&quot;size&quot;:0.1,&quot;sizes&quot;:[]},&quot;_animation&quot;:&quot;fadeIn&quot;}\" data-widget_type=\"heading.default\">\n\t\t\t\t<div class=\"elementor-widget-container\">\n\t\t\t\t\t<h2 class=\"elementor-heading-title elementor-size-default\">Gemeinsam Wohlbefinden gestalten.<\/h2>\t\t\t\t<\/div>\n\t\t\t\t<\/div>\n\t\t\t\t\t<\/div>\n\t\t<\/div>\n\t\t\t\t\t<\/div>\n\t\t<\/section>\n\t\t\t\t\t<\/div>\n\t\t<\/div>\n\t\t\t\t\t<\/div>\n\t\t<\/section>\n\t\t\t\t<section class=\"elementor-section elementor-top-section elementor-element elementor-element-6f2ad4f elementor-reverse-tablet elementor-reverse-mobile elementor-section-boxed elementor-section-height-default elementor-section-height-default\" data-id=\"6f2ad4f\" data-element_type=\"section\">\n\t\t\t\t\t\t<div class=\"elementor-container elementor-column-gap-custom\">\n\t\t\t\t\t<div class=\"elementor-column elementor-col-50 elementor-top-column elementor-element elementor-element-0969576\" data-id=\"0969576\" data-element_type=\"column\">\n\t\t\t<div class=\"elementor-widget-wrap elementor-element-populated\">\n\t\t\t\t\t\t<div class=\"elementor-element elementor-element-5c8b528 elementor-widget__width-auto elementor-widget elementor-widget-text-editor\" data-id=\"5c8b528\" data-element_type=\"widget\" data-widget_type=\"text-editor.default\">\n\t\t\t\t<div class=\"elementor-widget-container\">\n\t\t\t\t\t\t\t\t\t<p>Integrierte Beratung und Planung<\/p>\t\t\t\t\t\t\t\t<\/div>\n\t\t\t\t<\/div>\n\t\t\t\t<div class=\"elementor-element elementor-element-d40ab20 elementor-widget__width-auto elementor-widget elementor-widget-text-editor\" data-id=\"d40ab20\" data-element_type=\"widget\" data-widget_type=\"text-editor.default\">\n\t\t\t\t<div class=\"elementor-widget-container\">\n\t\t\t\t\t\t\t\t\t  <p>\n    In Zusammenarbeit mit <strong>Innenarchitekten<\/strong> und <strong>Planern<\/strong> \n    bietet MAARMO umfassende Unterst\u00fctzung bei der <strong>Bewertung, Auswahl und Menge der Heizk\u00f6rper<\/strong>, \n    die in jedes Projekt integriert werden sollen. Unser Team begleitet den Kunden au\u00dferdem bei der \n    <strong>Gestaltung des gesamten Raumkonzepts<\/strong>, \n    um eine \u00e4sthetische und funktionale Harmonie zwischen den R\u00e4umen und unseren Produkten zu gew\u00e4hrleisten. \n    Jedes Projekt beginnt mit einem direkten Dialog mit dem Kunden, um Ideen und Anforderungen in konkrete, \n    ma\u00dfgeschneiderte L\u00f6sungen umzusetzen, die perfekt in den architektonischen Kontext passen.\n  <\/p>\t\t\t\t\t\t\t\t<\/div>\n\t\t\t\t<\/div>\n\t\t\t\t\t<\/div>\n\t\t<\/div>\n\t\t\t\t<div class=\"elementor-column elementor-col-50 elementor-top-column elementor-element elementor-element-dcd8968\" data-id=\"dcd8968\" data-element_type=\"column\">\n\t\t\t<div class=\"elementor-widget-wrap elementor-element-populated\">\n\t\t\t\t\t\t<div class=\"elementor-element elementor-element-0dcd076 elementor-widget elementor-widget-image\" data-id=\"0dcd076\" data-element_type=\"widget\" data-widget_type=\"image.default\">\n\t\t\t\t<div class=\"elementor-widget-container\">\n\t\t\t\t\t\t\t\t\t\t\t\t\t\t\t<img fetchpriority=\"high\" decoding=\"async\" width=\"1280\" height=\"800\" src=\"https:\/\/maarmo.it\/wp-content\/uploads\/2025\/10\/gruppo-di-lavoro.jpg\" class=\"attachment-full size-full wp-image-9261\" alt=\"\" srcset=\"https:\/\/maarmo.it\/wp-content\/uploads\/2025\/10\/gruppo-di-lavoro.jpg 1280w, https:\/\/maarmo.it\/wp-content\/uploads\/2025\/10\/gruppo-di-lavoro-300x188.jpg 300w, https:\/\/maarmo.it\/wp-content\/uploads\/2025\/10\/gruppo-di-lavoro-1024x640.jpg 1024w, https:\/\/maarmo.it\/wp-content\/uploads\/2025\/10\/gruppo-di-lavoro-768x480.jpg 768w\" sizes=\"(max-width: 1280px) 100vw, 1280px\" \/>\t\t\t\t\t\t\t\t\t\t\t\t\t\t\t<\/div>\n\t\t\t\t<\/div>\n\t\t\t\t\t<\/div>\n\t\t<\/div>\n\t\t\t\t\t<\/div>\n\t\t<\/section>\n\t\t\t\t<section class=\"elementor-section elementor-top-section elementor-element elementor-element-ce26c0c elementor-section-boxed elementor-section-height-default elementor-section-height-default\" data-id=\"ce26c0c\" data-element_type=\"section\">\n\t\t\t\t\t\t<div class=\"elementor-container elementor-column-gap-custom\">\n\t\t\t\t\t<div class=\"elementor-column elementor-col-50 elementor-top-column elementor-element elementor-element-4802905\" data-id=\"4802905\" data-element_type=\"column\">\n\t\t\t<div class=\"elementor-widget-wrap elementor-element-populated\">\n\t\t\t\t\t\t<div class=\"elementor-element elementor-element-41c811a elementor-widget elementor-widget-image\" data-id=\"41c811a\" data-element_type=\"widget\" data-widget_type=\"image.default\">\n\t\t\t\t<div class=\"elementor-widget-container\">\n\t\t\t\t\t\t\t\t\t\t\t\t\t\t\t<img decoding=\"async\" width=\"1280\" height=\"852\" src=\"https:\/\/maarmo.it\/wp-content\/uploads\/2025\/10\/benessere.jpg\" class=\"attachment-full size-full wp-image-9257\" alt=\"\" srcset=\"https:\/\/maarmo.it\/wp-content\/uploads\/2025\/10\/benessere.jpg 1280w, https:\/\/maarmo.it\/wp-content\/uploads\/2025\/10\/benessere-300x200.jpg 300w, https:\/\/maarmo.it\/wp-content\/uploads\/2025\/10\/benessere-1024x682.jpg 1024w, https:\/\/maarmo.it\/wp-content\/uploads\/2025\/10\/benessere-768x511.jpg 768w\" sizes=\"(max-width: 1280px) 100vw, 1280px\" \/>\t\t\t\t\t\t\t\t\t\t\t\t\t\t\t<\/div>\n\t\t\t\t<\/div>\n\t\t\t\t\t<\/div>\n\t\t<\/div>\n\t\t\t\t<div class=\"elementor-column elementor-col-50 elementor-top-column elementor-element elementor-element-daabcf9\" data-id=\"daabcf9\" data-element_type=\"column\">\n\t\t\t<div class=\"elementor-widget-wrap elementor-element-populated\">\n\t\t\t\t\t\t<div class=\"elementor-element elementor-element-0cf3694 elementor-widget__width-auto elementor-widget elementor-widget-text-editor\" data-id=\"0cf3694\" data-element_type=\"widget\" data-widget_type=\"text-editor.default\">\n\t\t\t\t<div class=\"elementor-widget-container\">\n\t\t\t\t\t\t\t\t\tVon der Idee zum t\u00e4glichen Komfort\t\t\t\t\t\t\t\t<\/div>\n\t\t\t\t<\/div>\n\t\t\t\t<div class=\"elementor-element elementor-element-2dee977 elementor-widget__width-auto elementor-widget elementor-widget-text-editor\" data-id=\"2dee977\" data-element_type=\"widget\" data-widget_type=\"text-editor.default\">\n\t\t\t\t<div class=\"elementor-widget-container\">\n\t\t\t\t\t\t\t\t\t  <p>\n    Unser Ziel ist es, jeden <strong>MAARMOLOVER<\/strong> bei der \n    <strong>Gestaltung funktionaler, harmonischer und komfortabler R\u00e4ume<\/strong> zu begleiten, \n    die Wohlbefinden und Ausgeglichenheit f\u00f6rdern \u2013 \n    <strong>sowohl zu Hause als auch am Arbeitsplatz<\/strong>. \n    Jedes Projekt wird mit besonderem Augenmerk auf Ergonomie, Licht und Materialien entwickelt, \n    um R\u00e4ume zu schaffen, die W\u00e4rme, Gleichgewicht und Sch\u00f6nheit ausstrahlen. \n    Mit einem aufmerksamen und kooperativen Ansatz helfen wir unseren Kunden, Umgebungen zu gestalten, \n    die ihre Pers\u00f6nlichkeit widerspiegeln und in denen es Freude macht, zu leben und Zeit zu verbringen.\n  <\/p>\t\t\t\t\t\t\t\t<\/div>\n\t\t\t\t<\/div>\n\t\t\t\t\t<\/div>\n\t\t<\/div>\n\t\t\t\t\t<\/div>\n\t\t<\/section>\n\t\t\t\t<\/div>\n\t\t","protected":false},"excerpt":{"rendered":"<p>Neue Dienstleistungen Gemeinsam Wohlbefinden gestalten. Integrierte Beratung und Planung In Zusammenarbeit mit Innenarchitekten und Planern bietet MAARMO umfassende Unterst\u00fctzung bei der Bewertung, Auswahl und Menge der Heizk\u00f6rper, die in jedes Projekt integriert werden sollen. Unser Team begleitet den Kunden au\u00dferdem bei der Gestaltung des gesamten Raumkonzepts, um eine \u00e4sthetische und funktionale Harmonie zwischen den R\u00e4umen [&hellip;]<\/p>\n","protected":false},"author":5,"featured_media":0,"parent":0,"menu_order":0,"comment_status":"closed","ping_status":"closed","template":"elementor_header_footer","meta":{"footnotes":""},"class_list":["post-9279","page","type-page","status-publish","hentry"],"yoast_head":"<!-- This site is optimized with the Yoast SEO plugin v26.7 - https:\/\/yoast.com\/wordpress\/plugins\/seo\/ -->\n<title>Neue Dienstleistungen - MAARMO<\/title>\n<meta name=\"description\" content=\"MAARMO unterst\u00fctzt Kunden und Designer bei der Auswahl von Heizk\u00f6rpern und der Gestaltung harmonischer, funktionaler R\u00e4ume \u2013 f\u00fcr mehr Komfort im Alltag.\" \/>\n<meta name=\"robots\" content=\"index, follow, max-snippet:-1, max-image-preview:large, max-video-preview:-1\" \/>\n<link rel=\"canonical\" href=\"https:\/\/maarmo.it\/de\/neue-dienstleistungen\/\" \/>\n<meta property=\"og:locale\" content=\"de_DE\" \/>\n<meta property=\"og:type\" content=\"article\" \/>\n<meta property=\"og:title\" content=\"Neue Dienstleistungen - MAARMO\" \/>\n<meta property=\"og:description\" content=\"MAARMO unterst\u00fctzt Kunden und Designer bei der Auswahl von Heizk\u00f6rpern und der Gestaltung harmonischer, funktionaler R\u00e4ume \u2013 f\u00fcr mehr Komfort im Alltag.\" \/>\n<meta property=\"og:url\" content=\"https:\/\/maarmo.it\/de\/neue-dienstleistungen\/\" \/>\n<meta property=\"og:site_name\" content=\"MAARMO\" \/>\n<meta property=\"article:publisher\" content=\"https:\/\/www.facebook.com\/maarmosrl\/\" \/>\n<meta property=\"article:modified_time\" content=\"2025-10-30T10:26:07+00:00\" \/>\n<meta property=\"og:image\" content=\"https:\/\/maarmo.it\/wp-content\/uploads\/2025\/10\/gruppo-di-lavoro.jpg\" \/>\n\t<meta property=\"og:image:width\" content=\"1280\" \/>\n\t<meta property=\"og:image:height\" content=\"800\" \/>\n\t<meta property=\"og:image:type\" content=\"image\/jpeg\" \/>\n<meta name=\"twitter:card\" content=\"summary_large_image\" \/>\n<meta name=\"twitter:label1\" content=\"Gesch\u00e4tzte Lesezeit\" \/>\n\t<meta name=\"twitter:data1\" content=\"2\u00a0Minuten\" \/>\n<script type=\"application\/ld+json\" class=\"yoast-schema-graph\">{\"@context\":\"https:\/\/schema.org\",\"@graph\":[{\"@type\":\"WebPage\",\"@id\":\"https:\/\/maarmo.it\/de\/neue-dienstleistungen\/\",\"url\":\"https:\/\/maarmo.it\/de\/neue-dienstleistungen\/\",\"name\":\"Neue Dienstleistungen - MAARMO\",\"isPartOf\":{\"@id\":\"https:\/\/maarmo.it\/de\/#website\"},\"primaryImageOfPage\":{\"@id\":\"https:\/\/maarmo.it\/de\/neue-dienstleistungen\/#primaryimage\"},\"image\":{\"@id\":\"https:\/\/maarmo.it\/de\/neue-dienstleistungen\/#primaryimage\"},\"thumbnailUrl\":\"https:\/\/maarmo.it\/wp-content\/uploads\/2025\/10\/gruppo-di-lavoro.jpg\",\"datePublished\":\"2025-10-30T10:11:21+00:00\",\"dateModified\":\"2025-10-30T10:26:07+00:00\",\"description\":\"MAARMO unterst\u00fctzt Kunden und Designer bei der Auswahl von Heizk\u00f6rpern und der Gestaltung harmonischer, funktionaler R\u00e4ume \u2013 f\u00fcr mehr Komfort im Alltag.\",\"breadcrumb\":{\"@id\":\"https:\/\/maarmo.it\/de\/neue-dienstleistungen\/#breadcrumb\"},\"inLanguage\":\"de\",\"potentialAction\":[{\"@type\":\"ReadAction\",\"target\":[\"https:\/\/maarmo.it\/de\/neue-dienstleistungen\/\"]}]},{\"@type\":\"ImageObject\",\"inLanguage\":\"de\",\"@id\":\"https:\/\/maarmo.it\/de\/neue-dienstleistungen\/#primaryimage\",\"url\":\"https:\/\/maarmo.it\/wp-content\/uploads\/2025\/10\/gruppo-di-lavoro.jpg\",\"contentUrl\":\"https:\/\/maarmo.it\/wp-content\/uploads\/2025\/10\/gruppo-di-lavoro.jpg\"},{\"@type\":\"BreadcrumbList\",\"@id\":\"https:\/\/maarmo.it\/de\/neue-dienstleistungen\/#breadcrumb\",\"itemListElement\":[{\"@type\":\"ListItem\",\"position\":1,\"name\":\"Home\",\"item\":\"https:\/\/maarmo.it\/de\/\"},{\"@type\":\"ListItem\",\"position\":2,\"name\":\"Neue Dienstleistungen\"}]},{\"@type\":\"WebSite\",\"@id\":\"https:\/\/maarmo.it\/de\/#website\",\"url\":\"https:\/\/maarmo.it\/de\/\",\"name\":\"MAARMO\",\"description\":\"\",\"publisher\":{\"@id\":\"https:\/\/maarmo.it\/de\/#organization\"},\"potentialAction\":[{\"@type\":\"SearchAction\",\"target\":{\"@type\":\"EntryPoint\",\"urlTemplate\":\"https:\/\/maarmo.it\/de\/?s={search_term_string}\"},\"query-input\":{\"@type\":\"PropertyValueSpecification\",\"valueRequired\":true,\"valueName\":\"search_term_string\"}}],\"inLanguage\":\"de\"},{\"@type\":\"Organization\",\"@id\":\"https:\/\/maarmo.it\/de\/#organization\",\"name\":\"MAARMO\",\"url\":\"https:\/\/maarmo.it\/de\/\",\"logo\":{\"@type\":\"ImageObject\",\"inLanguage\":\"de\",\"@id\":\"https:\/\/maarmo.it\/de\/#\/schema\/logo\/image\/\",\"url\":\"https:\/\/maarmo.it\/wp-content\/uploads\/2023\/03\/MAARMO-new-white-logo-payoff.png\",\"contentUrl\":\"https:\/\/maarmo.it\/wp-content\/uploads\/2023\/03\/MAARMO-new-white-logo-payoff.png\",\"width\":360,\"height\":90,\"caption\":\"MAARMO\"},\"image\":{\"@id\":\"https:\/\/maarmo.it\/de\/#\/schema\/logo\/image\/\"},\"sameAs\":[\"https:\/\/www.facebook.com\/maarmosrl\/\"]}]}<\/script>\n<!-- \/ Yoast SEO plugin. -->","yoast_head_json":{"title":"Neue Dienstleistungen - MAARMO","description":"MAARMO unterst\u00fctzt Kunden und Designer bei der Auswahl von Heizk\u00f6rpern und der Gestaltung harmonischer, funktionaler R\u00e4ume \u2013 f\u00fcr mehr Komfort im Alltag.","robots":{"index":"index","follow":"follow","max-snippet":"max-snippet:-1","max-image-preview":"max-image-preview:large","max-video-preview":"max-video-preview:-1"},"canonical":"https:\/\/maarmo.it\/de\/neue-dienstleistungen\/","og_locale":"de_DE","og_type":"article","og_title":"Neue Dienstleistungen - MAARMO","og_description":"MAARMO unterst\u00fctzt Kunden und Designer bei der Auswahl von Heizk\u00f6rpern und der Gestaltung harmonischer, funktionaler R\u00e4ume \u2013 f\u00fcr mehr Komfort im Alltag.","og_url":"https:\/\/maarmo.it\/de\/neue-dienstleistungen\/","og_site_name":"MAARMO","article_publisher":"https:\/\/www.facebook.com\/maarmosrl\/","article_modified_time":"2025-10-30T10:26:07+00:00","og_image":[{"width":1280,"height":800,"url":"https:\/\/maarmo.it\/wp-content\/uploads\/2025\/10\/gruppo-di-lavoro.jpg","type":"image\/jpeg"}],"twitter_card":"summary_large_image","twitter_misc":{"Gesch\u00e4tzte Lesezeit":"2\u00a0Minuten"},"schema":{"@context":"https:\/\/schema.org","@graph":[{"@type":"WebPage","@id":"https:\/\/maarmo.it\/de\/neue-dienstleistungen\/","url":"https:\/\/maarmo.it\/de\/neue-dienstleistungen\/","name":"Neue Dienstleistungen - MAARMO","isPartOf":{"@id":"https:\/\/maarmo.it\/de\/#website"},"primaryImageOfPage":{"@id":"https:\/\/maarmo.it\/de\/neue-dienstleistungen\/#primaryimage"},"image":{"@id":"https:\/\/maarmo.it\/de\/neue-dienstleistungen\/#primaryimage"},"thumbnailUrl":"https:\/\/maarmo.it\/wp-content\/uploads\/2025\/10\/gruppo-di-lavoro.jpg","datePublished":"2025-10-30T10:11:21+00:00","dateModified":"2025-10-30T10:26:07+00:00","description":"MAARMO unterst\u00fctzt Kunden und Designer bei der Auswahl von Heizk\u00f6rpern und der Gestaltung harmonischer, funktionaler R\u00e4ume \u2013 f\u00fcr mehr Komfort im Alltag.","breadcrumb":{"@id":"https:\/\/maarmo.it\/de\/neue-dienstleistungen\/#breadcrumb"},"inLanguage":"de","potentialAction":[{"@type":"ReadAction","target":["https:\/\/maarmo.it\/de\/neue-dienstleistungen\/"]}]},{"@type":"ImageObject","inLanguage":"de","@id":"https:\/\/maarmo.it\/de\/neue-dienstleistungen\/#primaryimage","url":"https:\/\/maarmo.it\/wp-content\/uploads\/2025\/10\/gruppo-di-lavoro.jpg","contentUrl":"https:\/\/maarmo.it\/wp-content\/uploads\/2025\/10\/gruppo-di-lavoro.jpg"},{"@type":"BreadcrumbList","@id":"https:\/\/maarmo.it\/de\/neue-dienstleistungen\/#breadcrumb","itemListElement":[{"@type":"ListItem","position":1,"name":"Home","item":"https:\/\/maarmo.it\/de\/"},{"@type":"ListItem","position":2,"name":"Neue Dienstleistungen"}]},{"@type":"WebSite","@id":"https:\/\/maarmo.it\/de\/#website","url":"https:\/\/maarmo.it\/de\/","name":"MAARMO","description":"","publisher":{"@id":"https:\/\/maarmo.it\/de\/#organization"},"potentialAction":[{"@type":"SearchAction","target":{"@type":"EntryPoint","urlTemplate":"https:\/\/maarmo.it\/de\/?s={search_term_string}"},"query-input":{"@type":"PropertyValueSpecification","valueRequired":true,"valueName":"search_term_string"}}],"inLanguage":"de"},{"@type":"Organization","@id":"https:\/\/maarmo.it\/de\/#organization","name":"MAARMO","url":"https:\/\/maarmo.it\/de\/","logo":{"@type":"ImageObject","inLanguage":"de","@id":"https:\/\/maarmo.it\/de\/#\/schema\/logo\/image\/","url":"https:\/\/maarmo.it\/wp-content\/uploads\/2023\/03\/MAARMO-new-white-logo-payoff.png","contentUrl":"https:\/\/maarmo.it\/wp-content\/uploads\/2023\/03\/MAARMO-new-white-logo-payoff.png","width":360,"height":90,"caption":"MAARMO"},"image":{"@id":"https:\/\/maarmo.it\/de\/#\/schema\/logo\/image\/"},"sameAs":["https:\/\/www.facebook.com\/maarmosrl\/"]}]}},"_links":{"self":[{"href":"https:\/\/maarmo.it\/de\/wp-json\/wp\/v2\/pages\/9279","targetHints":{"allow":["GET"]}}],"collection":[{"href":"https:\/\/maarmo.it\/de\/wp-json\/wp\/v2\/pages"}],"about":[{"href":"https:\/\/maarmo.it\/de\/wp-json\/wp\/v2\/types\/page"}],"author":[{"embeddable":true,"href":"https:\/\/maarmo.it\/de\/wp-json\/wp\/v2\/users\/5"}],"replies":[{"embeddable":true,"href":"https:\/\/maarmo.it\/de\/wp-json\/wp\/v2\/comments?post=9279"}],"version-history":[{"count":4,"href":"https:\/\/maarmo.it\/de\/wp-json\/wp\/v2\/pages\/9279\/revisions"}],"predecessor-version":[{"id":9284,"href":"https:\/\/maarmo.it\/de\/wp-json\/wp\/v2\/pages\/9279\/revisions\/9284"}],"wp:attachment":[{"href":"https:\/\/maarmo.it\/de\/wp-json\/wp\/v2\/media?parent=9279"}],"curies":[{"name":"wp","href":"https:\/\/api.w.org\/{rel}","templated":true}]}}