{"id":4361,"date":"2023-04-28T10:12:17","date_gmt":"2023-04-28T08:12:17","guid":{"rendered":"https:\/\/maarmo.it\/industrie-verte\/"},"modified":"2023-11-13T17:18:49","modified_gmt":"2023-11-13T16:18:49","slug":"industrie-verte","status":"publish","type":"page","link":"https:\/\/maarmo.it\/fr\/industrie-verte\/","title":{"rendered":"Industrie Verte"},"content":{"rendered":"\t\t<div data-elementor-type=\"wp-page\" data-elementor-id=\"4361\" class=\"elementor elementor-4361 elementor-1379\" data-elementor-post-type=\"page\">\n\t\t\t\t\t\t<section class=\"elementor-section elementor-top-section elementor-element elementor-element-f456af2 elementor-section-full_width elementor-section-height-full elementor-section-height-default elementor-section-items-middle\" data-id=\"f456af2\" data-element_type=\"section\" data-settings=\"{&quot;background_background&quot;:&quot;classic&quot;}\">\n\t\t\t\t\t\t\t<div class=\"elementor-background-overlay\"><\/div>\n\t\t\t\t\t\t\t<div class=\"elementor-container elementor-column-gap-default\">\n\t\t\t\t\t<div class=\"elementor-column elementor-col-100 elementor-top-column elementor-element elementor-element-0219aa4\" data-id=\"0219aa4\" data-element_type=\"column\">\n\t\t\t<div class=\"elementor-widget-wrap elementor-element-populated\">\n\t\t\t\t\t\t<section class=\"elementor-section elementor-inner-section elementor-element elementor-element-d4db060 elementor-section-height-min-height elementor-section-content-middle elementor-section-boxed elementor-section-height-default\" data-id=\"d4db060\" data-element_type=\"section\" data-settings=\"{&quot;background_background&quot;:&quot;classic&quot;}\">\n\t\t\t\t\t\t\t<div class=\"elementor-background-overlay\"><\/div>\n\t\t\t\t\t\t\t<div class=\"elementor-container elementor-column-gap-default\">\n\t\t\t\t\t<div class=\"elementor-column elementor-col-100 elementor-inner-column elementor-element elementor-element-b690d59\" data-id=\"b690d59\" data-element_type=\"column\">\n\t\t\t<div class=\"elementor-widget-wrap elementor-element-populated\">\n\t\t\t\t\t\t<div class=\"elementor-element elementor-element-0d8d8c1 elementor-invisible elementor-widget elementor-widget-text-editor\" data-id=\"0d8d8c1\" data-element_type=\"widget\" data-settings=\"{&quot;_animation&quot;:&quot;fadeIn&quot;}\" data-widget_type=\"text-editor.default\">\n\t\t\t\t<div class=\"elementor-widget-container\">\n\t\t\t\t\t\t\t\t\t<h1 style=\"margin-bottom: 0; font-weight: 600; font-size: 50px;\">Industrie Verte<\/h1>\n\t\t\t\t\t\t\t\t<\/div>\n\t\t\t\t<\/div>\n\t\t\t\t<div class=\"elementor-element elementor-element-68de2a1 elementor-invisible elementor-widget elementor-widget-text-editor\" data-id=\"68de2a1\" data-element_type=\"widget\" data-settings=\"{&quot;motion_fx_motion_fx_mouse&quot;:&quot;yes&quot;,&quot;motion_fx_mouseTrack_effect&quot;:&quot;yes&quot;,&quot;motion_fx_mouseTrack_speed&quot;:{&quot;unit&quot;:&quot;px&quot;,&quot;size&quot;:0.1,&quot;sizes&quot;:[]},&quot;_animation&quot;:&quot;fadeIn&quot;}\" data-widget_type=\"text-editor.default\">\n\t\t\t\t<div class=\"elementor-widget-container\">\n\t\t\t\t\t\t\t\t\t<h2 style=\"margin: 0px; font-size: 30px;\">Un \u0153il respectueux de l\u2019environnement!<\/h2>\n\t\t\t\t\t\t\t\t<\/div>\n\t\t\t\t<\/div>\n\t\t\t\t\t<\/div>\n\t\t<\/div>\n\t\t\t\t\t<\/div>\n\t\t<\/section>\n\t\t\t\t\t<\/div>\n\t\t<\/div>\n\t\t\t\t\t<\/div>\n\t\t<\/section>\n\t\t\t\t<section class=\"elementor-section elementor-top-section elementor-element elementor-element-87a5261 elementor-section-boxed elementor-section-height-default elementor-section-height-default\" data-id=\"87a5261\" data-element_type=\"section\">\n\t\t\t\t\t\t<div class=\"elementor-container elementor-column-gap-default\">\n\t\t\t\t\t<div class=\"elementor-column elementor-col-100 elementor-top-column elementor-element elementor-element-81194e2\" data-id=\"81194e2\" data-element_type=\"column\">\n\t\t\t<div class=\"elementor-widget-wrap elementor-element-populated\">\n\t\t\t\t\t\t<div class=\"elementor-element elementor-element-8c69027 elementor-invisible elementor-widget elementor-widget-text-editor\" data-id=\"8c69027\" data-element_type=\"widget\" data-settings=\"{&quot;_animation&quot;:&quot;fadeIn&quot;}\" data-widget_type=\"text-editor.default\">\n\t\t\t\t<div class=\"elementor-widget-container\">\n\t\t\t\t\t\t\t\t\t<h2 style=\"color: #000; font-size:30px; font-weight:600;\">Nous sommes verts<br>\nNous sommes dans le vert<\/h2>\t\t\t\t\t\t\t\t<\/div>\n\t\t\t\t<\/div>\n\t\t\t\t\t<\/div>\n\t\t<\/div>\n\t\t\t\t\t<\/div>\n\t\t<\/section>\n\t\t\t\t<section class=\"elementor-section elementor-top-section elementor-element elementor-element-b417f9c elementor-section-boxed elementor-section-height-default elementor-section-height-default\" data-id=\"b417f9c\" data-element_type=\"section\">\n\t\t\t\t\t\t<div class=\"elementor-container elementor-column-gap-default\">\n\t\t\t\t\t<div class=\"elementor-column elementor-col-50 elementor-top-column elementor-element elementor-element-0b31771 elementor-invisible\" data-id=\"0b31771\" data-element_type=\"column\" data-settings=\"{&quot;animation&quot;:&quot;slideInLeft&quot;}\">\n\t\t\t<div class=\"elementor-widget-wrap elementor-element-populated\">\n\t\t\t\t\t\t<div class=\"elementor-element elementor-element-07a1bc6 elementor-widget elementor-widget-image\" data-id=\"07a1bc6\" data-element_type=\"widget\" data-widget_type=\"image.default\">\n\t\t\t\t<div class=\"elementor-widget-container\">\n\t\t\t\t\t\t\t\t\t\t\t\t\t\t\t<img fetchpriority=\"high\" decoding=\"async\" width=\"461\" height=\"332\" src=\"https:\/\/maarmo.it\/wp-content\/uploads\/2023\/04\/maarmo-2f-.webp\" class=\"attachment-large size-large wp-image-1392\" alt=\"\" srcset=\"https:\/\/maarmo.it\/wp-content\/uploads\/2023\/04\/maarmo-2f-.webp 461w, https:\/\/maarmo.it\/wp-content\/uploads\/2023\/04\/maarmo-2f--300x216.webp 300w\" sizes=\"(max-width: 461px) 100vw, 461px\" \/>\t\t\t\t\t\t\t\t\t\t\t\t\t\t\t<\/div>\n\t\t\t\t<\/div>\n\t\t\t\t\t<\/div>\n\t\t<\/div>\n\t\t\t\t<div class=\"elementor-column elementor-col-50 elementor-top-column elementor-element elementor-element-c5d9b24 elementor-invisible\" data-id=\"c5d9b24\" data-element_type=\"column\" data-settings=\"{&quot;animation&quot;:&quot;slideInRight&quot;}\">\n\t\t\t<div class=\"elementor-widget-wrap elementor-element-populated\">\n\t\t\t\t\t\t<div class=\"elementor-element elementor-element-31e9e7b elementor-widget elementor-widget-text-editor\" data-id=\"31e9e7b\" data-element_type=\"widget\" data-widget_type=\"text-editor.default\">\n\t\t\t\t<div class=\"elementor-widget-container\">\n\t\t\t\t\t\t\t\t\t<h2 style=\"color: #000; font-size:30px; font-weight:500;\">Tout commence ici<\/h2>\n\t\t\t\t\t\t\t\t<\/div>\n\t\t\t\t<\/div>\n\t\t\t\t<div class=\"elementor-element elementor-element-6133318 elementor-widget elementor-widget-text-editor\" data-id=\"6133318\" data-element_type=\"widget\" data-widget_type=\"text-editor.default\">\n\t\t\t\t<div class=\"elementor-widget-container\">\n\t\t\t\t\t\t\t\t\t<p>Une maison entour\u00e9e de verdure, entour\u00e9e d&rsquo;hectares de terre, couverte de vignes o\u00f9 viennent souvent nous rendre visite de majestueux h\u00e9rons. Le nouveau si\u00e8ge de Maarmo refl\u00e8te pleinement notre philosophie verte. De la fabrication du produit \u00e0 la livraison au client, nous maintenons un comportement qui respecte les normes environnementales.<\/p>\n\t\t\t\t\t\t\t\t<\/div>\n\t\t\t\t<\/div>\n\t\t\t\t\t<\/div>\n\t\t<\/div>\n\t\t\t\t\t<\/div>\n\t\t<\/section>\n\t\t\t\t<section class=\"elementor-section elementor-top-section elementor-element elementor-element-24997bc elementor-section-boxed elementor-section-height-default elementor-section-height-default\" data-id=\"24997bc\" data-element_type=\"section\">\n\t\t\t\t\t\t<div class=\"elementor-container elementor-column-gap-default\">\n\t\t\t\t\t<div class=\"elementor-column elementor-col-50 elementor-top-column elementor-element elementor-element-a922817 elementor-invisible\" data-id=\"a922817\" data-element_type=\"column\" data-settings=\"{&quot;animation&quot;:&quot;slideInLeft&quot;}\">\n\t\t\t<div class=\"elementor-widget-wrap elementor-element-populated\">\n\t\t\t\t\t\t<div class=\"elementor-element elementor-element-54fe95c elementor-widget elementor-widget-text-editor\" data-id=\"54fe95c\" data-element_type=\"widget\" data-widget_type=\"text-editor.default\">\n\t\t\t\t<div class=\"elementor-widget-container\">\n\t\t\t\t\t\t\t\t\t<h2 style=\"color: #000; font-size: 30px; font-weight: 500;\">Un produit 100% recyclable<\/h2>\n\t\t\t\t\t\t\t\t<\/div>\n\t\t\t\t<\/div>\n\t\t\t\t<div class=\"elementor-element elementor-element-3cfc498 elementor-widget elementor-widget-text-editor\" data-id=\"3cfc498\" data-element_type=\"widget\" data-widget_type=\"text-editor.default\">\n\t\t\t\t<div class=\"elementor-widget-container\">\n\t\t\t\t\t\t\t\t\t<p>Les panneaux radiants en poudre de marbre de MAARMO sont issus de processus de production brevet\u00e9s et sont enti\u00e8rement recyclables. En fin de vie, apr\u00e8s avoir \u00e9t\u00e9 s\u00e9par\u00e9 des autres \u00e9l\u00e9ments, le marbre est broy\u00e9 et recycl\u00e9 \u00e0 100 %, sous forme de poudres, dans divers domaines et applications. En ce sens, MAARMO agit en cr\u00e9ant des flux circulaires de mati\u00e8re, capables de se r\u00e9g\u00e9n\u00e9rer. En outre, comme tous les processus de production sont r\u00e9alis\u00e9s \u00e0 basse temp\u00e9rature, les quantit\u00e9s d&rsquo;\u00e9nergie utilis\u00e9es sont minimes.<\/p>\n\t\t\t\t\t\t\t\t<\/div>\n\t\t\t\t<\/div>\n\t\t\t\t\t<\/div>\n\t\t<\/div>\n\t\t\t\t<div class=\"elementor-column elementor-col-50 elementor-top-column elementor-element elementor-element-0df364b elementor-invisible\" data-id=\"0df364b\" data-element_type=\"column\" data-settings=\"{&quot;animation&quot;:&quot;slideInRight&quot;}\">\n\t\t\t<div class=\"elementor-widget-wrap elementor-element-populated\">\n\t\t\t\t\t\t<div class=\"elementor-element elementor-element-19c5286 elementor-widget elementor-widget-image\" data-id=\"19c5286\" data-element_type=\"widget\" data-widget_type=\"image.default\">\n\t\t\t\t<div class=\"elementor-widget-container\">\n\t\t\t\t\t\t\t\t\t\t\t\t\t\t\t<img decoding=\"async\" src=\"https:\/\/maarmo.it\/wp-content\/uploads\/elementor\/thumbs\/maarmo3f-r14g4chj18m0r66lgx95ijlzfgwrs8c5cwlvzm8oq4.webp\" title=\"maarmo3f\" alt=\"maarmo3f\" loading=\"lazy\" \/>\t\t\t\t\t\t\t\t\t\t\t\t\t\t\t<\/div>\n\t\t\t\t<\/div>\n\t\t\t\t\t<\/div>\n\t\t<\/div>\n\t\t\t\t\t<\/div>\n\t\t<\/section>\n\t\t\t\t<section class=\"elementor-section elementor-top-section elementor-element elementor-element-c736218 elementor-section-full_width elementor-section-height-default elementor-section-height-default\" data-id=\"c736218\" data-element_type=\"section\" data-settings=\"{&quot;background_background&quot;:&quot;classic&quot;}\">\n\t\t\t\t\t\t<div class=\"elementor-container elementor-column-gap-default\">\n\t\t\t\t\t<div class=\"elementor-column elementor-col-100 elementor-top-column elementor-element elementor-element-5658174\" data-id=\"5658174\" data-element_type=\"column\" data-settings=\"{&quot;background_background&quot;:&quot;classic&quot;}\">\n\t\t\t<div class=\"elementor-widget-wrap elementor-element-populated\">\n\t\t\t\t\t\t<section class=\"elementor-section elementor-inner-section elementor-element elementor-element-0c3380d elementor-section-boxed elementor-section-height-default elementor-section-height-default\" data-id=\"0c3380d\" data-element_type=\"section\">\n\t\t\t\t\t\t<div class=\"elementor-container elementor-column-gap-default\">\n\t\t\t\t\t<div class=\"elementor-column elementor-col-100 elementor-inner-column elementor-element elementor-element-a22fd2f elementor-invisible\" data-id=\"a22fd2f\" data-element_type=\"column\" data-settings=\"{&quot;animation&quot;:&quot;slideInUp&quot;}\">\n\t\t\t<div class=\"elementor-widget-wrap elementor-element-populated\">\n\t\t\t\t\t\t<div class=\"elementor-element elementor-element-db852f0 elementor-widget__width-auto elementor-widget elementor-widget-text-editor\" data-id=\"db852f0\" data-element_type=\"widget\" data-widget_type=\"text-editor.default\">\n\t\t\t\t<div class=\"elementor-widget-container\">\n\t\t\t\t\t\t\t\t\t<h2 style=\"font-size:30px;color:#000;font-weight:600;\">Un MAARMO, Un arbre<\/h2>\n\t\t\t\t\t\t\t\t<\/div>\n\t\t\t\t<\/div>\n\t\t\t\t<div class=\"elementor-element elementor-element-7128389 elementor-widget__width-auto elementor-widget elementor-widget-image\" data-id=\"7128389\" data-element_type=\"widget\" data-widget_type=\"image.default\">\n\t\t\t\t<div class=\"elementor-widget-container\">\n\t\t\t\t\t\t\t\t\t\t\t\t\t\t\t<img decoding=\"async\" src=\"https:\/\/maarmo.it\/wp-content\/uploads\/elementor\/thumbs\/leaf-1-r14g4chf9aeu6snb84h5eqa3en1qw1i365f57fzn9s.png\" title=\"leaf\" alt=\"leaf\" loading=\"lazy\" \/>\t\t\t\t\t\t\t\t\t\t\t\t\t\t\t<\/div>\n\t\t\t\t<\/div>\n\t\t\t\t<div class=\"elementor-element elementor-element-450d6ab elementor-widget elementor-widget-text-editor\" data-id=\"450d6ab\" data-element_type=\"widget\" data-widget_type=\"text-editor.default\">\n\t\t\t\t<div class=\"elementor-widget-container\">\n\t\t\t\t\t\t\t\t\t<p>Maarmo renforce sa mission de poursuivre le d\u00e9veloppement de produits de design qui garantissent la durabilit\u00e9 avec un \u00ab impact z\u00e9ro \u00bb sur le territoire gr\u00e2ce \u00e0 la naissance du \u00ab Bois de Maarmo \u00bb ; en effet, en pr\u00e9sence du maire de Chions, Renato Santin, et de certaines classes de l\u2019\u00e9cole primaire locale, le premier lot de vingt arbres a \u00e9t\u00e9 plant\u00e9 dans la zone verte du Parc del Cornia, une petite oasis naturelle qui s\u2019\u00e9tend en face de l\u2019entr\u00e9e du nouveau si\u00e8ge de Maarmo. Cette premi\u00e8re \u00e9tape concr\u00e9tise l\u2019id\u00e9e lanc\u00e9e fin 2021 au maire Santin lors de l\u2019inauguration du si\u00e8ge de Villotta; en effet, apr\u00e8s avoir voulu placer le nouveau si\u00e8ge de l\u2019atelier dans un ancien hangar abandonn\u00e9 depuis des ann\u00e9es dans la campagne de Villotta, on a travaill\u00e9 \u00e0 l\u2019id\u00e9e de valoriser le Parc du Cornia comme base pour d\u00e9velopper localement le projet \u00abUn Maarmo un Aalbero\u00bb. Dans le cadre du projet, l\u2019entreprise s\u2019engage \u00e0 planter un arbre pour chaque meuble chauffant vendu.<\/p>\n\t\t\t\t\t\t\t\t<\/div>\n\t\t\t\t<\/div>\n\t\t\t\t<div class=\"elementor-element elementor-element-64ed884 elementor-widget elementor-widget-text-editor\" data-id=\"64ed884\" data-element_type=\"widget\" data-widget_type=\"text-editor.default\">\n\t\t\t\t<div class=\"elementor-widget-container\">\n\t\t\t\t\t\t\t\t\t<p>Maarmo: une nouvelle fa\u00e7on de vivre vos espaces. . . et la plan\u00e8te<\/p>\n\t\t\t\t\t\t\t\t<\/div>\n\t\t\t\t<\/div>\n\t\t\t\t\t<\/div>\n\t\t<\/div>\n\t\t\t\t\t<\/div>\n\t\t<\/section>\n\t\t\t\t\t<\/div>\n\t\t<\/div>\n\t\t\t\t\t<\/div>\n\t\t<\/section>\n\t\t\t\t<section class=\"elementor-section elementor-top-section elementor-element elementor-element-e3a19fd elementor-section-boxed elementor-section-height-default elementor-section-height-default\" data-id=\"e3a19fd\" data-element_type=\"section\">\n\t\t\t\t\t\t<div class=\"elementor-container elementor-column-gap-default\">\n\t\t\t\t\t<div class=\"elementor-column elementor-col-50 elementor-top-column elementor-element elementor-element-72fef3e elementor-invisible\" data-id=\"72fef3e\" data-element_type=\"column\" data-settings=\"{&quot;animation&quot;:&quot;slideInLeft&quot;}\">\n\t\t\t<div class=\"elementor-widget-wrap elementor-element-populated\">\n\t\t\t\t\t\t<div class=\"elementor-element elementor-element-2a2d956 elementor-widget elementor-widget-image\" data-id=\"2a2d956\" data-element_type=\"widget\" data-widget_type=\"image.default\">\n\t\t\t\t<div class=\"elementor-widget-container\">\n\t\t\t\t\t\t\t\t\t\t\t\t\t\t\t<img decoding=\"async\" width=\"378\" height=\"378\" src=\"https:\/\/maarmo.it\/wp-content\/uploads\/2023\/04\/maarmo-5f-.jpg\" class=\"attachment-full size-full wp-image-1444\" alt=\"\" srcset=\"https:\/\/maarmo.it\/wp-content\/uploads\/2023\/04\/maarmo-5f-.jpg 378w, https:\/\/maarmo.it\/wp-content\/uploads\/2023\/04\/maarmo-5f--300x300.jpg 300w, https:\/\/maarmo.it\/wp-content\/uploads\/2023\/04\/maarmo-5f--150x150.jpg 150w\" sizes=\"(max-width: 378px) 100vw, 378px\" \/>\t\t\t\t\t\t\t\t\t\t\t\t\t\t\t<\/div>\n\t\t\t\t<\/div>\n\t\t\t\t\t<\/div>\n\t\t<\/div>\n\t\t\t\t<div class=\"elementor-column elementor-col-50 elementor-top-column elementor-element elementor-element-a1686d1 elementor-invisible\" data-id=\"a1686d1\" data-element_type=\"column\" data-settings=\"{&quot;animation&quot;:&quot;slideInRight&quot;}\">\n\t\t\t<div class=\"elementor-widget-wrap elementor-element-populated\">\n\t\t\t\t\t\t<div class=\"elementor-element elementor-element-51ceb23 elementor-widget elementor-widget-text-editor\" data-id=\"51ceb23\" data-element_type=\"widget\" data-widget_type=\"text-editor.default\">\n\t\t\t\t<div class=\"elementor-widget-container\">\n\t\t\t\t\t\t\t\t\t<h2 style=\"font-size:30px; color: #000; font-weight: 600;\">Pour finir. . .<\/h2>\n\t\t\t\t\t\t\t\t<\/div>\n\t\t\t\t<\/div>\n\t\t\t\t<div class=\"elementor-element elementor-element-8490272 elementor-widget elementor-widget-text-editor\" data-id=\"8490272\" data-element_type=\"widget\" data-widget_type=\"text-editor.default\">\n\t\t\t\t<div class=\"elementor-widget-container\">\n\t\t\t\t\t\t\t\t\t<p>Maarmo s&rsquo;engage quotidiennement pour d\u00e9velopper des processus de production <br \/>minimisant son impact sur l&rsquo;environnement, mesur\u00e9 en termes d&#8217;empreinte carbone, qui mesure les kilogrammes de dioxyde de carbone produits. <br \/>Ce panneau permettra l\u2019absorption de 5,5 kg de CO2 par ann\u00e9e de sa vie!<\/p>\n\t\t\t\t\t\t\t\t<\/div>\n\t\t\t\t<\/div>\n\t\t\t\t\t<\/div>\n\t\t<\/div>\n\t\t\t\t\t<\/div>\n\t\t<\/section>\n\t\t\t\t<\/div>\n\t\t","protected":false},"excerpt":{"rendered":"<p>Industrie Verte Un \u0153il respectueux de l\u2019environnement! Nous sommes verts Nous sommes dans le vert Tout commence ici Une maison entour\u00e9e de verdure, entour\u00e9e d&rsquo;hectares de terre, couverte de vignes o\u00f9 viennent souvent nous rendre visite de majestueux h\u00e9rons. Le nouveau si\u00e8ge de Maarmo refl\u00e8te pleinement notre philosophie verte. De la fabrication du produit \u00e0 [&hellip;]<\/p>\n","protected":false},"author":4,"featured_media":0,"parent":0,"menu_order":0,"comment_status":"closed","ping_status":"closed","template":"elementor_header_footer","meta":{"footnotes":""},"class_list":["post-4361","page","type-page","status-publish","hentry"],"yoast_head":"<!-- This site is optimized with the Yoast SEO plugin v26.7 - https:\/\/yoast.com\/wordpress\/plugins\/seo\/ -->\n<title>Industrie Verte - MAARMO<\/title>\n<meta name=\"description\" content=\"Nous faisons un choix \u00e9thique : nos produits sont 100 % recyclables et nous contribuons activement \u00e0 la protection de l&#039;environnement.\" \/>\n<meta name=\"robots\" content=\"index, follow, max-snippet:-1, max-image-preview:large, max-video-preview:-1\" \/>\n<link rel=\"canonical\" href=\"https:\/\/maarmo.it\/fr\/industrie-verte\/\" \/>\n<meta property=\"og:locale\" content=\"fr_FR\" \/>\n<meta property=\"og:type\" content=\"article\" \/>\n<meta property=\"og:title\" content=\"Industrie Verte - MAARMO\" \/>\n<meta property=\"og:description\" content=\"Nous faisons un choix \u00e9thique : nos produits sont 100 % recyclables et nous contribuons activement \u00e0 la protection de l&#039;environnement.\" \/>\n<meta property=\"og:url\" content=\"https:\/\/maarmo.it\/fr\/industrie-verte\/\" \/>\n<meta property=\"og:site_name\" content=\"MAARMO\" \/>\n<meta property=\"article:publisher\" content=\"https:\/\/www.facebook.com\/maarmosrl\/\" \/>\n<meta property=\"article:modified_time\" content=\"2023-11-13T16:18:49+00:00\" \/>\n<meta property=\"og:image\" content=\"https:\/\/maarmo.it\/wp-content\/uploads\/2023\/04\/maarmo-2f-.webp\" \/>\n<meta name=\"twitter:card\" content=\"summary_large_image\" \/>\n<meta name=\"twitter:label1\" content=\"Dur\u00e9e de lecture estim\u00e9e\" \/>\n\t<meta name=\"twitter:data1\" content=\"2 minutes\" \/>\n<script type=\"application\/ld+json\" class=\"yoast-schema-graph\">{\"@context\":\"https:\/\/schema.org\",\"@graph\":[{\"@type\":\"WebPage\",\"@id\":\"https:\/\/maarmo.it\/fr\/industrie-verte\/\",\"url\":\"https:\/\/maarmo.it\/fr\/industrie-verte\/\",\"name\":\"Industrie Verte - MAARMO\",\"isPartOf\":{\"@id\":\"https:\/\/maarmo.it\/fr\/#website\"},\"primaryImageOfPage\":{\"@id\":\"https:\/\/maarmo.it\/fr\/industrie-verte\/#primaryimage\"},\"image\":{\"@id\":\"https:\/\/maarmo.it\/fr\/industrie-verte\/#primaryimage\"},\"thumbnailUrl\":\"https:\/\/maarmo.it\/wp-content\/uploads\/2023\/04\/maarmo-2f-.webp\",\"datePublished\":\"2023-04-28T08:12:17+00:00\",\"dateModified\":\"2023-11-13T16:18:49+00:00\",\"description\":\"Nous faisons un choix \u00e9thique : nos produits sont 100 % recyclables et nous contribuons activement \u00e0 la protection de l'environnement.\",\"breadcrumb\":{\"@id\":\"https:\/\/maarmo.it\/fr\/industrie-verte\/#breadcrumb\"},\"inLanguage\":\"fr-FR\",\"potentialAction\":[{\"@type\":\"ReadAction\",\"target\":[\"https:\/\/maarmo.it\/fr\/industrie-verte\/\"]}]},{\"@type\":\"ImageObject\",\"inLanguage\":\"fr-FR\",\"@id\":\"https:\/\/maarmo.it\/fr\/industrie-verte\/#primaryimage\",\"url\":\"https:\/\/maarmo.it\/wp-content\/uploads\/2023\/04\/maarmo-2f-.webp\",\"contentUrl\":\"https:\/\/maarmo.it\/wp-content\/uploads\/2023\/04\/maarmo-2f-.webp\"},{\"@type\":\"BreadcrumbList\",\"@id\":\"https:\/\/maarmo.it\/fr\/industrie-verte\/#breadcrumb\",\"itemListElement\":[{\"@type\":\"ListItem\",\"position\":1,\"name\":\"Home\",\"item\":\"https:\/\/maarmo.it\/fr\/\"},{\"@type\":\"ListItem\",\"position\":2,\"name\":\"Industrie Verte\"}]},{\"@type\":\"WebSite\",\"@id\":\"https:\/\/maarmo.it\/fr\/#website\",\"url\":\"https:\/\/maarmo.it\/fr\/\",\"name\":\"MAARMO\",\"description\":\"\",\"publisher\":{\"@id\":\"https:\/\/maarmo.it\/fr\/#organization\"},\"potentialAction\":[{\"@type\":\"SearchAction\",\"target\":{\"@type\":\"EntryPoint\",\"urlTemplate\":\"https:\/\/maarmo.it\/fr\/?s={search_term_string}\"},\"query-input\":{\"@type\":\"PropertyValueSpecification\",\"valueRequired\":true,\"valueName\":\"search_term_string\"}}],\"inLanguage\":\"fr-FR\"},{\"@type\":\"Organization\",\"@id\":\"https:\/\/maarmo.it\/fr\/#organization\",\"name\":\"MAARMO\",\"url\":\"https:\/\/maarmo.it\/fr\/\",\"logo\":{\"@type\":\"ImageObject\",\"inLanguage\":\"fr-FR\",\"@id\":\"https:\/\/maarmo.it\/fr\/#\/schema\/logo\/image\/\",\"url\":\"https:\/\/maarmo.it\/wp-content\/uploads\/2023\/03\/MAARMO-new-white-logo-payoff.png\",\"contentUrl\":\"https:\/\/maarmo.it\/wp-content\/uploads\/2023\/03\/MAARMO-new-white-logo-payoff.png\",\"width\":360,\"height\":90,\"caption\":\"MAARMO\"},\"image\":{\"@id\":\"https:\/\/maarmo.it\/fr\/#\/schema\/logo\/image\/\"},\"sameAs\":[\"https:\/\/www.facebook.com\/maarmosrl\/\"]}]}<\/script>\n<!-- \/ Yoast SEO plugin. -->","yoast_head_json":{"title":"Industrie Verte - MAARMO","description":"Nous faisons un choix \u00e9thique : nos produits sont 100 % recyclables et nous contribuons activement \u00e0 la protection de l'environnement.","robots":{"index":"index","follow":"follow","max-snippet":"max-snippet:-1","max-image-preview":"max-image-preview:large","max-video-preview":"max-video-preview:-1"},"canonical":"https:\/\/maarmo.it\/fr\/industrie-verte\/","og_locale":"fr_FR","og_type":"article","og_title":"Industrie Verte - MAARMO","og_description":"Nous faisons un choix \u00e9thique : nos produits sont 100 % recyclables et nous contribuons activement \u00e0 la protection de l'environnement.","og_url":"https:\/\/maarmo.it\/fr\/industrie-verte\/","og_site_name":"MAARMO","article_publisher":"https:\/\/www.facebook.com\/maarmosrl\/","article_modified_time":"2023-11-13T16:18:49+00:00","og_image":[{"url":"https:\/\/maarmo.it\/wp-content\/uploads\/2023\/04\/maarmo-2f-.webp","type":"","width":"","height":""}],"twitter_card":"summary_large_image","twitter_misc":{"Dur\u00e9e de lecture estim\u00e9e":"2 minutes"},"schema":{"@context":"https:\/\/schema.org","@graph":[{"@type":"WebPage","@id":"https:\/\/maarmo.it\/fr\/industrie-verte\/","url":"https:\/\/maarmo.it\/fr\/industrie-verte\/","name":"Industrie Verte - MAARMO","isPartOf":{"@id":"https:\/\/maarmo.it\/fr\/#website"},"primaryImageOfPage":{"@id":"https:\/\/maarmo.it\/fr\/industrie-verte\/#primaryimage"},"image":{"@id":"https:\/\/maarmo.it\/fr\/industrie-verte\/#primaryimage"},"thumbnailUrl":"https:\/\/maarmo.it\/wp-content\/uploads\/2023\/04\/maarmo-2f-.webp","datePublished":"2023-04-28T08:12:17+00:00","dateModified":"2023-11-13T16:18:49+00:00","description":"Nous faisons un choix \u00e9thique : nos produits sont 100 % recyclables et nous contribuons activement \u00e0 la protection de l'environnement.","breadcrumb":{"@id":"https:\/\/maarmo.it\/fr\/industrie-verte\/#breadcrumb"},"inLanguage":"fr-FR","potentialAction":[{"@type":"ReadAction","target":["https:\/\/maarmo.it\/fr\/industrie-verte\/"]}]},{"@type":"ImageObject","inLanguage":"fr-FR","@id":"https:\/\/maarmo.it\/fr\/industrie-verte\/#primaryimage","url":"https:\/\/maarmo.it\/wp-content\/uploads\/2023\/04\/maarmo-2f-.webp","contentUrl":"https:\/\/maarmo.it\/wp-content\/uploads\/2023\/04\/maarmo-2f-.webp"},{"@type":"BreadcrumbList","@id":"https:\/\/maarmo.it\/fr\/industrie-verte\/#breadcrumb","itemListElement":[{"@type":"ListItem","position":1,"name":"Home","item":"https:\/\/maarmo.it\/fr\/"},{"@type":"ListItem","position":2,"name":"Industrie Verte"}]},{"@type":"WebSite","@id":"https:\/\/maarmo.it\/fr\/#website","url":"https:\/\/maarmo.it\/fr\/","name":"MAARMO","description":"","publisher":{"@id":"https:\/\/maarmo.it\/fr\/#organization"},"potentialAction":[{"@type":"SearchAction","target":{"@type":"EntryPoint","urlTemplate":"https:\/\/maarmo.it\/fr\/?s={search_term_string}"},"query-input":{"@type":"PropertyValueSpecification","valueRequired":true,"valueName":"search_term_string"}}],"inLanguage":"fr-FR"},{"@type":"Organization","@id":"https:\/\/maarmo.it\/fr\/#organization","name":"MAARMO","url":"https:\/\/maarmo.it\/fr\/","logo":{"@type":"ImageObject","inLanguage":"fr-FR","@id":"https:\/\/maarmo.it\/fr\/#\/schema\/logo\/image\/","url":"https:\/\/maarmo.it\/wp-content\/uploads\/2023\/03\/MAARMO-new-white-logo-payoff.png","contentUrl":"https:\/\/maarmo.it\/wp-content\/uploads\/2023\/03\/MAARMO-new-white-logo-payoff.png","width":360,"height":90,"caption":"MAARMO"},"image":{"@id":"https:\/\/maarmo.it\/fr\/#\/schema\/logo\/image\/"},"sameAs":["https:\/\/www.facebook.com\/maarmosrl\/"]}]}},"_links":{"self":[{"href":"https:\/\/maarmo.it\/fr\/wp-json\/wp\/v2\/pages\/4361","targetHints":{"allow":["GET"]}}],"collection":[{"href":"https:\/\/maarmo.it\/fr\/wp-json\/wp\/v2\/pages"}],"about":[{"href":"https:\/\/maarmo.it\/fr\/wp-json\/wp\/v2\/types\/page"}],"author":[{"embeddable":true,"href":"https:\/\/maarmo.it\/fr\/wp-json\/wp\/v2\/users\/4"}],"replies":[{"embeddable":true,"href":"https:\/\/maarmo.it\/fr\/wp-json\/wp\/v2\/comments?post=4361"}],"version-history":[{"count":4,"href":"https:\/\/maarmo.it\/fr\/wp-json\/wp\/v2\/pages\/4361\/revisions"}],"predecessor-version":[{"id":4639,"href":"https:\/\/maarmo.it\/fr\/wp-json\/wp\/v2\/pages\/4361\/revisions\/4639"}],"wp:attachment":[{"href":"https:\/\/maarmo.it\/fr\/wp-json\/wp\/v2\/media?parent=4361"}],"curies":[{"name":"wp","href":"https:\/\/api.w.org\/{rel}","templated":true}]}}