{"id":5865,"date":"2025-02-12T10:40:10","date_gmt":"2025-02-12T09:40:10","guid":{"rendered":"https:\/\/maarmo.it\/?page_id=5865"},"modified":"2025-02-12T10:41:55","modified_gmt":"2025-02-12T09:41:55","slug":"cookie-policy","status":"publish","type":"page","link":"https:\/\/maarmo.it\/fr\/cookie-policy\/","title":{"rendered":"Cookie Policy"},"content":{"rendered":"\t\t<div data-elementor-type=\"wp-page\" data-elementor-id=\"5865\" class=\"elementor elementor-5865\" data-elementor-post-type=\"page\">\n\t\t\t\t\t\t<section class=\"elementor-section elementor-top-section elementor-element elementor-element-74446aa elementor-section-boxed elementor-section-height-default elementor-section-height-default\" data-id=\"74446aa\" data-element_type=\"section\">\n\t\t\t\t\t\t<div class=\"elementor-container elementor-column-gap-default\">\n\t\t\t\t\t<div class=\"elementor-column elementor-col-100 elementor-top-column elementor-element elementor-element-2bc3bd5\" data-id=\"2bc3bd5\" data-element_type=\"column\">\n\t\t\t<div class=\"elementor-widget-wrap elementor-element-populated\">\n\t\t\t\t\t\t<div class=\"elementor-element elementor-element-94a628a elementor-widget elementor-widget-text-editor\" data-id=\"94a628a\" data-element_type=\"widget\" data-widget_type=\"text-editor.default\">\n\t\t\t\t<div class=\"elementor-widget-container\">\n\t\t\t\t\t\t\t\t\t<h2>Informations d\u00e9taill\u00e9es sur l&rsquo;utilisation des cookies. En vigueur \u00e0 partir de 10\/02\/2025<\/h2><p><strong>AVANT-PROPOS<\/strong><\/p><p>Cette politique en mati\u00e8re de cookies est \u00e9labor\u00e9e pour le https:\/\/maarmo.it\/fr\/ (<strong>Site<\/strong>). Il a \u00e9t\u00e9 pr\u00e9par\u00e9 en tenant compte des dispositions du R\u00e8glement europ\u00e9en 679\/2016 sur la protection des donn\u00e9es personnelles (GDPR), du Code de la confidentialit\u00e9 (d\u00e9cret l\u00e9gislatif n\u00b0 196 du 30 juin 2003) et des Lignes directrices du Garant de la confidentialit\u00e9 (notamment les Lignes directrices sur l&rsquo;utilisation des cookies publi\u00e9es le 10 juillet 2021).<\/p><p>Contr\u00f4leur des donn\u00e9es: MAARMO SRL<\/p><p><strong>INFORMATIONS G\u00c9N\u00c9RALES<\/strong><\/p><p><strong>Ce que sont les cookies et \u00e0 quoi ils servent<\/strong><\/p><p>Un cookie est un fichier texte qu&rsquo;un site internet visit\u00e9 par l&rsquo;utilisateur envoie \u00e0 son terminal (ordinateur, appareil mobile tel que smartphone ou tablette), o\u00f9 il est stock\u00e9 afin d&rsquo;\u00eatre retransmis \u00e0 ce site lors d&rsquo;une visite ult\u00e9rieure.<\/p><p><strong>Les cookies se distinguent<\/strong><\/p><p>sur la base de l&rsquo;entit\u00e9 qui les installe, selon qu&rsquo;il s&rsquo;agit du m\u00eame op\u00e9rateur du site visit\u00e9 (cookies dits \u00ab\u00a0de premi\u00e8re partie\u00a0\u00bb) ou d&rsquo;une entit\u00e9 diff\u00e9rente (cookies dits \u00ab\u00a0de tierce partie\u00a0\u00bb).<\/p><p>en fonction de la finalit\u00e9 de chaque cookie: certains cookies permettent une meilleure navigation, en m\u00e9morisant certains choix de l&rsquo;utilisateur, par exemple la langue (dits \u00a0\u00bb cookies techniques \u00ab\u00a0), d&rsquo;autres cookies permettent de suivre la navigation de l&rsquo;utilisateur \u00e9galement pour lui envoyer des publicit\u00e9s et\/ou lui offrir des services en fonction de ses pr\u00e9f\u00e9rences (dits \u00a0\u00bb cookies de profilage \u00ab\u00a0).<\/p><p>Seuls les cookies de profilage n\u00e9cessitent le consentement pr\u00e9alable de l&rsquo;utilisateur pour leur utilisation.<\/p><p>Le Responsable du traitement n&rsquo;est responsable que des cookies de premi\u00e8re partie qu&rsquo;il installe sur le Site.<\/p><p>Dans la section \u00a0\u00bb Cookies techniques de premi\u00e8re partie \u00ab\u00a0, vous pouvez consulter les types de cookies techniques de premi\u00e8re partie \u00e9mis par le Site.<\/p><p>La gestion des cookies de profilage est d\u00e9crite dans la section \u00a0\u00bb Cookies de profilage tiers \u00ab\u00a0.<\/p><p>Toutefois, vous pouvez \u00e9galement activer\/d\u00e9sactiver les cookies via les options de votre navigateur :<\/p><p><strong>Internet Explorer<\/strong><\/p><p>Allez dans le menu Outils, puis dans Options Internet.<\/p><p>Cliquez sur Confidentialit\u00e9, puis sur Avanc\u00e9.<\/p><p>Dans la fen\u00eatre Cookies, s\u00e9lectionnez vos pr\u00e9f\u00e9rences.<\/p><p><strong>Microsoft Edge<\/strong><\/p><p>Cliquez sur les trois points dans le coin sup\u00e9rieur droit du navigateur (Menu).<\/p><p>S\u00e9lectionnez\u00a0Param\u00e8tres.<\/p><p>Dans la barre lat\u00e9rale gauche, cliquez sur\u00a0Cookies et autorisations du site.<\/p><p><strong>Google Chrome<\/strong><\/p><p>Cliquez sur le menu Chrome, correspondant au bouton situ\u00e9 dans le coin sup\u00e9rieur droit.<\/p><p>S\u00e9lectionnez Param\u00e8tres, puis cliquez sur Avanc\u00e9.<\/p><p>Dans la section Confidentialit\u00e9 et s\u00e9curit\u00e9, cliquez sur le bouton Param\u00e8tres de contenu.<\/p><p>S\u00e9lectionnez vos options pr\u00e9f\u00e9r\u00e9es dans la section Cookies.<\/p><p><strong>Firefox<\/strong><\/p><p>Cliquez sur Outils, puis sur le menu Options.<\/p><p>Cliquez sur Param\u00e8tres de confidentialit\u00e9 et de s\u00e9curit\u00e9.<\/p><p>S\u00e9lectionnez Utiliser les param\u00e8tres personnalis\u00e9s pour l&rsquo;historique.<\/p><p>S\u00e9lectionnez vos options pr\u00e9f\u00e9r\u00e9es dans la section Accepter les cookies et les donn\u00e9es des sites Web.<\/p><p><strong>Safari<\/strong><\/p><p>Cliquez sur Safari, puis sur Pr\u00e9f\u00e9rences.<\/p><p>Cliquez sur la section Confidentialit\u00e9 et s\u00e9curit\u00e9.<\/p><p>Allez sur Bloquer les cookies et s\u00e9lectionnez vos options pr\u00e9f\u00e9r\u00e9es.<\/p><p><strong>Cookies techniques de premi\u00e8re partie<\/strong><\/p><p>Ces cookies sont n\u00e9cessaires au fonctionnement du site et ne peuvent \u00eatre d\u00e9sactiv\u00e9s. Ils sont g\u00e9n\u00e9ralement d\u00e9finis comme une r\u00e9ponse aux actions entreprises qui constituent une demande de services, comme la d\u00e9finition des pr\u00e9f\u00e9rences en mati\u00e8re de cookies, la connexion ou le remplissage de formulaires, les pr\u00e9f\u00e9rences de navigation.<\/p><ul><li>Le Site \u00e9met des cookies de navigation ou de session qui assurent une navigation et une utilisation normales du Site.<\/li><li>Le Site \u00e9met \u00e9galement des cookies qui documentent votre consentement \u00e0 l&rsquo;\u00e9mission de cookies de profilage et vos pr\u00e9f\u00e9rences. Ces cookies vous reconnaissent la deuxi\u00e8me fois que vous acc\u00e9dez au Site, de sorte que vous ne devez pas demander \u00e0 nouveau votre consentement pour l&rsquo;installation de cookies de profilage.<\/li><li>Les cookies techniques sont \u00e9galement utilis\u00e9s pour vous permettre de naviguer sur le Site tout en conservant les choix que vous avez effectu\u00e9s.<\/li><li>Le Contr\u00f4leur des donn\u00e9es utilise \u00e9galement des donn\u00e9es Google Analytics 4 (GA4) \u00ab\u00a0anonymes\u00a0\u00bb. Cela signifie que les cookies \u00e9mis par Google Analytics 4 permettent uniquement l&rsquo;analyse de donn\u00e9es statistiques, sans possibilit\u00e9 d&rsquo;identifier l&rsquo;utilisateur individuel.<\/li><\/ul><p><strong>Cookies de profilage de tiers<\/strong><\/p><p>Dans la banni\u00e8re des cookies qui appara\u00eet lors de votre premier acc\u00e8s au Site, vous pouvez examiner les cookies de profilage \u00e9mis par le Site et exprimer vos pr\u00e9f\u00e9rences.<\/p><p><strong>Vos droits<\/strong><\/p><p>Conform\u00e9ment \u00e0 l&rsquo;article 13 du RGPD, le responsable du traitement des donn\u00e9es vous informe que vous avez le droit de :<\/p><p>demander au responsable du traitement l&rsquo;acc\u00e8s aux donn\u00e9es \u00e0 caract\u00e8re personnel vous concernant, leur rectification ou leur effacement, la limitation du traitement vous concernant ou s&rsquo;opposer \u00e0 leur traitement, ainsi que le droit \u00e0 la portabilit\u00e9 des donn\u00e9es.<\/p><p>retirer le consentement \u00e0 tout moment, sans pr\u00e9judice de la lic\u00e9it\u00e9 du traitement fond\u00e9 sur le consentement donn\u00e9 avant la r\u00e9vocation<\/p><p>pour d\u00e9poser une plainte aupr\u00e8s d&rsquo;une autorit\u00e9 de contr\u00f4le (par exemple, l&rsquo;autorit\u00e9 de protection des donn\u00e9es).<\/p><p>Les droits susmentionn\u00e9s peuvent \u00eatre exerc\u00e9s en faisant une demande sans formalit\u00e9s aux contacts indiqu\u00e9s dans l&rsquo;avant-propos.<\/p><p><strong>Communication des donn\u00e9es<\/strong><\/p><ul><li>Le Responsable du traitement communique les donn\u00e9es \u00e0 la soci\u00e9t\u00e9 en charge des campagnes publicitaires.<\/li><li>Le Responsable du traitement communique\/partage les donn\u00e9es \u00e0 la soci\u00e9t\u00e9 charg\u00e9e de g\u00e9rer les campagnes publicitaires et\/ou \u00e0 l&rsquo;agence web charg\u00e9e de la gestion du Site.<\/li><li>Le Responsable du traitement communique\/partage les donn\u00e9es \u00e0 l&rsquo;agence web qui g\u00e8re le Site.<\/li><\/ul><p><strong>Conservation de l&rsquo;information<\/strong><\/p><ul><li>Si le Site utilise des cookies de profilage, les donn\u00e9es comportementales de l&rsquo;utilisateur sont conserv\u00e9es jusqu&rsquo;\u00e0 ce que le consentement de l&rsquo;utilisateur soit r\u00e9voqu\u00e9.<\/li><li>Les donn\u00e9es des cookies techniques sont stock\u00e9es aussi longtemps que n\u00e9cessaire pour permettre le service auquel le cookie technique individuel se rapporte.<\/li><\/ul>\t\t\t\t\t\t\t\t<\/div>\n\t\t\t\t<\/div>\n\t\t\t\t\t<\/div>\n\t\t<\/div>\n\t\t\t\t\t<\/div>\n\t\t<\/section>\n\t\t\t\t<\/div>\n\t\t","protected":false},"excerpt":{"rendered":"<p>Informations d\u00e9taill\u00e9es sur l&rsquo;utilisation des cookies. En vigueur \u00e0 partir de 10\/02\/2025 AVANT-PROPOS Cette politique en mati\u00e8re de cookies est \u00e9labor\u00e9e pour le https:\/\/maarmo.it\/fr\/ (Site). Il a \u00e9t\u00e9 pr\u00e9par\u00e9 en tenant compte des dispositions du R\u00e8glement europ\u00e9en 679\/2016 sur la protection des donn\u00e9es personnelles (GDPR), du Code de la confidentialit\u00e9 (d\u00e9cret l\u00e9gislatif n\u00b0 196 du [&hellip;]<\/p>\n","protected":false},"author":5,"featured_media":0,"parent":0,"menu_order":0,"comment_status":"closed","ping_status":"closed","template":"","meta":{"footnotes":""},"class_list":["post-5865","page","type-page","status-publish","hentry"],"yoast_head":"<!-- This site is optimized with the Yoast SEO plugin v26.7 - https:\/\/yoast.com\/wordpress\/plugins\/seo\/ -->\n<title>Cookie Policy - MAARMO<\/title>\n<meta name=\"robots\" content=\"index, follow, max-snippet:-1, max-image-preview:large, max-video-preview:-1\" \/>\n<link rel=\"canonical\" href=\"https:\/\/maarmo.it\/fr\/cookie-policy\/\" \/>\n<meta property=\"og:locale\" content=\"fr_FR\" \/>\n<meta property=\"og:type\" content=\"article\" \/>\n<meta property=\"og:title\" content=\"Cookie Policy - MAARMO\" \/>\n<meta property=\"og:description\" content=\"Informations d\u00e9taill\u00e9es sur l&rsquo;utilisation des cookies. En vigueur \u00e0 partir de 10\/02\/2025 AVANT-PROPOS Cette politique en mati\u00e8re de cookies est \u00e9labor\u00e9e pour le https:\/\/maarmo.it\/fr\/ (Site). Il a \u00e9t\u00e9 pr\u00e9par\u00e9 en tenant compte des dispositions du R\u00e8glement europ\u00e9en 679\/2016 sur la protection des donn\u00e9es personnelles (GDPR), du Code de la confidentialit\u00e9 (d\u00e9cret l\u00e9gislatif n\u00b0 196 du [&hellip;]\" \/>\n<meta property=\"og:url\" content=\"https:\/\/maarmo.it\/fr\/cookie-policy\/\" \/>\n<meta property=\"og:site_name\" content=\"MAARMO\" \/>\n<meta property=\"article:publisher\" content=\"https:\/\/www.facebook.com\/maarmosrl\/\" \/>\n<meta property=\"article:modified_time\" content=\"2025-02-12T09:41:55+00:00\" \/>\n<meta name=\"twitter:card\" content=\"summary_large_image\" \/>\n<meta name=\"twitter:label1\" content=\"Dur\u00e9e de lecture estim\u00e9e\" \/>\n\t<meta name=\"twitter:data1\" content=\"5 minutes\" \/>\n<script type=\"application\/ld+json\" class=\"yoast-schema-graph\">{\"@context\":\"https:\/\/schema.org\",\"@graph\":[{\"@type\":\"WebPage\",\"@id\":\"https:\/\/maarmo.it\/fr\/cookie-policy\/\",\"url\":\"https:\/\/maarmo.it\/fr\/cookie-policy\/\",\"name\":\"Cookie Policy - MAARMO\",\"isPartOf\":{\"@id\":\"https:\/\/maarmo.it\/fr\/#website\"},\"datePublished\":\"2025-02-12T09:40:10+00:00\",\"dateModified\":\"2025-02-12T09:41:55+00:00\",\"breadcrumb\":{\"@id\":\"https:\/\/maarmo.it\/fr\/cookie-policy\/#breadcrumb\"},\"inLanguage\":\"fr-FR\",\"potentialAction\":[{\"@type\":\"ReadAction\",\"target\":[\"https:\/\/maarmo.it\/fr\/cookie-policy\/\"]}]},{\"@type\":\"BreadcrumbList\",\"@id\":\"https:\/\/maarmo.it\/fr\/cookie-policy\/#breadcrumb\",\"itemListElement\":[{\"@type\":\"ListItem\",\"position\":1,\"name\":\"Home\",\"item\":\"https:\/\/maarmo.it\/fr\/\"},{\"@type\":\"ListItem\",\"position\":2,\"name\":\"Cookie Policy\"}]},{\"@type\":\"WebSite\",\"@id\":\"https:\/\/maarmo.it\/fr\/#website\",\"url\":\"https:\/\/maarmo.it\/fr\/\",\"name\":\"MAARMO\",\"description\":\"\",\"publisher\":{\"@id\":\"https:\/\/maarmo.it\/fr\/#organization\"},\"potentialAction\":[{\"@type\":\"SearchAction\",\"target\":{\"@type\":\"EntryPoint\",\"urlTemplate\":\"https:\/\/maarmo.it\/fr\/?s={search_term_string}\"},\"query-input\":{\"@type\":\"PropertyValueSpecification\",\"valueRequired\":true,\"valueName\":\"search_term_string\"}}],\"inLanguage\":\"fr-FR\"},{\"@type\":\"Organization\",\"@id\":\"https:\/\/maarmo.it\/fr\/#organization\",\"name\":\"MAARMO\",\"url\":\"https:\/\/maarmo.it\/fr\/\",\"logo\":{\"@type\":\"ImageObject\",\"inLanguage\":\"fr-FR\",\"@id\":\"https:\/\/maarmo.it\/fr\/#\/schema\/logo\/image\/\",\"url\":\"https:\/\/maarmo.it\/wp-content\/uploads\/2023\/03\/MAARMO-new-white-logo-payoff.png\",\"contentUrl\":\"https:\/\/maarmo.it\/wp-content\/uploads\/2023\/03\/MAARMO-new-white-logo-payoff.png\",\"width\":360,\"height\":90,\"caption\":\"MAARMO\"},\"image\":{\"@id\":\"https:\/\/maarmo.it\/fr\/#\/schema\/logo\/image\/\"},\"sameAs\":[\"https:\/\/www.facebook.com\/maarmosrl\/\"]}]}<\/script>\n<!-- \/ Yoast SEO plugin. -->","yoast_head_json":{"title":"Cookie Policy - MAARMO","robots":{"index":"index","follow":"follow","max-snippet":"max-snippet:-1","max-image-preview":"max-image-preview:large","max-video-preview":"max-video-preview:-1"},"canonical":"https:\/\/maarmo.it\/fr\/cookie-policy\/","og_locale":"fr_FR","og_type":"article","og_title":"Cookie Policy - MAARMO","og_description":"Informations d\u00e9taill\u00e9es sur l&rsquo;utilisation des cookies. En vigueur \u00e0 partir de 10\/02\/2025 AVANT-PROPOS Cette politique en mati\u00e8re de cookies est \u00e9labor\u00e9e pour le https:\/\/maarmo.it\/fr\/ (Site). Il a \u00e9t\u00e9 pr\u00e9par\u00e9 en tenant compte des dispositions du R\u00e8glement europ\u00e9en 679\/2016 sur la protection des donn\u00e9es personnelles (GDPR), du Code de la confidentialit\u00e9 (d\u00e9cret l\u00e9gislatif n\u00b0 196 du [&hellip;]","og_url":"https:\/\/maarmo.it\/fr\/cookie-policy\/","og_site_name":"MAARMO","article_publisher":"https:\/\/www.facebook.com\/maarmosrl\/","article_modified_time":"2025-02-12T09:41:55+00:00","twitter_card":"summary_large_image","twitter_misc":{"Dur\u00e9e de lecture estim\u00e9e":"5 minutes"},"schema":{"@context":"https:\/\/schema.org","@graph":[{"@type":"WebPage","@id":"https:\/\/maarmo.it\/fr\/cookie-policy\/","url":"https:\/\/maarmo.it\/fr\/cookie-policy\/","name":"Cookie Policy - MAARMO","isPartOf":{"@id":"https:\/\/maarmo.it\/fr\/#website"},"datePublished":"2025-02-12T09:40:10+00:00","dateModified":"2025-02-12T09:41:55+00:00","breadcrumb":{"@id":"https:\/\/maarmo.it\/fr\/cookie-policy\/#breadcrumb"},"inLanguage":"fr-FR","potentialAction":[{"@type":"ReadAction","target":["https:\/\/maarmo.it\/fr\/cookie-policy\/"]}]},{"@type":"BreadcrumbList","@id":"https:\/\/maarmo.it\/fr\/cookie-policy\/#breadcrumb","itemListElement":[{"@type":"ListItem","position":1,"name":"Home","item":"https:\/\/maarmo.it\/fr\/"},{"@type":"ListItem","position":2,"name":"Cookie Policy"}]},{"@type":"WebSite","@id":"https:\/\/maarmo.it\/fr\/#website","url":"https:\/\/maarmo.it\/fr\/","name":"MAARMO","description":"","publisher":{"@id":"https:\/\/maarmo.it\/fr\/#organization"},"potentialAction":[{"@type":"SearchAction","target":{"@type":"EntryPoint","urlTemplate":"https:\/\/maarmo.it\/fr\/?s={search_term_string}"},"query-input":{"@type":"PropertyValueSpecification","valueRequired":true,"valueName":"search_term_string"}}],"inLanguage":"fr-FR"},{"@type":"Organization","@id":"https:\/\/maarmo.it\/fr\/#organization","name":"MAARMO","url":"https:\/\/maarmo.it\/fr\/","logo":{"@type":"ImageObject","inLanguage":"fr-FR","@id":"https:\/\/maarmo.it\/fr\/#\/schema\/logo\/image\/","url":"https:\/\/maarmo.it\/wp-content\/uploads\/2023\/03\/MAARMO-new-white-logo-payoff.png","contentUrl":"https:\/\/maarmo.it\/wp-content\/uploads\/2023\/03\/MAARMO-new-white-logo-payoff.png","width":360,"height":90,"caption":"MAARMO"},"image":{"@id":"https:\/\/maarmo.it\/fr\/#\/schema\/logo\/image\/"},"sameAs":["https:\/\/www.facebook.com\/maarmosrl\/"]}]}},"_links":{"self":[{"href":"https:\/\/maarmo.it\/fr\/wp-json\/wp\/v2\/pages\/5865","targetHints":{"allow":["GET"]}}],"collection":[{"href":"https:\/\/maarmo.it\/fr\/wp-json\/wp\/v2\/pages"}],"about":[{"href":"https:\/\/maarmo.it\/fr\/wp-json\/wp\/v2\/types\/page"}],"author":[{"embeddable":true,"href":"https:\/\/maarmo.it\/fr\/wp-json\/wp\/v2\/users\/5"}],"replies":[{"embeddable":true,"href":"https:\/\/maarmo.it\/fr\/wp-json\/wp\/v2\/comments?post=5865"}],"version-history":[{"count":4,"href":"https:\/\/maarmo.it\/fr\/wp-json\/wp\/v2\/pages\/5865\/revisions"}],"predecessor-version":[{"id":5884,"href":"https:\/\/maarmo.it\/fr\/wp-json\/wp\/v2\/pages\/5865\/revisions\/5884"}],"wp:attachment":[{"href":"https:\/\/maarmo.it\/fr\/wp-json\/wp\/v2\/media?parent=5865"}],"curies":[{"name":"wp","href":"https:\/\/api.w.org\/{rel}","templated":true}]}}