{"id":9070,"date":"2025-10-27T16:19:53","date_gmt":"2025-10-27T15:19:53","guid":{"rendered":"https:\/\/maarmo.it\/?page_id=9070"},"modified":"2025-10-30T10:25:24","modified_gmt":"2025-10-30T09:25:24","slug":"qui-sommes-nous","status":"publish","type":"page","link":"https:\/\/maarmo.it\/fr\/qui-sommes-nous\/","title":{"rendered":"Qui sommes-nous"},"content":{"rendered":"\t\t<div data-elementor-type=\"wp-page\" data-elementor-id=\"9070\" class=\"elementor elementor-9070 elementor-9067\" data-elementor-post-type=\"page\">\n\t\t\t\t\t\t<section class=\"elementor-section elementor-top-section elementor-element elementor-element-f456af2 elementor-section-full_width elementor-section-height-full elementor-section-height-default elementor-section-items-middle\" data-id=\"f456af2\" data-element_type=\"section\" data-settings=\"{&quot;background_background&quot;:&quot;classic&quot;}\">\n\t\t\t\t\t\t\t<div class=\"elementor-background-overlay\"><\/div>\n\t\t\t\t\t\t\t<div class=\"elementor-container elementor-column-gap-default\">\n\t\t\t\t\t<div class=\"elementor-column elementor-col-100 elementor-top-column elementor-element elementor-element-0219aa4\" data-id=\"0219aa4\" data-element_type=\"column\">\n\t\t\t<div class=\"elementor-widget-wrap elementor-element-populated\">\n\t\t\t\t\t\t<section class=\"elementor-section elementor-inner-section elementor-element elementor-element-bc7eed8 elementor-section-height-min-height elementor-section-content-middle elementor-section-boxed elementor-section-height-default\" data-id=\"bc7eed8\" data-element_type=\"section\" data-settings=\"{&quot;background_background&quot;:&quot;classic&quot;}\">\n\t\t\t\t\t\t\t<div class=\"elementor-background-overlay\"><\/div>\n\t\t\t\t\t\t\t<div class=\"elementor-container elementor-column-gap-default\">\n\t\t\t\t\t<div class=\"elementor-column elementor-col-100 elementor-inner-column elementor-element elementor-element-4bff858\" data-id=\"4bff858\" data-element_type=\"column\">\n\t\t\t<div class=\"elementor-widget-wrap elementor-element-populated\">\n\t\t\t\t\t\t<div class=\"elementor-element elementor-element-1153615 elementor-widget elementor-widget-heading\" data-id=\"1153615\" data-element_type=\"widget\" data-widget_type=\"heading.default\">\n\t\t\t\t<div class=\"elementor-widget-container\">\n\t\t\t\t\t<h1 class=\"elementor-heading-title elementor-size-default\">MAARMO SRL<\/h1>\t\t\t\t<\/div>\n\t\t\t\t<\/div>\n\t\t\t\t<div class=\"elementor-element elementor-element-7d940e2 elementor-invisible elementor-widget elementor-widget-text-editor\" data-id=\"7d940e2\" data-element_type=\"widget\" data-settings=\"{&quot;motion_fx_motion_fx_mouse&quot;:&quot;yes&quot;,&quot;motion_fx_mouseTrack_effect&quot;:&quot;yes&quot;,&quot;motion_fx_mouseTrack_speed&quot;:{&quot;unit&quot;:&quot;px&quot;,&quot;size&quot;:0.1,&quot;sizes&quot;:[]},&quot;_animation&quot;:&quot;fadeIn&quot;}\" data-widget_type=\"text-editor.default\">\n\t\t\t\t<div class=\"elementor-widget-container\">\n\t\t\t\t\t\t\t\t\t<p><strong>Profil de l\u2019entreprise<\/strong><\/p>\t\t\t\t\t\t\t\t<\/div>\n\t\t\t\t<\/div>\n\t\t\t\t\t<\/div>\n\t\t<\/div>\n\t\t\t\t\t<\/div>\n\t\t<\/section>\n\t\t\t\t\t<\/div>\n\t\t<\/div>\n\t\t\t\t\t<\/div>\n\t\t<\/section>\n\t\t\t\t<section class=\"elementor-section elementor-top-section elementor-element elementor-element-acc6874 elementor-reverse-tablet elementor-reverse-mobile elementor-section-boxed elementor-section-height-default elementor-section-height-default\" data-id=\"acc6874\" data-element_type=\"section\">\n\t\t\t\t\t\t<div class=\"elementor-container elementor-column-gap-custom\">\n\t\t\t\t\t<div class=\"elementor-column elementor-col-50 elementor-top-column elementor-element elementor-element-95d4012\" data-id=\"95d4012\" data-element_type=\"column\">\n\t\t\t<div class=\"elementor-widget-wrap elementor-element-populated\">\n\t\t\t\t\t\t<div class=\"elementor-element elementor-element-8b5f6d6 elementor-widget__width-auto elementor-widget elementor-widget-text-editor\" data-id=\"8b5f6d6\" data-element_type=\"widget\" data-widget_type=\"text-editor.default\">\n\t\t\t\t<div class=\"elementor-widget-container\">\n\t\t\t\t\t\t\t\t\tDesign durable et innovation circulaire\t\t\t\t\t\t\t\t<\/div>\n\t\t\t\t<\/div>\n\t\t\t\t<div class=\"elementor-element elementor-element-e38b6df elementor-widget__width-auto elementor-widget elementor-widget-text-editor\" data-id=\"e38b6df\" data-element_type=\"widget\" data-widget_type=\"text-editor.default\">\n\t\t\t\t<div class=\"elementor-widget-container\">\n\t\t\t\t\t\t\t\t\t<p>Fond\u00e9e en 2017, MAARMO est n\u00e9e avec l\u2019objectif de d\u00e9velopper des solutions d\u2019ameublement design et durables, alliant innovation technologique et respect de l\u2019environnement.<\/p><p>Notre production repose sur les principes de l\u2019\u00e9conomie circulaire : la mati\u00e8re premi\u00e8re provient des r\u00e9sidus de poussi\u00e8re de marbre, parfois combin\u00e9s \u00e0 des d\u00e9chets issus d\u2019autres fili\u00e8res du Made in Italy, sans n\u00e9cessiter de traitements chimiques ou thermiques suppl\u00e9mentaires.<\/p><p>Cette approche permet de r\u00e9duire au minimum la consommation d\u2019\u00e9nergie et les \u00e9missions de CO\u2082.<\/p>\t\t\t\t\t\t\t\t<\/div>\n\t\t\t\t<\/div>\n\t\t\t\t\t<\/div>\n\t\t<\/div>\n\t\t\t\t<div class=\"elementor-column elementor-col-50 elementor-top-column elementor-element elementor-element-e589131\" data-id=\"e589131\" data-element_type=\"column\">\n\t\t\t<div class=\"elementor-widget-wrap elementor-element-populated\">\n\t\t\t\t\t\t<div class=\"elementor-element elementor-element-f4b4b6c elementor-widget elementor-widget-image\" data-id=\"f4b4b6c\" data-element_type=\"widget\" data-widget_type=\"image.default\">\n\t\t\t\t<div class=\"elementor-widget-container\">\n\t\t\t\t\t\t\t\t\t\t\t\t\t\t\t<img fetchpriority=\"high\" decoding=\"async\" width=\"1280\" height=\"1920\" src=\"https:\/\/maarmo.it\/wp-content\/uploads\/2025\/10\/maarmo-vinacce.jpg\" class=\"attachment-full size-full wp-image-9177\" alt=\"\" srcset=\"https:\/\/maarmo.it\/wp-content\/uploads\/2025\/10\/maarmo-vinacce.jpg 1280w, https:\/\/maarmo.it\/wp-content\/uploads\/2025\/10\/maarmo-vinacce-200x300.jpg 200w, https:\/\/maarmo.it\/wp-content\/uploads\/2025\/10\/maarmo-vinacce-683x1024.jpg 683w, https:\/\/maarmo.it\/wp-content\/uploads\/2025\/10\/maarmo-vinacce-768x1152.jpg 768w, https:\/\/maarmo.it\/wp-content\/uploads\/2025\/10\/maarmo-vinacce-1024x1536.jpg 1024w\" sizes=\"(max-width: 1280px) 100vw, 1280px\" \/>\t\t\t\t\t\t\t\t\t\t\t\t\t\t\t<\/div>\n\t\t\t\t<\/div>\n\t\t\t\t\t<\/div>\n\t\t<\/div>\n\t\t\t\t\t<\/div>\n\t\t<\/section>\n\t\t\t\t<section class=\"elementor-section elementor-top-section elementor-element elementor-element-a9aa2c7 elementor-section-boxed elementor-section-height-default elementor-section-height-default\" data-id=\"a9aa2c7\" data-element_type=\"section\">\n\t\t\t\t\t\t<div class=\"elementor-container elementor-column-gap-custom\">\n\t\t\t\t\t<div class=\"elementor-column elementor-col-50 elementor-top-column elementor-element elementor-element-639b823\" data-id=\"639b823\" data-element_type=\"column\">\n\t\t\t<div class=\"elementor-widget-wrap elementor-element-populated\">\n\t\t\t\t\t\t<div class=\"elementor-element elementor-element-b4b1b35 elementor-widget elementor-widget-image\" data-id=\"b4b1b35\" data-element_type=\"widget\" data-widget_type=\"image.default\">\n\t\t\t\t<div class=\"elementor-widget-container\">\n\t\t\t\t\t\t\t\t\t\t\t\t\t\t\t<img decoding=\"async\" width=\"1240\" height=\"787\" src=\"https:\/\/maarmo.it\/wp-content\/uploads\/2025\/10\/maarmo-vista-aerea.jpg\" class=\"attachment-full size-full wp-image-9181\" alt=\"\" srcset=\"https:\/\/maarmo.it\/wp-content\/uploads\/2025\/10\/maarmo-vista-aerea.jpg 1240w, https:\/\/maarmo.it\/wp-content\/uploads\/2025\/10\/maarmo-vista-aerea-300x190.jpg 300w, https:\/\/maarmo.it\/wp-content\/uploads\/2025\/10\/maarmo-vista-aerea-1024x650.jpg 1024w, https:\/\/maarmo.it\/wp-content\/uploads\/2025\/10\/maarmo-vista-aerea-768x487.jpg 768w\" sizes=\"(max-width: 1240px) 100vw, 1240px\" \/>\t\t\t\t\t\t\t\t\t\t\t\t\t\t\t<\/div>\n\t\t\t\t<\/div>\n\t\t\t\t\t<\/div>\n\t\t<\/div>\n\t\t\t\t<div class=\"elementor-column elementor-col-50 elementor-top-column elementor-element elementor-element-107b75c\" data-id=\"107b75c\" data-element_type=\"column\">\n\t\t\t<div class=\"elementor-widget-wrap elementor-element-populated\">\n\t\t\t\t\t\t<div class=\"elementor-element elementor-element-d84124b elementor-widget__width-auto elementor-widget elementor-widget-text-editor\" data-id=\"d84124b\" data-element_type=\"widget\" data-widget_type=\"text-editor.default\">\n\t\t\t\t<div class=\"elementor-widget-container\">\n\t\t\t\t\t\t\t\t\tDu recyclage \u00e0 la r\u00e9g\u00e9n\u00e9ration\t\t\t\t\t\t\t\t<\/div>\n\t\t\t\t<\/div>\n\t\t\t\t<div class=\"elementor-element elementor-element-154699b elementor-widget__width-auto elementor-widget elementor-widget-text-editor\" data-id=\"154699b\" data-element_type=\"widget\" data-widget_type=\"text-editor.default\">\n\t\t\t\t<div class=\"elementor-widget-container\">\n\t\t\t\t\t\t\t\t\t<p>Parmi nos principaux produits figurent les radiateurs design, qui, en fin de cycle de vie, peuvent \u00eatre r\u00e9g\u00e9n\u00e9r\u00e9s et r\u00e9introduits dans le processus de production. Apr\u00e8s avoir retir\u00e9 les \u00e9l\u00e9ments chauffants (comme le cuivre ou les r\u00e9sistances \u00e9lectriques), les mat\u00e9riaux sont broy\u00e9s puis r\u00e9utilis\u00e9s, cr\u00e9ant ainsi des flux circulaires de mati\u00e8re capables de se r\u00e9g\u00e9n\u00e9rer.<\/p><p>Gr\u00e2ce \u00e0 une activit\u00e9 constante de recherche et d\u00e9veloppement, MAARMO a \u00e9galement introduit une ligne de compl\u00e9ments d\u2019ameublement \u00e9co-responsables \u2013 tels que des lampes et objets d\u00e9coratifs \u2013 r\u00e9alis\u00e9s par impression 3D \u00e0 partir de filaments compos\u00e9s de r\u00e9sidus de marbre et de mat\u00e9riaux recycl\u00e9s.<\/p><p>Le r\u00e9sultat est une collection qui associe design contemporain, durabilit\u00e9 et innovation italienne.<\/p>\t\t\t\t\t\t\t\t<\/div>\n\t\t\t\t<\/div>\n\t\t\t\t\t<\/div>\n\t\t<\/div>\n\t\t\t\t\t<\/div>\n\t\t<\/section>\n\t\t\t\t<section class=\"elementor-section elementor-top-section elementor-element elementor-element-2961374 elementor-section-boxed elementor-section-height-default elementor-section-height-default\" data-id=\"2961374\" data-element_type=\"section\">\n\t\t\t\t\t\t<div class=\"elementor-container elementor-column-gap-default\">\n\t\t\t\t\t<div class=\"elementor-column elementor-col-100 elementor-top-column elementor-element elementor-element-12b6b54\" data-id=\"12b6b54\" data-element_type=\"column\">\n\t\t\t<div class=\"elementor-widget-wrap elementor-element-populated\">\n\t\t\t\t\t\t<div class=\"elementor-element elementor-element-ee5943a elementor-widget elementor-widget-video\" data-id=\"ee5943a\" data-element_type=\"widget\" data-settings=\"{&quot;youtube_url&quot;:&quot;https:\\\/\\\/www.youtube.com\\\/watch?v=r1_lyfrjzi0&quot;,&quot;yt_privacy&quot;:&quot;yes&quot;,&quot;lazy_load&quot;:&quot;yes&quot;,&quot;video_type&quot;:&quot;youtube&quot;,&quot;controls&quot;:&quot;yes&quot;}\" data-widget_type=\"video.default\">\n\t\t\t\t<div class=\"elementor-widget-container\">\n\t\t\t\t\t\t\t<div class=\"elementor-wrapper elementor-open-inline\">\n\t\t\t<div class=\"elementor-video\"><\/div>\t\t<\/div>\n\t\t\t\t\t\t<\/div>\n\t\t\t\t<\/div>\n\t\t\t\t\t<\/div>\n\t\t<\/div>\n\t\t\t\t\t<\/div>\n\t\t<\/section>\n\t\t\t\t<\/div>\n\t\t","protected":false},"excerpt":{"rendered":"<p>MAARMO SRL Profil de l\u2019entreprise Design durable et innovation circulaire Fond\u00e9e en 2017, MAARMO est n\u00e9e avec l\u2019objectif de d\u00e9velopper des solutions d\u2019ameublement design et durables, alliant innovation technologique et respect de l\u2019environnement. Notre production repose sur les principes de l\u2019\u00e9conomie circulaire : la mati\u00e8re premi\u00e8re provient des r\u00e9sidus de poussi\u00e8re de marbre, parfois combin\u00e9s [&hellip;]<\/p>\n","protected":false},"author":5,"featured_media":0,"parent":0,"menu_order":0,"comment_status":"closed","ping_status":"closed","template":"elementor_header_footer","meta":{"footnotes":""},"class_list":["post-9070","page","type-page","status-publish","hentry"],"yoast_head":"<!-- This site is optimized with the Yoast SEO plugin v26.7 - https:\/\/yoast.com\/wordpress\/plugins\/seo\/ -->\n<title>Qui sommes-nous - MAARMO<\/title>\n<meta name=\"description\" content=\"MAARMO cr\u00e9e des meubles design et durables \u00e0 partir de poussi\u00e8re de marbre et de mat\u00e9riaux recycl\u00e9s, alliant innovation, \u00e9conomie circulaire et savoir-faire italien.\" \/>\n<meta name=\"robots\" content=\"index, follow, max-snippet:-1, max-image-preview:large, max-video-preview:-1\" \/>\n<link rel=\"canonical\" href=\"https:\/\/maarmo.it\/fr\/qui-sommes-nous\/\" \/>\n<meta property=\"og:locale\" content=\"fr_FR\" \/>\n<meta property=\"og:type\" content=\"article\" \/>\n<meta property=\"og:title\" content=\"Qui sommes-nous - MAARMO\" \/>\n<meta property=\"og:description\" content=\"MAARMO cr\u00e9e des meubles design et durables \u00e0 partir de poussi\u00e8re de marbre et de mat\u00e9riaux recycl\u00e9s, alliant innovation, \u00e9conomie circulaire et savoir-faire italien.\" \/>\n<meta property=\"og:url\" content=\"https:\/\/maarmo.it\/fr\/qui-sommes-nous\/\" \/>\n<meta property=\"og:site_name\" content=\"MAARMO\" \/>\n<meta property=\"article:publisher\" content=\"https:\/\/www.facebook.com\/maarmosrl\/\" \/>\n<meta property=\"article:modified_time\" content=\"2025-10-30T09:25:24+00:00\" \/>\n<meta property=\"og:image\" content=\"https:\/\/maarmo.it\/wp-content\/uploads\/2025\/10\/maarmo-vinacce.jpg\" \/>\n<meta name=\"twitter:card\" content=\"summary_large_image\" \/>\n<meta name=\"twitter:label1\" content=\"Dur\u00e9e de lecture estim\u00e9e\" \/>\n\t<meta name=\"twitter:data1\" content=\"2 minutes\" \/>\n<script type=\"application\/ld+json\" class=\"yoast-schema-graph\">{\"@context\":\"https:\/\/schema.org\",\"@graph\":[{\"@type\":\"WebPage\",\"@id\":\"https:\/\/maarmo.it\/fr\/qui-sommes-nous\/\",\"url\":\"https:\/\/maarmo.it\/fr\/qui-sommes-nous\/\",\"name\":\"Qui sommes-nous - MAARMO\",\"isPartOf\":{\"@id\":\"https:\/\/maarmo.it\/fr\/#website\"},\"primaryImageOfPage\":{\"@id\":\"https:\/\/maarmo.it\/fr\/qui-sommes-nous\/#primaryimage\"},\"image\":{\"@id\":\"https:\/\/maarmo.it\/fr\/qui-sommes-nous\/#primaryimage\"},\"thumbnailUrl\":\"https:\/\/maarmo.it\/wp-content\/uploads\/2025\/10\/maarmo-vinacce.jpg\",\"datePublished\":\"2025-10-27T15:19:53+00:00\",\"dateModified\":\"2025-10-30T09:25:24+00:00\",\"description\":\"MAARMO cr\u00e9e des meubles design et durables \u00e0 partir de poussi\u00e8re de marbre et de mat\u00e9riaux recycl\u00e9s, alliant innovation, \u00e9conomie circulaire et savoir-faire italien.\",\"breadcrumb\":{\"@id\":\"https:\/\/maarmo.it\/fr\/qui-sommes-nous\/#breadcrumb\"},\"inLanguage\":\"fr-FR\",\"potentialAction\":[{\"@type\":\"ReadAction\",\"target\":[\"https:\/\/maarmo.it\/fr\/qui-sommes-nous\/\"]}]},{\"@type\":\"ImageObject\",\"inLanguage\":\"fr-FR\",\"@id\":\"https:\/\/maarmo.it\/fr\/qui-sommes-nous\/#primaryimage\",\"url\":\"https:\/\/maarmo.it\/wp-content\/uploads\/2025\/10\/maarmo-vinacce.jpg\",\"contentUrl\":\"https:\/\/maarmo.it\/wp-content\/uploads\/2025\/10\/maarmo-vinacce.jpg\"},{\"@type\":\"BreadcrumbList\",\"@id\":\"https:\/\/maarmo.it\/fr\/qui-sommes-nous\/#breadcrumb\",\"itemListElement\":[{\"@type\":\"ListItem\",\"position\":1,\"name\":\"Home\",\"item\":\"https:\/\/maarmo.it\/fr\/\"},{\"@type\":\"ListItem\",\"position\":2,\"name\":\"Qui sommes-nous\"}]},{\"@type\":\"WebSite\",\"@id\":\"https:\/\/maarmo.it\/fr\/#website\",\"url\":\"https:\/\/maarmo.it\/fr\/\",\"name\":\"MAARMO\",\"description\":\"\",\"publisher\":{\"@id\":\"https:\/\/maarmo.it\/fr\/#organization\"},\"potentialAction\":[{\"@type\":\"SearchAction\",\"target\":{\"@type\":\"EntryPoint\",\"urlTemplate\":\"https:\/\/maarmo.it\/fr\/?s={search_term_string}\"},\"query-input\":{\"@type\":\"PropertyValueSpecification\",\"valueRequired\":true,\"valueName\":\"search_term_string\"}}],\"inLanguage\":\"fr-FR\"},{\"@type\":\"Organization\",\"@id\":\"https:\/\/maarmo.it\/fr\/#organization\",\"name\":\"MAARMO\",\"url\":\"https:\/\/maarmo.it\/fr\/\",\"logo\":{\"@type\":\"ImageObject\",\"inLanguage\":\"fr-FR\",\"@id\":\"https:\/\/maarmo.it\/fr\/#\/schema\/logo\/image\/\",\"url\":\"https:\/\/maarmo.it\/wp-content\/uploads\/2023\/03\/MAARMO-new-white-logo-payoff.png\",\"contentUrl\":\"https:\/\/maarmo.it\/wp-content\/uploads\/2023\/03\/MAARMO-new-white-logo-payoff.png\",\"width\":360,\"height\":90,\"caption\":\"MAARMO\"},\"image\":{\"@id\":\"https:\/\/maarmo.it\/fr\/#\/schema\/logo\/image\/\"},\"sameAs\":[\"https:\/\/www.facebook.com\/maarmosrl\/\"]}]}<\/script>\n<!-- \/ Yoast SEO plugin. -->","yoast_head_json":{"title":"Qui sommes-nous - MAARMO","description":"MAARMO cr\u00e9e des meubles design et durables \u00e0 partir de poussi\u00e8re de marbre et de mat\u00e9riaux recycl\u00e9s, alliant innovation, \u00e9conomie circulaire et savoir-faire italien.","robots":{"index":"index","follow":"follow","max-snippet":"max-snippet:-1","max-image-preview":"max-image-preview:large","max-video-preview":"max-video-preview:-1"},"canonical":"https:\/\/maarmo.it\/fr\/qui-sommes-nous\/","og_locale":"fr_FR","og_type":"article","og_title":"Qui sommes-nous - MAARMO","og_description":"MAARMO cr\u00e9e des meubles design et durables \u00e0 partir de poussi\u00e8re de marbre et de mat\u00e9riaux recycl\u00e9s, alliant innovation, \u00e9conomie circulaire et savoir-faire italien.","og_url":"https:\/\/maarmo.it\/fr\/qui-sommes-nous\/","og_site_name":"MAARMO","article_publisher":"https:\/\/www.facebook.com\/maarmosrl\/","article_modified_time":"2025-10-30T09:25:24+00:00","og_image":[{"url":"https:\/\/maarmo.it\/wp-content\/uploads\/2025\/10\/maarmo-vinacce.jpg","type":"","width":"","height":""}],"twitter_card":"summary_large_image","twitter_misc":{"Dur\u00e9e de lecture estim\u00e9e":"2 minutes"},"schema":{"@context":"https:\/\/schema.org","@graph":[{"@type":"WebPage","@id":"https:\/\/maarmo.it\/fr\/qui-sommes-nous\/","url":"https:\/\/maarmo.it\/fr\/qui-sommes-nous\/","name":"Qui sommes-nous - MAARMO","isPartOf":{"@id":"https:\/\/maarmo.it\/fr\/#website"},"primaryImageOfPage":{"@id":"https:\/\/maarmo.it\/fr\/qui-sommes-nous\/#primaryimage"},"image":{"@id":"https:\/\/maarmo.it\/fr\/qui-sommes-nous\/#primaryimage"},"thumbnailUrl":"https:\/\/maarmo.it\/wp-content\/uploads\/2025\/10\/maarmo-vinacce.jpg","datePublished":"2025-10-27T15:19:53+00:00","dateModified":"2025-10-30T09:25:24+00:00","description":"MAARMO cr\u00e9e des meubles design et durables \u00e0 partir de poussi\u00e8re de marbre et de mat\u00e9riaux recycl\u00e9s, alliant innovation, \u00e9conomie circulaire et savoir-faire italien.","breadcrumb":{"@id":"https:\/\/maarmo.it\/fr\/qui-sommes-nous\/#breadcrumb"},"inLanguage":"fr-FR","potentialAction":[{"@type":"ReadAction","target":["https:\/\/maarmo.it\/fr\/qui-sommes-nous\/"]}]},{"@type":"ImageObject","inLanguage":"fr-FR","@id":"https:\/\/maarmo.it\/fr\/qui-sommes-nous\/#primaryimage","url":"https:\/\/maarmo.it\/wp-content\/uploads\/2025\/10\/maarmo-vinacce.jpg","contentUrl":"https:\/\/maarmo.it\/wp-content\/uploads\/2025\/10\/maarmo-vinacce.jpg"},{"@type":"BreadcrumbList","@id":"https:\/\/maarmo.it\/fr\/qui-sommes-nous\/#breadcrumb","itemListElement":[{"@type":"ListItem","position":1,"name":"Home","item":"https:\/\/maarmo.it\/fr\/"},{"@type":"ListItem","position":2,"name":"Qui sommes-nous"}]},{"@type":"WebSite","@id":"https:\/\/maarmo.it\/fr\/#website","url":"https:\/\/maarmo.it\/fr\/","name":"MAARMO","description":"","publisher":{"@id":"https:\/\/maarmo.it\/fr\/#organization"},"potentialAction":[{"@type":"SearchAction","target":{"@type":"EntryPoint","urlTemplate":"https:\/\/maarmo.it\/fr\/?s={search_term_string}"},"query-input":{"@type":"PropertyValueSpecification","valueRequired":true,"valueName":"search_term_string"}}],"inLanguage":"fr-FR"},{"@type":"Organization","@id":"https:\/\/maarmo.it\/fr\/#organization","name":"MAARMO","url":"https:\/\/maarmo.it\/fr\/","logo":{"@type":"ImageObject","inLanguage":"fr-FR","@id":"https:\/\/maarmo.it\/fr\/#\/schema\/logo\/image\/","url":"https:\/\/maarmo.it\/wp-content\/uploads\/2023\/03\/MAARMO-new-white-logo-payoff.png","contentUrl":"https:\/\/maarmo.it\/wp-content\/uploads\/2023\/03\/MAARMO-new-white-logo-payoff.png","width":360,"height":90,"caption":"MAARMO"},"image":{"@id":"https:\/\/maarmo.it\/fr\/#\/schema\/logo\/image\/"},"sameAs":["https:\/\/www.facebook.com\/maarmosrl\/"]}]}},"_links":{"self":[{"href":"https:\/\/maarmo.it\/fr\/wp-json\/wp\/v2\/pages\/9070","targetHints":{"allow":["GET"]}}],"collection":[{"href":"https:\/\/maarmo.it\/fr\/wp-json\/wp\/v2\/pages"}],"about":[{"href":"https:\/\/maarmo.it\/fr\/wp-json\/wp\/v2\/types\/page"}],"author":[{"embeddable":true,"href":"https:\/\/maarmo.it\/fr\/wp-json\/wp\/v2\/users\/5"}],"replies":[{"embeddable":true,"href":"https:\/\/maarmo.it\/fr\/wp-json\/wp\/v2\/comments?post=9070"}],"version-history":[{"count":7,"href":"https:\/\/maarmo.it\/fr\/wp-json\/wp\/v2\/pages\/9070\/revisions"}],"predecessor-version":[{"id":9198,"href":"https:\/\/maarmo.it\/fr\/wp-json\/wp\/v2\/pages\/9070\/revisions\/9198"}],"wp:attachment":[{"href":"https:\/\/maarmo.it\/fr\/wp-json\/wp\/v2\/media?parent=9070"}],"curies":[{"name":"wp","href":"https:\/\/api.w.org\/{rel}","templated":true}]}}