{"id":9242,"date":"2025-10-30T10:28:06","date_gmt":"2025-10-30T09:28:06","guid":{"rendered":"https:\/\/maarmo.it\/?page_id=9242"},"modified":"2025-10-30T11:07:52","modified_gmt":"2025-10-30T10:07:52","slug":"elements-dameublement","status":"publish","type":"page","link":"https:\/\/maarmo.it\/fr\/elements-dameublement\/","title":{"rendered":"\u00c9l\u00e9ments d\u2019ameublement"},"content":{"rendered":"\t\t<div data-elementor-type=\"wp-page\" data-elementor-id=\"9242\" class=\"elementor elementor-9242 elementor-9202\" data-elementor-post-type=\"page\">\n\t\t\t\t\t\t<section class=\"elementor-section elementor-top-section elementor-element elementor-element-f456af2 elementor-section-full_width elementor-section-height-full elementor-section-height-default elementor-section-items-middle\" data-id=\"f456af2\" data-element_type=\"section\" data-settings=\"{&quot;background_background&quot;:&quot;classic&quot;}\">\n\t\t\t\t\t\t\t<div class=\"elementor-background-overlay\"><\/div>\n\t\t\t\t\t\t\t<div class=\"elementor-container elementor-column-gap-default\">\n\t\t\t\t\t<div class=\"elementor-column elementor-col-100 elementor-top-column elementor-element elementor-element-0219aa4\" data-id=\"0219aa4\" data-element_type=\"column\">\n\t\t\t<div class=\"elementor-widget-wrap elementor-element-populated\">\n\t\t\t\t\t\t<section class=\"elementor-section elementor-inner-section elementor-element elementor-element-d4db060 elementor-section-height-min-height elementor-section-content-middle elementor-section-boxed elementor-section-height-default\" data-id=\"d4db060\" data-element_type=\"section\" data-settings=\"{&quot;background_background&quot;:&quot;classic&quot;}\">\n\t\t\t\t\t\t\t<div class=\"elementor-background-overlay\"><\/div>\n\t\t\t\t\t\t\t<div class=\"elementor-container elementor-column-gap-default\">\n\t\t\t\t\t<div class=\"elementor-column elementor-col-100 elementor-inner-column elementor-element elementor-element-b690d59\" data-id=\"b690d59\" data-element_type=\"column\">\n\t\t\t<div class=\"elementor-widget-wrap elementor-element-populated\">\n\t\t\t\t\t\t<div class=\"elementor-element elementor-element-55156ed elementor-widget elementor-widget-heading\" data-id=\"55156ed\" data-element_type=\"widget\" data-widget_type=\"heading.default\">\n\t\t\t\t<div class=\"elementor-widget-container\">\n\t\t\t\t\t<h1 class=\"elementor-heading-title elementor-size-default\">\u00c9l\u00e9ments d\u2019ameublement<\/h1>\t\t\t\t<\/div>\n\t\t\t\t<\/div>\n\t\t\t\t<div class=\"elementor-element elementor-element-68de2a1 elementor-invisible elementor-widget elementor-widget-text-editor\" data-id=\"68de2a1\" data-element_type=\"widget\" data-settings=\"{&quot;motion_fx_motion_fx_mouse&quot;:&quot;yes&quot;,&quot;motion_fx_mouseTrack_effect&quot;:&quot;yes&quot;,&quot;motion_fx_mouseTrack_speed&quot;:{&quot;unit&quot;:&quot;px&quot;,&quot;size&quot;:0.1,&quot;sizes&quot;:[]},&quot;_animation&quot;:&quot;fadeIn&quot;}\" data-widget_type=\"text-editor.default\">\n\t\t\t\t<div class=\"elementor-widget-container\">\n\t\t\t\t\t\t\t\t\t<h2 style=\"margin: 0px; font-size: 30px;\">Design sur mesure, impact z\u00e9ro.<\/h2>\t\t\t\t\t\t\t\t<\/div>\n\t\t\t\t<\/div>\n\t\t\t\t\t<\/div>\n\t\t<\/div>\n\t\t\t\t\t<\/div>\n\t\t<\/section>\n\t\t\t\t\t<\/div>\n\t\t<\/div>\n\t\t\t\t\t<\/div>\n\t\t<\/section>\n\t\t\t\t<section class=\"elementor-section elementor-top-section elementor-element elementor-element-6f2ad4f elementor-reverse-tablet elementor-reverse-mobile elementor-section-boxed elementor-section-height-default elementor-section-height-default\" data-id=\"6f2ad4f\" data-element_type=\"section\">\n\t\t\t\t\t\t<div class=\"elementor-container elementor-column-gap-custom\">\n\t\t\t\t\t<div class=\"elementor-column elementor-col-100 elementor-top-column elementor-element elementor-element-0969576\" data-id=\"0969576\" data-element_type=\"column\">\n\t\t\t<div class=\"elementor-widget-wrap elementor-element-populated\">\n\t\t\t\t\t\t<div class=\"elementor-element elementor-element-d40ab20 elementor-widget__width-auto elementor-widget elementor-widget-text-editor\" data-id=\"d40ab20\" data-element_type=\"widget\" data-widget_type=\"text-editor.default\">\n\t\t\t\t<div class=\"elementor-widget-container\">\n\t\t\t\t\t\t\t\t\t<p>Gr\u00e2ce \u00e0 une activit\u00e9 constante de <strong>Recherche &amp; D\u00e9veloppement<\/strong>, nous avons cr\u00e9\u00e9 une <strong>ligne d\u2019\u00e9l\u00e9ments d\u2019ameublement<\/strong> \u2013 tels que lampes et accessoires \u2013 r\u00e9alis\u00e9s par <strong>impression 3D<\/strong> avec un <strong>filament innovant<\/strong> compos\u00e9 de <strong>d\u00e9chets de marbre et de mat\u00e9riaux recycl\u00e9s<\/strong>. L\u2019objectif est de combiner <strong>design et durabilit\u00e9<\/strong>, en transformant des mat\u00e9riaux r\u00e9cup\u00e9r\u00e9s en objets uniques \u00e0 forte valeur esth\u00e9tique.<\/p><p>Le projet est n\u00e9 d\u2019une <strong>collaboration exp\u00e9rimentale<\/strong> avec une entreprise sp\u00e9cialis\u00e9e dans les proc\u00e9d\u00e9s d\u2019extrusion, qui nous a aid\u00e9s \u00e0 d\u00e9finir la <strong>formule id\u00e9ale du filament<\/strong>, garantissant <strong>souplesse, r\u00e9sistance et stabilit\u00e9 des couleurs<\/strong>.<\/p><p>Le choix de la <strong>fabrication additive<\/strong> est la suite naturelle de notre vision : avec <strong>l\u2019impression 3D<\/strong>, nous n\u2019utilisons ni colle, ni r\u00e9sine, ni plastique, nous ne produisons aucun d\u00e9chet et fabriquons <strong>\u00e0 la demande<\/strong>, sans stock inutile.<\/p><h2>Avantage<\/h2><p>Cette approche nous permet <strong>d\u2019accompagner le client<\/strong> dans la <strong>conception et la production d\u2019objets d\u2019ameublement personnalis\u00e9s<\/strong>, sur mesure et \u00e0 <strong>impact environnemental nul<\/strong>.<\/p>\t\t\t\t\t\t\t\t<\/div>\n\t\t\t\t<\/div>\n\t\t\t\t<div class=\"elementor-element elementor-element-9d81de9 elementor-widget elementor-widget-gallery\" data-id=\"9d81de9\" data-element_type=\"widget\" data-settings=\"{&quot;gap&quot;:{&quot;unit&quot;:&quot;px&quot;,&quot;size&quot;:20,&quot;sizes&quot;:[]},&quot;aspect_ratio&quot;:&quot;1:1&quot;,&quot;lazyload&quot;:&quot;yes&quot;,&quot;gallery_layout&quot;:&quot;grid&quot;,&quot;columns&quot;:4,&quot;columns_tablet&quot;:2,&quot;columns_mobile&quot;:1,&quot;gap_tablet&quot;:{&quot;unit&quot;:&quot;px&quot;,&quot;size&quot;:10,&quot;sizes&quot;:[]},&quot;gap_mobile&quot;:{&quot;unit&quot;:&quot;px&quot;,&quot;size&quot;:10,&quot;sizes&quot;:[]},&quot;link_to&quot;:&quot;file&quot;,&quot;overlay_background&quot;:&quot;yes&quot;,&quot;content_hover_animation&quot;:&quot;fade-in&quot;}\" data-widget_type=\"gallery.default\">\n\t\t\t\t<div class=\"elementor-widget-container\">\n\t\t\t\t\t\t\t<div class=\"elementor-gallery__container\">\n\t\t\t\t\t\t\t<a class=\"e-gallery-item elementor-gallery-item elementor-animated-content\" href=\"https:\/\/maarmo.it\/wp-content\/uploads\/2025\/10\/maarmo-elementi-arredo-hero-img.jpeg\" data-elementor-open-lightbox=\"yes\" data-elementor-lightbox-slideshow=\"9d81de9\" data-elementor-lightbox-title=\"maarmo-elementi-arredo-hero-img\" data-e-action-hash=\"#elementor-action%3Aaction%3Dlightbox%26settings%3DeyJpZCI6OTIwNywidXJsIjoiaHR0cHM6XC9cL21hYXJtby5pdFwvd3AtY29udGVudFwvdXBsb2Fkc1wvMjAyNVwvMTBcL21hYXJtby1lbGVtZW50aS1hcnJlZG8taGVyby1pbWcuanBlZyIsInNsaWRlc2hvdyI6IjlkODFkZTkifQ%3D%3D\">\n\t\t\t\t\t<div class=\"e-gallery-image elementor-gallery-item__image\" data-thumbnail=\"https:\/\/maarmo.it\/wp-content\/uploads\/2025\/10\/maarmo-elementi-arredo-hero-img.jpeg\" data-width=\"626\" data-height=\"420\" aria-label=\"\" role=\"img\" ><\/div>\n\t\t\t\t\t\t\t\t\t\t\t<div class=\"elementor-gallery-item__overlay\"><\/div>\n\t\t\t\t\t\t\t\t\t\t\t\t\t\t<\/a>\n\t\t\t\t\t\t\t<a class=\"e-gallery-item elementor-gallery-item elementor-animated-content\" href=\"https:\/\/maarmo.it\/wp-content\/uploads\/2025\/10\/maarmo-elementi-arredo-fv.jpeg\" data-elementor-open-lightbox=\"yes\" data-elementor-lightbox-slideshow=\"9d81de9\" data-elementor-lightbox-title=\"maarmo-elementi-arredo-fv\" data-e-action-hash=\"#elementor-action%3Aaction%3Dlightbox%26settings%3DeyJpZCI6OTIxOSwidXJsIjoiaHR0cHM6XC9cL21hYXJtby5pdFwvd3AtY29udGVudFwvdXBsb2Fkc1wvMjAyNVwvMTBcL21hYXJtby1lbGVtZW50aS1hcnJlZG8tZnYuanBlZyIsInNsaWRlc2hvdyI6IjlkODFkZTkifQ%3D%3D\">\n\t\t\t\t\t<div class=\"e-gallery-image elementor-gallery-item__image\" data-thumbnail=\"https:\/\/maarmo.it\/wp-content\/uploads\/2025\/10\/maarmo-elementi-arredo-fv-768x1024.jpeg\" data-width=\"768\" data-height=\"1024\" aria-label=\"\" role=\"img\" ><\/div>\n\t\t\t\t\t\t\t\t\t\t\t<div class=\"elementor-gallery-item__overlay\"><\/div>\n\t\t\t\t\t\t\t\t\t\t\t\t\t\t<\/a>\n\t\t\t\t\t\t\t<a class=\"e-gallery-item elementor-gallery-item elementor-animated-content\" href=\"https:\/\/maarmo.it\/wp-content\/uploads\/2025\/10\/maarmo-elementi-arredo-aa.jpeg\" data-elementor-open-lightbox=\"yes\" data-elementor-lightbox-slideshow=\"9d81de9\" data-elementor-lightbox-title=\"maarmo-elementi-arredo-aa\" data-e-action-hash=\"#elementor-action%3Aaction%3Dlightbox%26settings%3DeyJpZCI6OTIxNSwidXJsIjoiaHR0cHM6XC9cL21hYXJtby5pdFwvd3AtY29udGVudFwvdXBsb2Fkc1wvMjAyNVwvMTBcL21hYXJtby1lbGVtZW50aS1hcnJlZG8tYWEuanBlZyIsInNsaWRlc2hvdyI6IjlkODFkZTkifQ%3D%3D\">\n\t\t\t\t\t<div class=\"e-gallery-image elementor-gallery-item__image\" data-thumbnail=\"https:\/\/maarmo.it\/wp-content\/uploads\/2025\/10\/maarmo-elementi-arredo-aa-768x1024.jpeg\" data-width=\"768\" data-height=\"1024\" aria-label=\"\" role=\"img\" ><\/div>\n\t\t\t\t\t\t\t\t\t\t\t<div class=\"elementor-gallery-item__overlay\"><\/div>\n\t\t\t\t\t\t\t\t\t\t\t\t\t\t<\/a>\n\t\t\t\t\t\t\t<a class=\"e-gallery-item elementor-gallery-item elementor-animated-content\" href=\"https:\/\/maarmo.it\/wp-content\/uploads\/2025\/10\/mAArmettina.jpeg\" data-elementor-open-lightbox=\"yes\" data-elementor-lightbox-slideshow=\"9d81de9\" data-elementor-lightbox-title=\"mAArmettina\" data-e-action-hash=\"#elementor-action%3Aaction%3Dlightbox%26settings%3DeyJpZCI6OTIxMSwidXJsIjoiaHR0cHM6XC9cL21hYXJtby5pdFwvd3AtY29udGVudFwvdXBsb2Fkc1wvMjAyNVwvMTBcL21BQXJtZXR0aW5hLmpwZWciLCJzbGlkZXNob3ciOiI5ZDgxZGU5In0%3D\">\n\t\t\t\t\t<div class=\"e-gallery-image elementor-gallery-item__image\" data-thumbnail=\"https:\/\/maarmo.it\/wp-content\/uploads\/2025\/10\/mAArmettina-909x1024.jpeg\" data-width=\"800\" data-height=\"901\" aria-label=\"\" role=\"img\" ><\/div>\n\t\t\t\t\t\t\t\t\t\t\t<div class=\"elementor-gallery-item__overlay\"><\/div>\n\t\t\t\t\t\t\t\t\t\t\t\t\t\t<\/a>\n\t\t\t\t\t<\/div>\n\t\t\t\t\t<\/div>\n\t\t\t\t<\/div>\n\t\t\t\t\t<\/div>\n\t\t<\/div>\n\t\t\t\t\t<\/div>\n\t\t<\/section>\n\t\t\t\t<\/div>\n\t\t","protected":false},"excerpt":{"rendered":"<p>\u00c9l\u00e9ments d\u2019ameublement Design sur mesure, impact z\u00e9ro. Gr\u00e2ce \u00e0 une activit\u00e9 constante de Recherche &amp; D\u00e9veloppement, nous avons cr\u00e9\u00e9 une ligne d\u2019\u00e9l\u00e9ments d\u2019ameublement \u2013 tels que lampes et accessoires \u2013 r\u00e9alis\u00e9s par impression 3D avec un filament innovant compos\u00e9 de d\u00e9chets de marbre et de mat\u00e9riaux recycl\u00e9s. L\u2019objectif est de combiner design et durabilit\u00e9, en [&hellip;]<\/p>\n","protected":false},"author":5,"featured_media":0,"parent":0,"menu_order":0,"comment_status":"closed","ping_status":"closed","template":"elementor_header_footer","meta":{"footnotes":""},"class_list":["post-9242","page","type-page","status-publish","hentry"],"yoast_head":"<!-- This site is optimized with the Yoast SEO plugin v26.7 - https:\/\/yoast.com\/wordpress\/plugins\/seo\/ -->\n<title>\u00c9l\u00e9ments d\u2019ameublement - MAARMO<\/title>\n<meta name=\"description\" content=\"\u00c9l\u00e9ments d\u2019ameublement imprim\u00e9s en 3D \u00e0 partir de d\u00e9chets de marbre et de mat\u00e9riaux recycl\u00e9s. Design sur mesure, impact z\u00e9ro.\" \/>\n<meta name=\"robots\" content=\"index, follow, max-snippet:-1, max-image-preview:large, max-video-preview:-1\" \/>\n<link rel=\"canonical\" href=\"https:\/\/maarmo.it\/fr\/elements-dameublement\/\" \/>\n<meta property=\"og:locale\" content=\"fr_FR\" \/>\n<meta property=\"og:type\" content=\"article\" \/>\n<meta property=\"og:title\" content=\"\u00c9l\u00e9ments d\u2019ameublement - MAARMO\" \/>\n<meta property=\"og:description\" content=\"\u00c9l\u00e9ments d\u2019ameublement imprim\u00e9s en 3D \u00e0 partir de d\u00e9chets de marbre et de mat\u00e9riaux recycl\u00e9s. Design sur mesure, impact z\u00e9ro.\" \/>\n<meta property=\"og:url\" content=\"https:\/\/maarmo.it\/fr\/elements-dameublement\/\" \/>\n<meta property=\"og:site_name\" content=\"MAARMO\" \/>\n<meta property=\"article:publisher\" content=\"https:\/\/www.facebook.com\/maarmosrl\/\" \/>\n<meta property=\"article:modified_time\" content=\"2025-10-30T10:07:52+00:00\" \/>\n<meta name=\"twitter:card\" content=\"summary_large_image\" \/>\n<meta name=\"twitter:label1\" content=\"Dur\u00e9e de lecture estim\u00e9e\" \/>\n\t<meta name=\"twitter:data1\" content=\"1 minute\" \/>\n<script type=\"application\/ld+json\" class=\"yoast-schema-graph\">{\"@context\":\"https:\/\/schema.org\",\"@graph\":[{\"@type\":\"WebPage\",\"@id\":\"https:\/\/maarmo.it\/fr\/elements-dameublement\/\",\"url\":\"https:\/\/maarmo.it\/fr\/elements-dameublement\/\",\"name\":\"\u00c9l\u00e9ments d\u2019ameublement - MAARMO\",\"isPartOf\":{\"@id\":\"https:\/\/maarmo.it\/fr\/#website\"},\"datePublished\":\"2025-10-30T09:28:06+00:00\",\"dateModified\":\"2025-10-30T10:07:52+00:00\",\"description\":\"\u00c9l\u00e9ments d\u2019ameublement imprim\u00e9s en 3D \u00e0 partir de d\u00e9chets de marbre et de mat\u00e9riaux recycl\u00e9s. Design sur mesure, impact z\u00e9ro.\",\"breadcrumb\":{\"@id\":\"https:\/\/maarmo.it\/fr\/elements-dameublement\/#breadcrumb\"},\"inLanguage\":\"fr-FR\",\"potentialAction\":[{\"@type\":\"ReadAction\",\"target\":[\"https:\/\/maarmo.it\/fr\/elements-dameublement\/\"]}]},{\"@type\":\"BreadcrumbList\",\"@id\":\"https:\/\/maarmo.it\/fr\/elements-dameublement\/#breadcrumb\",\"itemListElement\":[{\"@type\":\"ListItem\",\"position\":1,\"name\":\"Home\",\"item\":\"https:\/\/maarmo.it\/fr\/\"},{\"@type\":\"ListItem\",\"position\":2,\"name\":\"\u00c9l\u00e9ments d\u2019ameublement\"}]},{\"@type\":\"WebSite\",\"@id\":\"https:\/\/maarmo.it\/fr\/#website\",\"url\":\"https:\/\/maarmo.it\/fr\/\",\"name\":\"MAARMO\",\"description\":\"\",\"publisher\":{\"@id\":\"https:\/\/maarmo.it\/fr\/#organization\"},\"potentialAction\":[{\"@type\":\"SearchAction\",\"target\":{\"@type\":\"EntryPoint\",\"urlTemplate\":\"https:\/\/maarmo.it\/fr\/?s={search_term_string}\"},\"query-input\":{\"@type\":\"PropertyValueSpecification\",\"valueRequired\":true,\"valueName\":\"search_term_string\"}}],\"inLanguage\":\"fr-FR\"},{\"@type\":\"Organization\",\"@id\":\"https:\/\/maarmo.it\/fr\/#organization\",\"name\":\"MAARMO\",\"url\":\"https:\/\/maarmo.it\/fr\/\",\"logo\":{\"@type\":\"ImageObject\",\"inLanguage\":\"fr-FR\",\"@id\":\"https:\/\/maarmo.it\/fr\/#\/schema\/logo\/image\/\",\"url\":\"https:\/\/maarmo.it\/wp-content\/uploads\/2023\/03\/MAARMO-new-white-logo-payoff.png\",\"contentUrl\":\"https:\/\/maarmo.it\/wp-content\/uploads\/2023\/03\/MAARMO-new-white-logo-payoff.png\",\"width\":360,\"height\":90,\"caption\":\"MAARMO\"},\"image\":{\"@id\":\"https:\/\/maarmo.it\/fr\/#\/schema\/logo\/image\/\"},\"sameAs\":[\"https:\/\/www.facebook.com\/maarmosrl\/\"]}]}<\/script>\n<!-- \/ Yoast SEO plugin. -->","yoast_head_json":{"title":"\u00c9l\u00e9ments d\u2019ameublement - MAARMO","description":"\u00c9l\u00e9ments d\u2019ameublement imprim\u00e9s en 3D \u00e0 partir de d\u00e9chets de marbre et de mat\u00e9riaux recycl\u00e9s. Design sur mesure, impact z\u00e9ro.","robots":{"index":"index","follow":"follow","max-snippet":"max-snippet:-1","max-image-preview":"max-image-preview:large","max-video-preview":"max-video-preview:-1"},"canonical":"https:\/\/maarmo.it\/fr\/elements-dameublement\/","og_locale":"fr_FR","og_type":"article","og_title":"\u00c9l\u00e9ments d\u2019ameublement - MAARMO","og_description":"\u00c9l\u00e9ments d\u2019ameublement imprim\u00e9s en 3D \u00e0 partir de d\u00e9chets de marbre et de mat\u00e9riaux recycl\u00e9s. Design sur mesure, impact z\u00e9ro.","og_url":"https:\/\/maarmo.it\/fr\/elements-dameublement\/","og_site_name":"MAARMO","article_publisher":"https:\/\/www.facebook.com\/maarmosrl\/","article_modified_time":"2025-10-30T10:07:52+00:00","twitter_card":"summary_large_image","twitter_misc":{"Dur\u00e9e de lecture estim\u00e9e":"1 minute"},"schema":{"@context":"https:\/\/schema.org","@graph":[{"@type":"WebPage","@id":"https:\/\/maarmo.it\/fr\/elements-dameublement\/","url":"https:\/\/maarmo.it\/fr\/elements-dameublement\/","name":"\u00c9l\u00e9ments d\u2019ameublement - MAARMO","isPartOf":{"@id":"https:\/\/maarmo.it\/fr\/#website"},"datePublished":"2025-10-30T09:28:06+00:00","dateModified":"2025-10-30T10:07:52+00:00","description":"\u00c9l\u00e9ments d\u2019ameublement imprim\u00e9s en 3D \u00e0 partir de d\u00e9chets de marbre et de mat\u00e9riaux recycl\u00e9s. Design sur mesure, impact z\u00e9ro.","breadcrumb":{"@id":"https:\/\/maarmo.it\/fr\/elements-dameublement\/#breadcrumb"},"inLanguage":"fr-FR","potentialAction":[{"@type":"ReadAction","target":["https:\/\/maarmo.it\/fr\/elements-dameublement\/"]}]},{"@type":"BreadcrumbList","@id":"https:\/\/maarmo.it\/fr\/elements-dameublement\/#breadcrumb","itemListElement":[{"@type":"ListItem","position":1,"name":"Home","item":"https:\/\/maarmo.it\/fr\/"},{"@type":"ListItem","position":2,"name":"\u00c9l\u00e9ments d\u2019ameublement"}]},{"@type":"WebSite","@id":"https:\/\/maarmo.it\/fr\/#website","url":"https:\/\/maarmo.it\/fr\/","name":"MAARMO","description":"","publisher":{"@id":"https:\/\/maarmo.it\/fr\/#organization"},"potentialAction":[{"@type":"SearchAction","target":{"@type":"EntryPoint","urlTemplate":"https:\/\/maarmo.it\/fr\/?s={search_term_string}"},"query-input":{"@type":"PropertyValueSpecification","valueRequired":true,"valueName":"search_term_string"}}],"inLanguage":"fr-FR"},{"@type":"Organization","@id":"https:\/\/maarmo.it\/fr\/#organization","name":"MAARMO","url":"https:\/\/maarmo.it\/fr\/","logo":{"@type":"ImageObject","inLanguage":"fr-FR","@id":"https:\/\/maarmo.it\/fr\/#\/schema\/logo\/image\/","url":"https:\/\/maarmo.it\/wp-content\/uploads\/2023\/03\/MAARMO-new-white-logo-payoff.png","contentUrl":"https:\/\/maarmo.it\/wp-content\/uploads\/2023\/03\/MAARMO-new-white-logo-payoff.png","width":360,"height":90,"caption":"MAARMO"},"image":{"@id":"https:\/\/maarmo.it\/fr\/#\/schema\/logo\/image\/"},"sameAs":["https:\/\/www.facebook.com\/maarmosrl\/"]}]}},"_links":{"self":[{"href":"https:\/\/maarmo.it\/fr\/wp-json\/wp\/v2\/pages\/9242","targetHints":{"allow":["GET"]}}],"collection":[{"href":"https:\/\/maarmo.it\/fr\/wp-json\/wp\/v2\/pages"}],"about":[{"href":"https:\/\/maarmo.it\/fr\/wp-json\/wp\/v2\/types\/page"}],"author":[{"embeddable":true,"href":"https:\/\/maarmo.it\/fr\/wp-json\/wp\/v2\/users\/5"}],"replies":[{"embeddable":true,"href":"https:\/\/maarmo.it\/fr\/wp-json\/wp\/v2\/comments?post=9242"}],"version-history":[{"count":4,"href":"https:\/\/maarmo.it\/fr\/wp-json\/wp\/v2\/pages\/9242\/revisions"}],"predecessor-version":[{"id":9246,"href":"https:\/\/maarmo.it\/fr\/wp-json\/wp\/v2\/pages\/9242\/revisions\/9246"}],"wp:attachment":[{"href":"https:\/\/maarmo.it\/fr\/wp-json\/wp\/v2\/media?parent=9242"}],"curies":[{"name":"wp","href":"https:\/\/api.w.org\/{rel}","templated":true}]}}