{"id":9286,"date":"2025-10-30T11:11:21","date_gmt":"2025-10-30T10:11:21","guid":{"rendered":"https:\/\/maarmo.it\/?page_id=9286"},"modified":"2025-10-30T11:27:37","modified_gmt":"2025-10-30T10:27:37","slug":"nouveaux-services","status":"publish","type":"page","link":"https:\/\/maarmo.it\/fr\/nouveaux-services\/","title":{"rendered":"Nouveaux services"},"content":{"rendered":"\t\t<div data-elementor-type=\"wp-page\" data-elementor-id=\"9286\" class=\"elementor elementor-9286 elementor-9252\" data-elementor-post-type=\"page\">\n\t\t\t\t\t\t<section class=\"elementor-section elementor-top-section elementor-element elementor-element-f456af2 elementor-section-full_width elementor-section-height-full elementor-section-height-default elementor-section-items-middle\" data-id=\"f456af2\" data-element_type=\"section\" data-settings=\"{&quot;background_background&quot;:&quot;classic&quot;}\">\n\t\t\t\t\t\t\t<div class=\"elementor-background-overlay\"><\/div>\n\t\t\t\t\t\t\t<div class=\"elementor-container elementor-column-gap-default\">\n\t\t\t\t\t<div class=\"elementor-column elementor-col-100 elementor-top-column elementor-element elementor-element-0219aa4\" data-id=\"0219aa4\" data-element_type=\"column\">\n\t\t\t<div class=\"elementor-widget-wrap elementor-element-populated\">\n\t\t\t\t\t\t<section class=\"elementor-section elementor-inner-section elementor-element elementor-element-d4db060 elementor-section-height-min-height elementor-section-content-middle elementor-section-boxed elementor-section-height-default\" data-id=\"d4db060\" data-element_type=\"section\" data-settings=\"{&quot;background_background&quot;:&quot;classic&quot;}\">\n\t\t\t\t\t\t\t<div class=\"elementor-background-overlay\"><\/div>\n\t\t\t\t\t\t\t<div class=\"elementor-container elementor-column-gap-default\">\n\t\t\t\t\t<div class=\"elementor-column elementor-col-100 elementor-inner-column elementor-element elementor-element-b690d59\" data-id=\"b690d59\" data-element_type=\"column\">\n\t\t\t<div class=\"elementor-widget-wrap elementor-element-populated\">\n\t\t\t\t\t\t<div class=\"elementor-element elementor-element-55156ed elementor-widget elementor-widget-heading\" data-id=\"55156ed\" data-element_type=\"widget\" data-widget_type=\"heading.default\">\n\t\t\t\t<div class=\"elementor-widget-container\">\n\t\t\t\t\t<h1 class=\"elementor-heading-title elementor-size-default\">Nouveaux services<\/h1>\t\t\t\t<\/div>\n\t\t\t\t<\/div>\n\t\t\t\t<div class=\"elementor-element elementor-element-e44a2aa elementor-invisible elementor-widget elementor-widget-heading\" data-id=\"e44a2aa\" data-element_type=\"widget\" data-settings=\"{&quot;motion_fx_motion_fx_mouse&quot;:&quot;yes&quot;,&quot;motion_fx_mouseTrack_effect&quot;:&quot;yes&quot;,&quot;motion_fx_mouseTrack_speed&quot;:{&quot;unit&quot;:&quot;px&quot;,&quot;size&quot;:0.1,&quot;sizes&quot;:[]},&quot;_animation&quot;:&quot;fadeIn&quot;}\" data-widget_type=\"heading.default\">\n\t\t\t\t<div class=\"elementor-widget-container\">\n\t\t\t\t\t<h2 class=\"elementor-heading-title elementor-size-default\">Concevoir le bien-\u00eatre, ensemble.<\/h2>\t\t\t\t<\/div>\n\t\t\t\t<\/div>\n\t\t\t\t\t<\/div>\n\t\t<\/div>\n\t\t\t\t\t<\/div>\n\t\t<\/section>\n\t\t\t\t\t<\/div>\n\t\t<\/div>\n\t\t\t\t\t<\/div>\n\t\t<\/section>\n\t\t\t\t<section class=\"elementor-section elementor-top-section elementor-element elementor-element-6f2ad4f elementor-reverse-tablet elementor-reverse-mobile elementor-section-boxed elementor-section-height-default elementor-section-height-default\" data-id=\"6f2ad4f\" data-element_type=\"section\">\n\t\t\t\t\t\t<div class=\"elementor-container elementor-column-gap-custom\">\n\t\t\t\t\t<div class=\"elementor-column elementor-col-50 elementor-top-column elementor-element elementor-element-0969576\" data-id=\"0969576\" data-element_type=\"column\">\n\t\t\t<div class=\"elementor-widget-wrap elementor-element-populated\">\n\t\t\t\t\t\t<div class=\"elementor-element elementor-element-5c8b528 elementor-widget__width-auto elementor-widget elementor-widget-text-editor\" data-id=\"5c8b528\" data-element_type=\"widget\" data-widget_type=\"text-editor.default\">\n\t\t\t\t<div class=\"elementor-widget-container\">\n\t\t\t\t\t\t\t\t\t<p>Conseil et conception int\u00e9gr\u00e9s<\/p>\t\t\t\t\t\t\t\t<\/div>\n\t\t\t\t<\/div>\n\t\t\t\t<div class=\"elementor-element elementor-element-d40ab20 elementor-widget__width-auto elementor-widget elementor-widget-text-editor\" data-id=\"d40ab20\" data-element_type=\"widget\" data-widget_type=\"text-editor.default\">\n\t\t\t\t<div class=\"elementor-widget-container\">\n\t\t\t\t\t\t\t\t\t  <p>\n    En collaboration avec des <strong>architectes d\u2019int\u00e9rieur<\/strong> et des <strong>concepteurs<\/strong>, \n    MAARMO offre un accompagnement complet dans l\u2019<strong>\u00e9valuation, le choix et la quantit\u00e9 des radiateurs d\u00e9coratifs<\/strong> \n    \u00e0 int\u00e9grer dans chaque projet. Notre \u00e9quipe assiste \u00e9galement le client dans la \n    <strong>d\u00e9finition de l\u2019am\u00e9nagement global des espaces<\/strong>, \n    garantissant une coh\u00e9rence esth\u00e9tique et fonctionnelle entre les environnements et nos produits. \n    Chaque projet na\u00eet d\u2019un dialogue direct avec le client afin de transformer ses id\u00e9es et besoins en solutions concr\u00e8tes, \n    personnalis\u00e9es et parfaitement int\u00e9gr\u00e9es au contexte architectural.\n  <\/p>\t\t\t\t\t\t\t\t<\/div>\n\t\t\t\t<\/div>\n\t\t\t\t\t<\/div>\n\t\t<\/div>\n\t\t\t\t<div class=\"elementor-column elementor-col-50 elementor-top-column elementor-element elementor-element-dcd8968\" data-id=\"dcd8968\" data-element_type=\"column\">\n\t\t\t<div class=\"elementor-widget-wrap elementor-element-populated\">\n\t\t\t\t\t\t<div class=\"elementor-element elementor-element-0dcd076 elementor-widget elementor-widget-image\" data-id=\"0dcd076\" data-element_type=\"widget\" data-widget_type=\"image.default\">\n\t\t\t\t<div class=\"elementor-widget-container\">\n\t\t\t\t\t\t\t\t\t\t\t\t\t\t\t<img fetchpriority=\"high\" decoding=\"async\" width=\"1280\" height=\"800\" src=\"https:\/\/maarmo.it\/wp-content\/uploads\/2025\/10\/gruppo-di-lavoro.jpg\" class=\"attachment-full size-full wp-image-9260\" alt=\"\" srcset=\"https:\/\/maarmo.it\/wp-content\/uploads\/2025\/10\/gruppo-di-lavoro.jpg 1280w, https:\/\/maarmo.it\/wp-content\/uploads\/2025\/10\/gruppo-di-lavoro-300x188.jpg 300w, https:\/\/maarmo.it\/wp-content\/uploads\/2025\/10\/gruppo-di-lavoro-1024x640.jpg 1024w, https:\/\/maarmo.it\/wp-content\/uploads\/2025\/10\/gruppo-di-lavoro-768x480.jpg 768w\" sizes=\"(max-width: 1280px) 100vw, 1280px\" \/>\t\t\t\t\t\t\t\t\t\t\t\t\t\t\t<\/div>\n\t\t\t\t<\/div>\n\t\t\t\t\t<\/div>\n\t\t<\/div>\n\t\t\t\t\t<\/div>\n\t\t<\/section>\n\t\t\t\t<section class=\"elementor-section elementor-top-section elementor-element elementor-element-ce26c0c elementor-section-boxed elementor-section-height-default elementor-section-height-default\" data-id=\"ce26c0c\" data-element_type=\"section\">\n\t\t\t\t\t\t<div class=\"elementor-container elementor-column-gap-custom\">\n\t\t\t\t\t<div class=\"elementor-column elementor-col-50 elementor-top-column elementor-element elementor-element-4802905\" data-id=\"4802905\" data-element_type=\"column\">\n\t\t\t<div class=\"elementor-widget-wrap elementor-element-populated\">\n\t\t\t\t\t\t<div class=\"elementor-element elementor-element-41c811a elementor-widget elementor-widget-image\" data-id=\"41c811a\" data-element_type=\"widget\" data-widget_type=\"image.default\">\n\t\t\t\t<div class=\"elementor-widget-container\">\n\t\t\t\t\t\t\t\t\t\t\t\t\t\t\t<img decoding=\"async\" width=\"1280\" height=\"852\" src=\"https:\/\/maarmo.it\/wp-content\/uploads\/2025\/10\/benessere.jpg\" class=\"attachment-full size-full wp-image-9256\" alt=\"\" srcset=\"https:\/\/maarmo.it\/wp-content\/uploads\/2025\/10\/benessere.jpg 1280w, https:\/\/maarmo.it\/wp-content\/uploads\/2025\/10\/benessere-300x200.jpg 300w, https:\/\/maarmo.it\/wp-content\/uploads\/2025\/10\/benessere-1024x682.jpg 1024w, https:\/\/maarmo.it\/wp-content\/uploads\/2025\/10\/benessere-768x511.jpg 768w\" sizes=\"(max-width: 1280px) 100vw, 1280px\" \/>\t\t\t\t\t\t\t\t\t\t\t\t\t\t\t<\/div>\n\t\t\t\t<\/div>\n\t\t\t\t\t<\/div>\n\t\t<\/div>\n\t\t\t\t<div class=\"elementor-column elementor-col-50 elementor-top-column elementor-element elementor-element-daabcf9\" data-id=\"daabcf9\" data-element_type=\"column\">\n\t\t\t<div class=\"elementor-widget-wrap elementor-element-populated\">\n\t\t\t\t\t\t<div class=\"elementor-element elementor-element-0cf3694 elementor-widget__width-auto elementor-widget elementor-widget-text-editor\" data-id=\"0cf3694\" data-element_type=\"widget\" data-widget_type=\"text-editor.default\">\n\t\t\t\t<div class=\"elementor-widget-container\">\n\t\t\t\t\t\t\t\t\tDe l\u2019id\u00e9e au confort quotidien\t\t\t\t\t\t\t\t<\/div>\n\t\t\t\t<\/div>\n\t\t\t\t<div class=\"elementor-element elementor-element-2dee977 elementor-widget__width-auto elementor-widget elementor-widget-text-editor\" data-id=\"2dee977\" data-element_type=\"widget\" data-widget_type=\"text-editor.default\">\n\t\t\t\t<div class=\"elementor-widget-container\">\n\t\t\t\t\t\t\t\t\t  <p>\n    Notre objectif est d\u2019accompagner chaque <strong>MAARMOLOVER<\/strong> dans la \n    <strong>cr\u00e9ation d\u2019espaces fonctionnels, harmonieux et confortables<\/strong>, \n    pens\u00e9s pour favoriser le bien-\u00eatre et l\u2019\u00e9quilibre au quotidien, \n    <strong>\u00e0 la maison comme sur le lieu de travail<\/strong>. \n    Chaque projet est d\u00e9velopp\u00e9 avec soin, en tenant compte de l\u2019ergonomie, de la lumi\u00e8re et des mat\u00e9riaux, \n    afin de cr\u00e9er des lieux qui transmettent chaleur, \u00e9quilibre et beaut\u00e9. \n    Gr\u00e2ce \u00e0 une approche attentive et collaborative, nous aidons le client \u00e0 fa\u00e7onner des espaces \n    qui refl\u00e8tent sa personnalit\u00e9 et o\u00f9 il est agr\u00e9able de vivre et de partager.\n  <\/p>\t\t\t\t\t\t\t\t<\/div>\n\t\t\t\t<\/div>\n\t\t\t\t\t<\/div>\n\t\t<\/div>\n\t\t\t\t\t<\/div>\n\t\t<\/section>\n\t\t\t\t<\/div>\n\t\t","protected":false},"excerpt":{"rendered":"<p>Nouveaux services Concevoir le bien-\u00eatre, ensemble. Conseil et conception int\u00e9gr\u00e9s En collaboration avec des architectes d\u2019int\u00e9rieur et des concepteurs, MAARMO offre un accompagnement complet dans l\u2019\u00e9valuation, le choix et la quantit\u00e9 des radiateurs d\u00e9coratifs \u00e0 int\u00e9grer dans chaque projet. Notre \u00e9quipe assiste \u00e9galement le client dans la d\u00e9finition de l\u2019am\u00e9nagement global des espaces, garantissant une [&hellip;]<\/p>\n","protected":false},"author":5,"featured_media":0,"parent":0,"menu_order":0,"comment_status":"closed","ping_status":"closed","template":"elementor_header_footer","meta":{"footnotes":""},"class_list":["post-9286","page","type-page","status-publish","hentry"],"yoast_head":"<!-- This site is optimized with the Yoast SEO plugin v26.7 - https:\/\/yoast.com\/wordpress\/plugins\/seo\/ -->\n<title>Nouveaux services - MAARMO<\/title>\n<meta name=\"description\" content=\"MAARMO accompagne clients et architectes dans le choix des radiateurs et la conception d\u2019espaces harmonieux et fonctionnels, pour un confort durable au quotidien.\" \/>\n<meta name=\"robots\" content=\"index, follow, max-snippet:-1, max-image-preview:large, max-video-preview:-1\" \/>\n<link rel=\"canonical\" href=\"https:\/\/maarmo.it\/fr\/nouveaux-services\/\" \/>\n<meta property=\"og:locale\" content=\"fr_FR\" \/>\n<meta property=\"og:type\" content=\"article\" \/>\n<meta property=\"og:title\" content=\"Nouveaux services - MAARMO\" \/>\n<meta property=\"og:description\" content=\"MAARMO accompagne clients et architectes dans le choix des radiateurs et la conception d\u2019espaces harmonieux et fonctionnels, pour un confort durable au quotidien.\" \/>\n<meta property=\"og:url\" content=\"https:\/\/maarmo.it\/fr\/nouveaux-services\/\" \/>\n<meta property=\"og:site_name\" content=\"MAARMO\" \/>\n<meta property=\"article:publisher\" content=\"https:\/\/www.facebook.com\/maarmosrl\/\" \/>\n<meta property=\"article:modified_time\" content=\"2025-10-30T10:27:37+00:00\" \/>\n<meta property=\"og:image\" content=\"https:\/\/maarmo.it\/wp-content\/uploads\/2025\/10\/gruppo-di-lavoro.jpg\" \/>\n\t<meta property=\"og:image:width\" content=\"1280\" \/>\n\t<meta property=\"og:image:height\" content=\"800\" \/>\n\t<meta property=\"og:image:type\" content=\"image\/jpeg\" \/>\n<meta name=\"twitter:card\" content=\"summary_large_image\" \/>\n<meta name=\"twitter:label1\" content=\"Dur\u00e9e de lecture estim\u00e9e\" \/>\n\t<meta name=\"twitter:data1\" content=\"2 minutes\" \/>\n<script type=\"application\/ld+json\" class=\"yoast-schema-graph\">{\"@context\":\"https:\/\/schema.org\",\"@graph\":[{\"@type\":\"WebPage\",\"@id\":\"https:\/\/maarmo.it\/fr\/nouveaux-services\/\",\"url\":\"https:\/\/maarmo.it\/fr\/nouveaux-services\/\",\"name\":\"Nouveaux services - MAARMO\",\"isPartOf\":{\"@id\":\"https:\/\/maarmo.it\/fr\/#website\"},\"primaryImageOfPage\":{\"@id\":\"https:\/\/maarmo.it\/fr\/nouveaux-services\/#primaryimage\"},\"image\":{\"@id\":\"https:\/\/maarmo.it\/fr\/nouveaux-services\/#primaryimage\"},\"thumbnailUrl\":\"https:\/\/maarmo.it\/wp-content\/uploads\/2025\/10\/gruppo-di-lavoro.jpg\",\"datePublished\":\"2025-10-30T10:11:21+00:00\",\"dateModified\":\"2025-10-30T10:27:37+00:00\",\"description\":\"MAARMO accompagne clients et architectes dans le choix des radiateurs et la conception d\u2019espaces harmonieux et fonctionnels, pour un confort durable au quotidien.\",\"breadcrumb\":{\"@id\":\"https:\/\/maarmo.it\/fr\/nouveaux-services\/#breadcrumb\"},\"inLanguage\":\"fr-FR\",\"potentialAction\":[{\"@type\":\"ReadAction\",\"target\":[\"https:\/\/maarmo.it\/fr\/nouveaux-services\/\"]}]},{\"@type\":\"ImageObject\",\"inLanguage\":\"fr-FR\",\"@id\":\"https:\/\/maarmo.it\/fr\/nouveaux-services\/#primaryimage\",\"url\":\"https:\/\/maarmo.it\/wp-content\/uploads\/2025\/10\/gruppo-di-lavoro.jpg\",\"contentUrl\":\"https:\/\/maarmo.it\/wp-content\/uploads\/2025\/10\/gruppo-di-lavoro.jpg\"},{\"@type\":\"BreadcrumbList\",\"@id\":\"https:\/\/maarmo.it\/fr\/nouveaux-services\/#breadcrumb\",\"itemListElement\":[{\"@type\":\"ListItem\",\"position\":1,\"name\":\"Home\",\"item\":\"https:\/\/maarmo.it\/fr\/\"},{\"@type\":\"ListItem\",\"position\":2,\"name\":\"Nouveaux services\"}]},{\"@type\":\"WebSite\",\"@id\":\"https:\/\/maarmo.it\/fr\/#website\",\"url\":\"https:\/\/maarmo.it\/fr\/\",\"name\":\"MAARMO\",\"description\":\"\",\"publisher\":{\"@id\":\"https:\/\/maarmo.it\/fr\/#organization\"},\"potentialAction\":[{\"@type\":\"SearchAction\",\"target\":{\"@type\":\"EntryPoint\",\"urlTemplate\":\"https:\/\/maarmo.it\/fr\/?s={search_term_string}\"},\"query-input\":{\"@type\":\"PropertyValueSpecification\",\"valueRequired\":true,\"valueName\":\"search_term_string\"}}],\"inLanguage\":\"fr-FR\"},{\"@type\":\"Organization\",\"@id\":\"https:\/\/maarmo.it\/fr\/#organization\",\"name\":\"MAARMO\",\"url\":\"https:\/\/maarmo.it\/fr\/\",\"logo\":{\"@type\":\"ImageObject\",\"inLanguage\":\"fr-FR\",\"@id\":\"https:\/\/maarmo.it\/fr\/#\/schema\/logo\/image\/\",\"url\":\"https:\/\/maarmo.it\/wp-content\/uploads\/2023\/03\/MAARMO-new-white-logo-payoff.png\",\"contentUrl\":\"https:\/\/maarmo.it\/wp-content\/uploads\/2023\/03\/MAARMO-new-white-logo-payoff.png\",\"width\":360,\"height\":90,\"caption\":\"MAARMO\"},\"image\":{\"@id\":\"https:\/\/maarmo.it\/fr\/#\/schema\/logo\/image\/\"},\"sameAs\":[\"https:\/\/www.facebook.com\/maarmosrl\/\"]}]}<\/script>\n<!-- \/ Yoast SEO plugin. -->","yoast_head_json":{"title":"Nouveaux services - MAARMO","description":"MAARMO accompagne clients et architectes dans le choix des radiateurs et la conception d\u2019espaces harmonieux et fonctionnels, pour un confort durable au quotidien.","robots":{"index":"index","follow":"follow","max-snippet":"max-snippet:-1","max-image-preview":"max-image-preview:large","max-video-preview":"max-video-preview:-1"},"canonical":"https:\/\/maarmo.it\/fr\/nouveaux-services\/","og_locale":"fr_FR","og_type":"article","og_title":"Nouveaux services - MAARMO","og_description":"MAARMO accompagne clients et architectes dans le choix des radiateurs et la conception d\u2019espaces harmonieux et fonctionnels, pour un confort durable au quotidien.","og_url":"https:\/\/maarmo.it\/fr\/nouveaux-services\/","og_site_name":"MAARMO","article_publisher":"https:\/\/www.facebook.com\/maarmosrl\/","article_modified_time":"2025-10-30T10:27:37+00:00","og_image":[{"width":1280,"height":800,"url":"https:\/\/maarmo.it\/wp-content\/uploads\/2025\/10\/gruppo-di-lavoro.jpg","type":"image\/jpeg"}],"twitter_card":"summary_large_image","twitter_misc":{"Dur\u00e9e de lecture estim\u00e9e":"2 minutes"},"schema":{"@context":"https:\/\/schema.org","@graph":[{"@type":"WebPage","@id":"https:\/\/maarmo.it\/fr\/nouveaux-services\/","url":"https:\/\/maarmo.it\/fr\/nouveaux-services\/","name":"Nouveaux services - MAARMO","isPartOf":{"@id":"https:\/\/maarmo.it\/fr\/#website"},"primaryImageOfPage":{"@id":"https:\/\/maarmo.it\/fr\/nouveaux-services\/#primaryimage"},"image":{"@id":"https:\/\/maarmo.it\/fr\/nouveaux-services\/#primaryimage"},"thumbnailUrl":"https:\/\/maarmo.it\/wp-content\/uploads\/2025\/10\/gruppo-di-lavoro.jpg","datePublished":"2025-10-30T10:11:21+00:00","dateModified":"2025-10-30T10:27:37+00:00","description":"MAARMO accompagne clients et architectes dans le choix des radiateurs et la conception d\u2019espaces harmonieux et fonctionnels, pour un confort durable au quotidien.","breadcrumb":{"@id":"https:\/\/maarmo.it\/fr\/nouveaux-services\/#breadcrumb"},"inLanguage":"fr-FR","potentialAction":[{"@type":"ReadAction","target":["https:\/\/maarmo.it\/fr\/nouveaux-services\/"]}]},{"@type":"ImageObject","inLanguage":"fr-FR","@id":"https:\/\/maarmo.it\/fr\/nouveaux-services\/#primaryimage","url":"https:\/\/maarmo.it\/wp-content\/uploads\/2025\/10\/gruppo-di-lavoro.jpg","contentUrl":"https:\/\/maarmo.it\/wp-content\/uploads\/2025\/10\/gruppo-di-lavoro.jpg"},{"@type":"BreadcrumbList","@id":"https:\/\/maarmo.it\/fr\/nouveaux-services\/#breadcrumb","itemListElement":[{"@type":"ListItem","position":1,"name":"Home","item":"https:\/\/maarmo.it\/fr\/"},{"@type":"ListItem","position":2,"name":"Nouveaux services"}]},{"@type":"WebSite","@id":"https:\/\/maarmo.it\/fr\/#website","url":"https:\/\/maarmo.it\/fr\/","name":"MAARMO","description":"","publisher":{"@id":"https:\/\/maarmo.it\/fr\/#organization"},"potentialAction":[{"@type":"SearchAction","target":{"@type":"EntryPoint","urlTemplate":"https:\/\/maarmo.it\/fr\/?s={search_term_string}"},"query-input":{"@type":"PropertyValueSpecification","valueRequired":true,"valueName":"search_term_string"}}],"inLanguage":"fr-FR"},{"@type":"Organization","@id":"https:\/\/maarmo.it\/fr\/#organization","name":"MAARMO","url":"https:\/\/maarmo.it\/fr\/","logo":{"@type":"ImageObject","inLanguage":"fr-FR","@id":"https:\/\/maarmo.it\/fr\/#\/schema\/logo\/image\/","url":"https:\/\/maarmo.it\/wp-content\/uploads\/2023\/03\/MAARMO-new-white-logo-payoff.png","contentUrl":"https:\/\/maarmo.it\/wp-content\/uploads\/2023\/03\/MAARMO-new-white-logo-payoff.png","width":360,"height":90,"caption":"MAARMO"},"image":{"@id":"https:\/\/maarmo.it\/fr\/#\/schema\/logo\/image\/"},"sameAs":["https:\/\/www.facebook.com\/maarmosrl\/"]}]}},"_links":{"self":[{"href":"https:\/\/maarmo.it\/fr\/wp-json\/wp\/v2\/pages\/9286","targetHints":{"allow":["GET"]}}],"collection":[{"href":"https:\/\/maarmo.it\/fr\/wp-json\/wp\/v2\/pages"}],"about":[{"href":"https:\/\/maarmo.it\/fr\/wp-json\/wp\/v2\/types\/page"}],"author":[{"embeddable":true,"href":"https:\/\/maarmo.it\/fr\/wp-json\/wp\/v2\/users\/5"}],"replies":[{"embeddable":true,"href":"https:\/\/maarmo.it\/fr\/wp-json\/wp\/v2\/comments?post=9286"}],"version-history":[{"count":4,"href":"https:\/\/maarmo.it\/fr\/wp-json\/wp\/v2\/pages\/9286\/revisions"}],"predecessor-version":[{"id":9290,"href":"https:\/\/maarmo.it\/fr\/wp-json\/wp\/v2\/pages\/9286\/revisions\/9290"}],"wp:attachment":[{"href":"https:\/\/maarmo.it\/fr\/wp-json\/wp\/v2\/media?parent=9286"}],"curies":[{"name":"wp","href":"https:\/\/api.w.org\/{rel}","templated":true}]}}